{"id":135381,"date":"2022-05-24T15:03:54","date_gmt":"2022-05-24T14:03:54","guid":{"rendered":"https:\/\/theinvisiblecollection.com\/?post_type=product&#038;p=135381"},"modified":"2026-05-08T04:40:04","modified_gmt":"2026-05-08T04:40:04","slug":"diurne-tapis-ikatu","status":"publish","type":"product","link":"https:\/\/theinvisiblecollection.com\/fr\/produit\/diurne-tapis-ikatu\/","title":{"rendered":"Tapis Ikatu"},"content":{"rendered":"<p style=\"text-align: justify;\"><span class=\"TextRun Highlight SCXW94912783 BCX0\" lang=\"FR-FR\" xml:lang=\"FR-FR\" data-contrast=\"auto\"><span class=\"NormalTextRun SCXW94912783 BCX0\">Le tapis <\/span><span class=\"NormalTextRun SpellingErrorV2Themed SCXW94912783 BCX0\">Ikatu<\/span><span class=\"NormalTextRun SCXW94912783 BCX0\"> de Raphael <\/span><span class=\"NormalTextRun SpellingErrorV2Themed SCXW94912783 BCX0\">Navot<\/span><span class=\"NormalTextRun SCXW94912783 BCX0\"> x Diurne est inspir\u00e9<\/span><span class=\"NormalTextRun SCXW94912783 BCX0\"> des<\/span><span class=\"NormalTextRun SCXW94912783 BCX0\">\u00a0terres <\/span><span class=\"NormalTextRun SCXW94912783 BCX0\">naturelles<\/span><span class=\"NormalTextRun SCXW94912783 BCX0\"> non <\/span><span class=\"NormalTextRun SCXW94912783 BCX0\">touch\u00e9es<\/span><span class=\"NormalTextRun SCXW94912783 BCX0\"> dans le district de <\/span><span class=\"NormalTextRun SpellingErrorV2Themed SCXW94912783 BCX0\">Mwinilunga<\/span><span class=\"NormalTextRun SCXW94912783 BCX0\">, dans le <\/span><span class=\"NormalTextRun SCXW94912783 BCX0\">nord-ouest<\/span><span class=\"NormalTextRun SCXW94912783 BCX0\"> de la <\/span><span class=\"NormalTextRun SCXW94912783 BCX0\">Zambie<\/span><span class=\"NormalTextRun SCXW94912783 BCX0\">. La <\/span><span class=\"NormalTextRun SCXW94912783 BCX0\">r\u00e9gion<\/span> <span class=\"NormalTextRun SCXW94912783 BCX0\">est<\/span> <span class=\"NormalTextRun SCXW94912783 BCX0\">nomm\u00e9e<\/span> <span class=\"NormalTextRun SpellingErrorV2Themed SCXW94912783 BCX0\">Ikatu<\/span><span class=\"NormalTextRun SCXW94912783 BCX0\">.<\/span><\/span><span class=\"EOP SCXW94912783 BCX0\" data-ccp-props=\"{&quot;201341983&quot;:0,&quot;335559740&quot;:259}\">\u00a0<\/span><\/p>\n","protected":false},"excerpt":{"rendered":"<p>Tapis nou\u00e9 \u00e0 la main<br \/>\n100% lin<br \/>\n100 000 n\u0153uds tib\u00e9tain<br \/>\nDimensions et couleurs sur-mesure sur demande<\/p>\n<p>L 200 x l 297 cm<\/p>\n<p>Nou\u00e9 \u00e0 la main au N\u00e9pal<br \/>\nD\u00e9lais de fabrication : 19 semaines<\/p>\n<p class=\"p1\"><span style=\"text-decoration: underline;\"><span class=\"s1\"><a href=\"https:\/\/www.theinvisiblecollection.com\/demande-de-devis\/?product_id=135381\" target=\"_blank\" rel=\"noopener\">Contactez-nous pour toute demande de devis ou de renseignements<\/a><\/span><\/span><\/p>\n","protected":false},"featured_media":135389,"template":"","meta":{"_acf_changed":false,"content-type":"","_themeisle_gutenberg_block_has_review":false},"product_brand":[],"product_cat":[8183,12540],"product_tag":[],"product_designer":[17629],"comfabric":[],"manufacturer":[17631],"reporting_designer":[37796],"samplecomfabric":[],"designer_clubroom":[],"class_list":{"0":"post-135381","1":"product","2":"type-product","3":"status-publish","4":"has-post-thumbnail","6":"product_cat-tapis-noues-a-la-main","7":"product_cat-tapis-fr","8":"pa_size-dimensions-standards","9":"pa_size-dimensions-sur-mesure-fr","10":"product_designer-diurne-fr","11":"manufacturer-diurne-fr","12":"reporting_designer-diurne","14":"first","15":"instock","16":"taxable","17":"shipping-taxable","18":"purchasable","19":"product-type-variable"},"acf":[],"_links":{"self":[{"href":"https:\/\/theinvisiblecollection.com\/fr\/wp-json\/wp\/v2\/product\/135381","targetHints":{"allow":["GET"]}}],"collection":[{"href":"https:\/\/theinvisiblecollection.com\/fr\/wp-json\/wp\/v2\/product"}],"about":[{"href":"https:\/\/theinvisiblecollection.com\/fr\/wp-json\/wp\/v2\/types\/product"}],"wp:featuredmedia":[{"embeddable":true,"href":"https:\/\/theinvisiblecollection.com\/fr\/wp-json\/wp\/v2\/media\/135389"}],"wp:attachment":[{"href":"https:\/\/theinvisiblecollection.com\/fr\/wp-json\/wp\/v2\/media?parent=135381"}],"wp:term":[{"taxonomy":"product_brand","embeddable":true,"href":"https:\/\/theinvisiblecollection.com\/fr\/wp-json\/wp\/v2\/product_brand?post=135381"},{"taxonomy":"product_cat","embeddable":true,"href":"https:\/\/theinvisiblecollection.com\/fr\/wp-json\/wp\/v2\/product_cat?post=135381"},{"taxonomy":"product_tag","embeddable":true,"href":"https:\/\/theinvisiblecollection.com\/fr\/wp-json\/wp\/v2\/product_tag?post=135381"},{"taxonomy":"product_designer","embeddable":true,"href":"https:\/\/theinvisiblecollection.com\/fr\/wp-json\/wp\/v2\/product_designer?post=135381"},{"taxonomy":"comfabric","embeddable":true,"href":"https:\/\/theinvisiblecollection.com\/fr\/wp-json\/wp\/v2\/comfabric?post=135381"},{"taxonomy":"manufacturer","embeddable":true,"href":"https:\/\/theinvisiblecollection.com\/fr\/wp-json\/wp\/v2\/manufacturer?post=135381"},{"taxonomy":"reporting_designer","embeddable":true,"href":"https:\/\/theinvisiblecollection.com\/fr\/wp-json\/wp\/v2\/reporting_designer?post=135381"},{"taxonomy":"samplecomfabric","embeddable":true,"href":"https:\/\/theinvisiblecollection.com\/fr\/wp-json\/wp\/v2\/samplecomfabric?post=135381"},{"taxonomy":"clubroom_product_designer","embeddable":true,"href":"https:\/\/theinvisiblecollection.com\/fr\/wp-json\/wp\/v2\/designer_clubroom?post=135381"}],"curies":[{"name":"wp","href":"https:\/\/api.w.org\/{rel}","templated":true}]}}