{"id":135395,"date":"2023-07-07T10:50:16","date_gmt":"2023-07-07T09:50:16","guid":{"rendered":"https:\/\/theinvisiblecollection.com\/?post_type=product&#038;p=135395"},"modified":"2026-05-08T04:40:04","modified_gmt":"2026-05-08T04:40:04","slug":"diurne-tapis-noma","status":"publish","type":"product","link":"https:\/\/theinvisiblecollection.com\/fr\/produit\/diurne-tapis-noma\/","title":{"rendered":"Tapis Noma"},"content":{"rendered":"<p style=\"text-align: justify;\"><span class=\"TextRun Highlight SCXW256541650 BCX0\" lang=\"FR-FR\" xml:lang=\"FR-FR\" data-contrast=\"auto\"><span class=\"NormalTextRun SCXW256541650 BCX0\">Le tapis <\/span><span class=\"NormalTextRun SpellingErrorV2Themed SCXW256541650 BCX0\">Noma<\/span><span class=\"NormalTextRun SCXW256541650 BCX0\"> de Raphael <\/span><span class=\"NormalTextRun SpellingErrorV2Themed SCXW256541650 BCX0\">Navot<\/span><span class=\"NormalTextRun SCXW256541650 BCX0\"> x Diurne est inspir\u00e9 des c<\/span><span class=\"NormalTextRun SCXW256541650 BCX0\">hamps de boue et agriculture de haricots <\/span><span class=\"NormalTextRun SpellingErrorV2Themed SCXW256541650 BCX0\">catarino<\/span><span class=\"NormalTextRun SCXW256541650 BCX0\"> dans le Lunda Sul en Angola, dans la ville de <\/span><span class=\"NormalTextRun SpellingErrorV2Themed SCXW256541650 BCX0\">Noma.<\/span><\/span><\/p>\n","protected":false},"excerpt":{"rendered":"<p>Tapis nou\u00e9 \u00e0 la main<br \/>\n100% lin<br \/>\n150 000 n\u0153uds tib\u00e9tain<br \/>\nDimensions et couleurs sur-mesure sur demande<\/p>\n<p>L 212 x l 338 cm<\/p>\n<p>Nou\u00e9 \u00e0 la main au N\u00e9pal<br \/>\nD\u00e9lais de fabrication : 19 semaines<\/p>\n<p class=\"p1\"><span style=\"text-decoration: underline;\"><span class=\"s1\"><a href=\"https:\/\/www.theinvisiblecollection.com\/demande-de-devis\/?product_id=135395\" target=\"_blank\" rel=\"noopener\">Contactez-nous pour toute demande de devis ou de renseignements<\/a><\/span><\/span><\/p>\n","protected":false},"featured_media":135403,"template":"","meta":{"_acf_changed":false,"content-type":"","_themeisle_gutenberg_block_has_review":false},"product_brand":[],"product_cat":[8183,12540],"product_tag":[14925],"product_designer":[17629],"comfabric":[],"manufacturer":[17631],"reporting_designer":[37796],"samplecomfabric":[],"designer_clubroom":[],"class_list":{"0":"post-135395","1":"product","2":"type-product","3":"status-publish","4":"has-post-thumbnail","6":"product_cat-tapis-noues-a-la-main","7":"product_cat-tapis-fr","8":"product_tag-hpfav-fr","9":"pa_size-dimensions-standards","10":"pa_size-dimensions-sur-mesure-fr","11":"product_designer-diurne-fr","12":"manufacturer-diurne-fr","13":"reporting_designer-diurne","15":"first","16":"instock","17":"taxable","18":"shipping-taxable","19":"purchasable","20":"product-type-variable"},"acf":[],"_links":{"self":[{"href":"https:\/\/theinvisiblecollection.com\/fr\/wp-json\/wp\/v2\/product\/135395","targetHints":{"allow":["GET"]}}],"collection":[{"href":"https:\/\/theinvisiblecollection.com\/fr\/wp-json\/wp\/v2\/product"}],"about":[{"href":"https:\/\/theinvisiblecollection.com\/fr\/wp-json\/wp\/v2\/types\/product"}],"wp:featuredmedia":[{"embeddable":true,"href":"https:\/\/theinvisiblecollection.com\/fr\/wp-json\/wp\/v2\/media\/135403"}],"wp:attachment":[{"href":"https:\/\/theinvisiblecollection.com\/fr\/wp-json\/wp\/v2\/media?parent=135395"}],"wp:term":[{"taxonomy":"product_brand","embeddable":true,"href":"https:\/\/theinvisiblecollection.com\/fr\/wp-json\/wp\/v2\/product_brand?post=135395"},{"taxonomy":"product_cat","embeddable":true,"href":"https:\/\/theinvisiblecollection.com\/fr\/wp-json\/wp\/v2\/product_cat?post=135395"},{"taxonomy":"product_tag","embeddable":true,"href":"https:\/\/theinvisiblecollection.com\/fr\/wp-json\/wp\/v2\/product_tag?post=135395"},{"taxonomy":"product_designer","embeddable":true,"href":"https:\/\/theinvisiblecollection.com\/fr\/wp-json\/wp\/v2\/product_designer?post=135395"},{"taxonomy":"comfabric","embeddable":true,"href":"https:\/\/theinvisiblecollection.com\/fr\/wp-json\/wp\/v2\/comfabric?post=135395"},{"taxonomy":"manufacturer","embeddable":true,"href":"https:\/\/theinvisiblecollection.com\/fr\/wp-json\/wp\/v2\/manufacturer?post=135395"},{"taxonomy":"reporting_designer","embeddable":true,"href":"https:\/\/theinvisiblecollection.com\/fr\/wp-json\/wp\/v2\/reporting_designer?post=135395"},{"taxonomy":"samplecomfabric","embeddable":true,"href":"https:\/\/theinvisiblecollection.com\/fr\/wp-json\/wp\/v2\/samplecomfabric?post=135395"},{"taxonomy":"clubroom_product_designer","embeddable":true,"href":"https:\/\/theinvisiblecollection.com\/fr\/wp-json\/wp\/v2\/designer_clubroom?post=135395"}],"curies":[{"name":"wp","href":"https:\/\/api.w.org\/{rel}","templated":true}]}}