{"id":135872,"date":"2025-02-20T12:36:11","date_gmt":"2025-02-20T12:36:11","guid":{"rendered":"https:\/\/theinvisiblecollection.com\/?post_type=product&#038;p=135872"},"modified":"2026-05-01T07:38:49","modified_gmt":"2026-05-01T07:38:49","slug":"diurn-tapis-milo","status":"publish","type":"product","link":"https:\/\/theinvisiblecollection.com\/fr\/produit\/diurn-tapis-milo\/","title":{"rendered":"Tapis Milo"},"content":{"rendered":"<p style=\"text-align: justify;\"><span class=\"NormalTextRun SCXW244952727 BCX0\">Les tapis Flavio, Livio, Luca et Milo de la collection <\/span><span class=\"NormalTextRun SpellingErrorV2Themed SCXW244952727 BCX0\">Cosmati<\/span><span class=\"NormalTextRun SCXW244952727 BCX0\"> de Charles Zana x Diurne est un hommage aux mosa\u00efstes italiens et \u00e0 cette fa\u00e7on de poser des carreaux brillants lumineux et pr\u00e9cieux sur un lit de ciment, mat, de couleur \u00ab gris chantier \u00bb et brut. La s\u00e9rie transpose ces effets, la soie pour le pr\u00e9cieux et le lumineux, une laine mate, extraite du mouton sans \u00eatre teinte pour le \u00ab lit \u00bb qui les accueille. De cette fa\u00e7on Charles Zana vient chercher chez Diurne ce que nous voulons offrir. Une certaine qualit\u00e9 d\u2019interpr\u00e9tation d\u2019un d\u00e9sir d\u2019artiste transpos\u00e9e dans un savoir &#8211; faire dans le domaine de l\u2019artisanat du tapis.<\/span><\/p>\n","protected":false},"excerpt":{"rendered":"<p>Tapis nou\u00e9 \u00e0 la main<br \/>\n82% laine, 18% soie<br \/>\n100 000 n\u0153uds tib\u00e9tain<br \/>\nDimensions et couleurs sur-mesure sur demande<\/p>\n<p>247 x 186 cm<\/p>\n<p>Nou\u00e9 \u00e0 la main au N\u00e9pal<br \/>\nD\u00e9lais de fabrication : 15 semaines<\/p>\n<p class=\"p1\"><span style=\"text-decoration: underline;\"><span class=\"s1\"><a href=\"https:\/\/www.theinvisiblecollection.com\/demande-de-devis\/?product_id=135531\" target=\"_blank\" rel=\"noopener\">Contactez-nous pour toute demande de devis ou de renseignements<\/a><\/span><\/span><\/p>\n","protected":false},"featured_media":135876,"template":"","meta":{"_acf_changed":false,"content-type":"","_themeisle_gutenberg_block_has_review":false},"product_brand":[],"product_cat":[8183,12540],"product_tag":[35206],"product_designer":[8871,17629],"comfabric":[],"manufacturer":[17631],"reporting_designer":[37682,37796],"samplecomfabric":[],"designer_clubroom":[],"class_list":{"0":"post-135872","1":"product","2":"type-product","3":"status-publish","4":"has-post-thumbnail","6":"product_cat-tapis-noues-a-la-main","7":"product_cat-tapis-fr","8":"product_tag-exclusive-fr","9":"pa_size-dimensions-standards","10":"pa_size-dimensions-sur-mesure-fr","11":"product_designer-charles-zana-fr","12":"product_designer-diurne-fr","13":"manufacturer-diurne-fr","14":"reporting_designer-charles-zana","15":"reporting_designer-diurne","17":"first","18":"instock","19":"taxable","20":"shipping-taxable","21":"purchasable","22":"product-type-variable"},"acf":[],"_links":{"self":[{"href":"https:\/\/theinvisiblecollection.com\/fr\/wp-json\/wp\/v2\/product\/135872","targetHints":{"allow":["GET"]}}],"collection":[{"href":"https:\/\/theinvisiblecollection.com\/fr\/wp-json\/wp\/v2\/product"}],"about":[{"href":"https:\/\/theinvisiblecollection.com\/fr\/wp-json\/wp\/v2\/types\/product"}],"wp:featuredmedia":[{"embeddable":true,"href":"https:\/\/theinvisiblecollection.com\/fr\/wp-json\/wp\/v2\/media\/135876"}],"wp:attachment":[{"href":"https:\/\/theinvisiblecollection.com\/fr\/wp-json\/wp\/v2\/media?parent=135872"}],"wp:term":[{"taxonomy":"product_brand","embeddable":true,"href":"https:\/\/theinvisiblecollection.com\/fr\/wp-json\/wp\/v2\/product_brand?post=135872"},{"taxonomy":"product_cat","embeddable":true,"href":"https:\/\/theinvisiblecollection.com\/fr\/wp-json\/wp\/v2\/product_cat?post=135872"},{"taxonomy":"product_tag","embeddable":true,"href":"https:\/\/theinvisiblecollection.com\/fr\/wp-json\/wp\/v2\/product_tag?post=135872"},{"taxonomy":"product_designer","embeddable":true,"href":"https:\/\/theinvisiblecollection.com\/fr\/wp-json\/wp\/v2\/product_designer?post=135872"},{"taxonomy":"comfabric","embeddable":true,"href":"https:\/\/theinvisiblecollection.com\/fr\/wp-json\/wp\/v2\/comfabric?post=135872"},{"taxonomy":"manufacturer","embeddable":true,"href":"https:\/\/theinvisiblecollection.com\/fr\/wp-json\/wp\/v2\/manufacturer?post=135872"},{"taxonomy":"reporting_designer","embeddable":true,"href":"https:\/\/theinvisiblecollection.com\/fr\/wp-json\/wp\/v2\/reporting_designer?post=135872"},{"taxonomy":"samplecomfabric","embeddable":true,"href":"https:\/\/theinvisiblecollection.com\/fr\/wp-json\/wp\/v2\/samplecomfabric?post=135872"},{"taxonomy":"clubroom_product_designer","embeddable":true,"href":"https:\/\/theinvisiblecollection.com\/fr\/wp-json\/wp\/v2\/designer_clubroom?post=135872"}],"curies":[{"name":"wp","href":"https:\/\/api.w.org\/{rel}","templated":true}]}}