{"id":136266,"date":"2022-05-30T15:47:28","date_gmt":"2022-05-30T14:47:28","guid":{"rendered":"https:\/\/theinvisiblecollection.com\/?post_type=product&#038;p=136266"},"modified":"2026-05-01T07:38:49","modified_gmt":"2026-05-01T07:38:49","slug":"diurne-tapis-grand-fleuve-39","status":"publish","type":"product","link":"https:\/\/theinvisiblecollection.com\/fr\/produit\/diurne-tapis-grand-fleuve-39\/","title":{"rendered":"Tapis Grand Fleuve 39"},"content":{"rendered":"<p style=\"text-align: justify;\"><span class=\"TextRun Highlight SCXW60286160 BCX0\" lang=\"FR-FR\" xml:lang=\"FR-FR\" data-contrast=\"auto\"><span class=\"NormalTextRun SCXW60286160 BCX0\">Comme souvent dans les collections de Marcel <\/span><span class=\"NormalTextRun SpellingErrorV2Themed SCXW60286160 BCX0\">Zelmanovitch<\/span><span class=\"NormalTextRun SCXW60286160 BCX0\">, c\u2019est un effet particulier de la mati\u00e8re du tapis d\u2019artisanat que le d\u00e9cor cherche \u00e0 mettre en sc\u00e8ne et c\u2019est de l\u2019exaltation du mat\u00e9riau, de sa texture et de sa force expressive, que na\u00eet le r\u00eave. La lumi\u00e8re est au <\/span><span class=\"NormalTextRun SpellingErrorV2Themed SCXW60286160 BCX0\">coeur<\/span><span class=\"NormalTextRun SCXW60286160 BCX0\"> de toutes les cr\u00e9ations textiles de la Galerie Diurne, qui lui rend hommage par son nom. Voyageur curieux, cr\u00e9ateur enthousiaste, Marcel <\/span><span class=\"NormalTextRun SpellingErrorV2Themed SCXW60286160 BCX0\">Zelmanovitch<\/span><span class=\"NormalTextRun SCXW60286160 BCX0\"> d\u00e9couvre chaque aurore comme une promesse de renouveau. Les tapis de la collection \u00ab Grand Fleuve \u00bb, de Marcel <\/span><span class=\"NormalTextRun SpellingErrorV2Themed SCXW60286160 BCX0\">Zelmanovitch<\/span><span class=\"NormalTextRun SCXW60286160 BCX0\"> ont \u00e9t\u00e9 tiss\u00e9s en chanvre pour cette nouvelle \u00e9dition : un voyage visuel et tactile qui \u00e9voque l\u2019Afrique, ses forces telluriques et la puissance de ses contrastes\u2026<\/span><\/span><span class=\"EOP SCXW60286160 BCX0\" data-ccp-props=\"{&quot;201341983&quot;:0,&quot;335559740&quot;:259}\">\u00a0<\/span><\/p>\n","protected":false},"excerpt":{"rendered":"<p>Tapis nou\u00e9 \u00e0 la main<br \/>\n67% laine, 33% soie<br \/>\n150 000 n\u0153uds tib\u00e9tains<br \/>\nDimensions et couleurs sur-mesure sur demande<\/p>\n<p>L 300 x l 410 cm<\/p>\n<p>Nou\u00e9 \u00e0 la main au N\u00e9pal<br \/>\nD\u00e9lais de fabrication : 20 semaines<\/p>\n<p class=\"p1\"><span style=\"text-decoration: underline;\"><span class=\"s1\"><a href=\"https:\/\/www.theinvisiblecollection.com\/demande-de-devis\/?product_id=136266\" target=\"_blank\" rel=\"noopener\">Contactez-nous pour toute demande de devis ou de renseignements<\/a><\/span><\/span><\/p>\n","protected":false},"featured_media":136275,"template":"","meta":{"_acf_changed":false,"content-type":"","_themeisle_gutenberg_block_has_review":false},"product_brand":[],"product_cat":[8183,12540],"product_tag":[],"product_designer":[17629],"comfabric":[],"manufacturer":[17631],"reporting_designer":[37796],"samplecomfabric":[],"designer_clubroom":[],"class_list":{"0":"post-136266","1":"product","2":"type-product","3":"status-publish","4":"has-post-thumbnail","6":"product_cat-tapis-noues-a-la-main","7":"product_cat-tapis-fr","8":"pa_size-dimensions-standards","9":"pa_size-dimensions-sur-mesure-fr","10":"product_designer-diurne-fr","11":"manufacturer-diurne-fr","12":"reporting_designer-diurne","14":"first","15":"instock","16":"taxable","17":"shipping-taxable","18":"purchasable","19":"product-type-variable"},"acf":[],"_links":{"self":[{"href":"https:\/\/theinvisiblecollection.com\/fr\/wp-json\/wp\/v2\/product\/136266","targetHints":{"allow":["GET"]}}],"collection":[{"href":"https:\/\/theinvisiblecollection.com\/fr\/wp-json\/wp\/v2\/product"}],"about":[{"href":"https:\/\/theinvisiblecollection.com\/fr\/wp-json\/wp\/v2\/types\/product"}],"wp:featuredmedia":[{"embeddable":true,"href":"https:\/\/theinvisiblecollection.com\/fr\/wp-json\/wp\/v2\/media\/136275"}],"wp:attachment":[{"href":"https:\/\/theinvisiblecollection.com\/fr\/wp-json\/wp\/v2\/media?parent=136266"}],"wp:term":[{"taxonomy":"product_brand","embeddable":true,"href":"https:\/\/theinvisiblecollection.com\/fr\/wp-json\/wp\/v2\/product_brand?post=136266"},{"taxonomy":"product_cat","embeddable":true,"href":"https:\/\/theinvisiblecollection.com\/fr\/wp-json\/wp\/v2\/product_cat?post=136266"},{"taxonomy":"product_tag","embeddable":true,"href":"https:\/\/theinvisiblecollection.com\/fr\/wp-json\/wp\/v2\/product_tag?post=136266"},{"taxonomy":"product_designer","embeddable":true,"href":"https:\/\/theinvisiblecollection.com\/fr\/wp-json\/wp\/v2\/product_designer?post=136266"},{"taxonomy":"comfabric","embeddable":true,"href":"https:\/\/theinvisiblecollection.com\/fr\/wp-json\/wp\/v2\/comfabric?post=136266"},{"taxonomy":"manufacturer","embeddable":true,"href":"https:\/\/theinvisiblecollection.com\/fr\/wp-json\/wp\/v2\/manufacturer?post=136266"},{"taxonomy":"reporting_designer","embeddable":true,"href":"https:\/\/theinvisiblecollection.com\/fr\/wp-json\/wp\/v2\/reporting_designer?post=136266"},{"taxonomy":"samplecomfabric","embeddable":true,"href":"https:\/\/theinvisiblecollection.com\/fr\/wp-json\/wp\/v2\/samplecomfabric?post=136266"},{"taxonomy":"clubroom_product_designer","embeddable":true,"href":"https:\/\/theinvisiblecollection.com\/fr\/wp-json\/wp\/v2\/designer_clubroom?post=136266"}],"curies":[{"name":"wp","href":"https:\/\/api.w.org\/{rel}","templated":true}]}}