{"id":136613,"date":"2022-05-31T13:50:25","date_gmt":"2022-05-31T12:50:25","guid":{"rendered":"https:\/\/theinvisiblecollection.com\/?post_type=product&#038;p=136613"},"modified":"2026-05-08T04:40:02","modified_gmt":"2026-05-08T04:40:02","slug":"tapis-lignes-fluides-02","status":"publish","type":"product","link":"https:\/\/theinvisiblecollection.com\/fr\/produit\/tapis-lignes-fluides-02\/","title":{"rendered":"Tapis Lignes Fluides 02"},"content":{"rendered":"<p style=\"text-align: justify;\"><span class=\"TextRun SCXW116270704 BCX0\" lang=\"FR-FR\" xml:lang=\"FR-FR\" data-contrast=\"auto\"><span class=\"NormalTextRun SCXW116270704 BCX0\">La collection de tapis Lignes Fluides par Marcel <\/span><span class=\"NormalTextRun SpellingErrorV2Themed SCXW116270704 BCX0\">Zelmanovitch<\/span><span class=\"NormalTextRun SCXW116270704 BCX0\"> int\u00e8gre la pratique du &#8220;zen&#8221; qui se caract\u00e9rise par le hasard et la <\/span><span class=\"NormalTextRun SCXW116270704 BCX0\">non-intentionnalit\u00e9<\/span><span class=\"NormalTextRun SCXW116270704 BCX0\"> de l&#8217;artiste. Une d\u00e9marche qui conf\u00e8re \u00e0 cette composition de Lignes Fluides un caract\u00e8re m\u00e9ditatif et une dynamique autonome. Dans un \u00e9tat de r\u00eaverie, l\u2019esprit flotte et se perd, tandis que la main subtilement prend le relais et s\u2019abandonne pour d\u00e9poser une combinaison al\u00e9atoire de points : \u00e9tape pr\u00e9liminaire au d\u00e9veloppement de variation de courbes et d\u2019harmonies qui se dessinent.<\/span><\/span><span class=\"EOP SCXW116270704 BCX0\" data-ccp-props=\"{&quot;201341983&quot;:0,&quot;335559740&quot;:259}\">\u00a0<\/span><\/p>\n","protected":false},"excerpt":{"rendered":"<p>Tapis nou\u00e9 \u00e0 la main<br \/>\n100% laine<br \/>\n200 000 n\u0153uds tib\u00e9tains<br \/>\nDimensions et couleurs sur-mesure sur demande<\/p>\n<p>L 266 x l 380 cm<\/p>\n<p>Nou\u00e9 \u00e0 la main au N\u00e9pal<br \/>\nD\u00e9lais de fabrication : 24 semaines<\/p>\n<p class=\"p1\"><span style=\"text-decoration: underline;\"><span class=\"s1\"><a href=\"https:\/\/www.theinvisiblecollection.com\/demande-de-devis\/?product_id=136613\" target=\"_blank\" rel=\"noopener\">Contactez-nous pour toute demande de devis ou de renseignements<\/a><\/span><\/span><\/p>\n","protected":false},"featured_media":136619,"template":"","meta":{"_acf_changed":false,"content-type":"","_themeisle_gutenberg_block_has_review":false},"product_brand":[],"product_cat":[8183,12540],"product_tag":[],"product_designer":[17629],"comfabric":[],"manufacturer":[17631],"reporting_designer":[37796],"samplecomfabric":[],"designer_clubroom":[],"class_list":{"0":"post-136613","1":"product","2":"type-product","3":"status-publish","4":"has-post-thumbnail","6":"product_cat-tapis-noues-a-la-main","7":"product_cat-tapis-fr","8":"pa_size-dimensions-standards","9":"pa_size-dimensions-sur-mesure-fr","10":"product_designer-diurne-fr","11":"manufacturer-diurne-fr","12":"reporting_designer-diurne","14":"first","15":"instock","16":"taxable","17":"shipping-taxable","18":"purchasable","19":"product-type-variable"},"acf":[],"_links":{"self":[{"href":"https:\/\/theinvisiblecollection.com\/fr\/wp-json\/wp\/v2\/product\/136613","targetHints":{"allow":["GET"]}}],"collection":[{"href":"https:\/\/theinvisiblecollection.com\/fr\/wp-json\/wp\/v2\/product"}],"about":[{"href":"https:\/\/theinvisiblecollection.com\/fr\/wp-json\/wp\/v2\/types\/product"}],"wp:featuredmedia":[{"embeddable":true,"href":"https:\/\/theinvisiblecollection.com\/fr\/wp-json\/wp\/v2\/media\/136619"}],"wp:attachment":[{"href":"https:\/\/theinvisiblecollection.com\/fr\/wp-json\/wp\/v2\/media?parent=136613"}],"wp:term":[{"taxonomy":"product_brand","embeddable":true,"href":"https:\/\/theinvisiblecollection.com\/fr\/wp-json\/wp\/v2\/product_brand?post=136613"},{"taxonomy":"product_cat","embeddable":true,"href":"https:\/\/theinvisiblecollection.com\/fr\/wp-json\/wp\/v2\/product_cat?post=136613"},{"taxonomy":"product_tag","embeddable":true,"href":"https:\/\/theinvisiblecollection.com\/fr\/wp-json\/wp\/v2\/product_tag?post=136613"},{"taxonomy":"product_designer","embeddable":true,"href":"https:\/\/theinvisiblecollection.com\/fr\/wp-json\/wp\/v2\/product_designer?post=136613"},{"taxonomy":"comfabric","embeddable":true,"href":"https:\/\/theinvisiblecollection.com\/fr\/wp-json\/wp\/v2\/comfabric?post=136613"},{"taxonomy":"manufacturer","embeddable":true,"href":"https:\/\/theinvisiblecollection.com\/fr\/wp-json\/wp\/v2\/manufacturer?post=136613"},{"taxonomy":"reporting_designer","embeddable":true,"href":"https:\/\/theinvisiblecollection.com\/fr\/wp-json\/wp\/v2\/reporting_designer?post=136613"},{"taxonomy":"samplecomfabric","embeddable":true,"href":"https:\/\/theinvisiblecollection.com\/fr\/wp-json\/wp\/v2\/samplecomfabric?post=136613"},{"taxonomy":"clubroom_product_designer","embeddable":true,"href":"https:\/\/theinvisiblecollection.com\/fr\/wp-json\/wp\/v2\/designer_clubroom?post=136613"}],"curies":[{"name":"wp","href":"https:\/\/api.w.org\/{rel}","templated":true}]}}