{"id":136762,"date":"2022-06-01T16:26:30","date_gmt":"2022-06-01T15:26:30","guid":{"rendered":"https:\/\/theinvisiblecollection.com\/?post_type=product&#038;p=136762"},"modified":"2026-05-01T07:38:49","modified_gmt":"2026-05-01T07:38:49","slug":"diurne-tapis-kitty","status":"publish","type":"product","link":"https:\/\/theinvisiblecollection.com\/fr\/produit\/diurne-tapis-kitty\/","title":{"rendered":"Tapis Kitty"},"content":{"rendered":"<p style=\"text-align: justify;\"><span class=\"TextRun Highlight SCXW139817935 BCX0\" lang=\"FR-FR\" xml:lang=\"FR-FR\" data-contrast=\"auto\"><span class=\"NormalTextRun SCXW139817935 BCX0\">Les tapis Josef, Kitty et Oskar de Luc Deflandre x Diurne s&#8217;inspirent des lignes structurelles qui encadrent un espace. Luc Deflandre a choisi ces motifs abstraits et universels pour d\u00e9velopper une vari\u00e9t\u00e9 de palettes de couleurs, d\u00e9finies par un\u00a0<\/span><span class=\"NormalTextRun SCXW139817935 BCX0\">jeu de <\/span><span class=\"NormalTextRun SCXW139817935 BCX0\">lignes<\/span> <span class=\"NormalTextRun SCXW139817935 BCX0\">verticales<\/span><span class=\"NormalTextRun SCXW139817935 BCX0\"> et <\/span><span class=\"NormalTextRun SCXW139817935 BCX0\">horizontales. <\/span><span class=\"NormalTextRun SCXW139817935 BCX0\">Les lignes s&#8217;entrelacent et se chevauchent, elles s&#8217;\u00e9paississent et se transforment, et finissent par modifier l&#8217;espace et son volume. Luc Deflandre r\u00e9interpr\u00e8te le langage visuel des lignes en explorant une vari\u00e9t\u00e9 de m\u00e9tiers, de techniques et de mat\u00e9riaux.<\/span><\/span><span class=\"TextRun SCXW139817935 BCX0\" lang=\"FR-FR\" xml:lang=\"FR-FR\" data-contrast=\"auto\"><span class=\"NormalTextRun SCXW139817935 BCX0\">\u00a0\u00a0<\/span><\/span><\/p>\n","protected":false},"excerpt":{"rendered":"<p>Tapis nou\u00e9 \u00e0 la main<br \/>\n100% lin<br \/>\n150 000 n\u0153uds tib\u00e9tain<br \/>\nDimensions et couleurs sur-mesure sur demande<\/p>\n<p>L 90 x l 265 cm<\/p>\n<p>Nou\u00e9 \u00e0 la main au N\u00e9pal<br \/>\nD\u00e9lais de fabrication : 18 semaines<\/p>\n<p class=\"p1\"><span style=\"text-decoration: underline;\"><span class=\"s1\"><a href=\"https:\/\/www.theinvisiblecollection.com\/demande-de-devis\/?product_id=136762\" target=\"_blank\" rel=\"noopener\">Contactez-nous pour toute demande de devis ou de renseignements<\/a><\/span><\/span><\/p>\n","protected":false},"featured_media":136768,"template":"","meta":{"_acf_changed":false,"content-type":"","_themeisle_gutenberg_block_has_review":false},"product_brand":[],"product_cat":[8183,12540],"product_tag":[],"product_designer":[17629],"comfabric":[],"manufacturer":[17631],"reporting_designer":[37796],"samplecomfabric":[],"designer_clubroom":[],"class_list":{"0":"post-136762","1":"product","2":"type-product","3":"status-publish","4":"has-post-thumbnail","6":"product_cat-tapis-noues-a-la-main","7":"product_cat-tapis-fr","8":"pa_size-dimensions-standards","9":"pa_size-dimensions-sur-mesure-fr","10":"product_designer-diurne-fr","11":"manufacturer-diurne-fr","12":"reporting_designer-diurne","14":"first","15":"instock","16":"taxable","17":"shipping-taxable","18":"purchasable","19":"product-type-variable"},"acf":[],"_links":{"self":[{"href":"https:\/\/theinvisiblecollection.com\/fr\/wp-json\/wp\/v2\/product\/136762","targetHints":{"allow":["GET"]}}],"collection":[{"href":"https:\/\/theinvisiblecollection.com\/fr\/wp-json\/wp\/v2\/product"}],"about":[{"href":"https:\/\/theinvisiblecollection.com\/fr\/wp-json\/wp\/v2\/types\/product"}],"wp:featuredmedia":[{"embeddable":true,"href":"https:\/\/theinvisiblecollection.com\/fr\/wp-json\/wp\/v2\/media\/136768"}],"wp:attachment":[{"href":"https:\/\/theinvisiblecollection.com\/fr\/wp-json\/wp\/v2\/media?parent=136762"}],"wp:term":[{"taxonomy":"product_brand","embeddable":true,"href":"https:\/\/theinvisiblecollection.com\/fr\/wp-json\/wp\/v2\/product_brand?post=136762"},{"taxonomy":"product_cat","embeddable":true,"href":"https:\/\/theinvisiblecollection.com\/fr\/wp-json\/wp\/v2\/product_cat?post=136762"},{"taxonomy":"product_tag","embeddable":true,"href":"https:\/\/theinvisiblecollection.com\/fr\/wp-json\/wp\/v2\/product_tag?post=136762"},{"taxonomy":"product_designer","embeddable":true,"href":"https:\/\/theinvisiblecollection.com\/fr\/wp-json\/wp\/v2\/product_designer?post=136762"},{"taxonomy":"comfabric","embeddable":true,"href":"https:\/\/theinvisiblecollection.com\/fr\/wp-json\/wp\/v2\/comfabric?post=136762"},{"taxonomy":"manufacturer","embeddable":true,"href":"https:\/\/theinvisiblecollection.com\/fr\/wp-json\/wp\/v2\/manufacturer?post=136762"},{"taxonomy":"reporting_designer","embeddable":true,"href":"https:\/\/theinvisiblecollection.com\/fr\/wp-json\/wp\/v2\/reporting_designer?post=136762"},{"taxonomy":"samplecomfabric","embeddable":true,"href":"https:\/\/theinvisiblecollection.com\/fr\/wp-json\/wp\/v2\/samplecomfabric?post=136762"},{"taxonomy":"clubroom_product_designer","embeddable":true,"href":"https:\/\/theinvisiblecollection.com\/fr\/wp-json\/wp\/v2\/designer_clubroom?post=136762"}],"curies":[{"name":"wp","href":"https:\/\/api.w.org\/{rel}","templated":true}]}}