{"id":136809,"date":"2022-06-01T17:08:33","date_gmt":"2022-06-01T16:08:33","guid":{"rendered":"https:\/\/theinvisiblecollection.com\/?post_type=product&#038;p=136809"},"modified":"2026-05-01T07:38:49","modified_gmt":"2026-05-01T07:38:49","slug":"diurne-tapis-kimono-06","status":"publish","type":"product","link":"https:\/\/theinvisiblecollection.com\/fr\/produit\/diurne-tapis-kimono-06\/","title":{"rendered":"Tapis Kimono 06"},"content":{"rendered":"<p style=\"text-align: justify;\"><span class=\"TextRun SCXW2510722 BCX0\" lang=\"FR-FR\" xml:lang=\"FR-FR\" data-contrast=\"auto\"><span class=\"NormalTextRun SCXW2510722 BCX0\">Les <\/span><span class=\"NormalTextRun SCXW2510722 BCX0\">cr\u00e9ations<\/span><span class=\"NormalTextRun SCXW2510722 BCX0\"> de la collection Kimono <\/span><span class=\"NormalTextRun SCXW2510722 BCX0\">sont<\/span><span class=\"NormalTextRun SCXW2510722 BCX0\"> des <\/span><span class=\"NormalTextRun SCXW2510722 BCX0\">interpr\u00e9tations<\/span> <span class=\"NormalTextRun SCXW2510722 BCX0\">d\u2019estampes<\/span> <span class=\"NormalTextRun SCXW2510722 BCX0\">japonaises<\/span><span class=\"NormalTextRun SCXW2510722 BCX0\"> qui <\/span><span class=\"NormalTextRun SCXW2510722 BCX0\">repr\u00e9sentent<\/span><span class=\"NormalTextRun SCXW2510722 BCX0\"> des <\/span><span class=\"NormalTextRun SCXW2510722 BCX0\">acteurs<\/span><span class=\"NormalTextRun SCXW2510722 BCX0\"> du <\/span><span class=\"NormalTextRun SCXW2510722 BCX0\">th\u00e9\u00e2tre<\/span><span class=\"NormalTextRun SCXW2510722 BCX0\"> Kabuki, le plus <\/span><span class=\"NormalTextRun SCXW2510722 BCX0\">populaire<\/span><span class=\"NormalTextRun SCXW2510722 BCX0\"> au <\/span><span class=\"NormalTextRun SCXW2510722 BCX0\">Japon<\/span><span class=\"NormalTextRun SCXW2510722 BCX0\">. Les poses <\/span><span class=\"NormalTextRun SCXW2510722 BCX0\">sont<\/span><span class=\"NormalTextRun SCXW2510722 BCX0\"> tr\u00e8s <\/span><span class=\"NormalTextRun SCXW2510722 BCX0\">expressives<\/span><span class=\"NormalTextRun SCXW2510722 BCX0\">, les <\/span><span class=\"NormalTextRun SCXW2510722 BCX0\">mouvements<\/span> <span class=\"NormalTextRun SCXW2510722 BCX0\">sont<\/span> <span class=\"NormalTextRun SCXW2510722 BCX0\">en<\/span> <span class=\"NormalTextRun SCXW2510722 BCX0\">cours<\/span><span class=\"NormalTextRun SCXW2510722 BCX0\">. Les tapis Kimono <\/span><span class=\"NormalTextRun SCXW2510722 BCX0\">recr\u00e9ent<\/span> <span class=\"NormalTextRun SCXW2510722 BCX0\">ce<\/span><span class=\"NormalTextRun SCXW2510722 BCX0\"> point culminant. Les <\/span><span class=\"NormalTextRun SCXW2510722 BCX0\">aplats<\/span><span class=\"NormalTextRun SCXW2510722 BCX0\"> de couleurs <\/span><span class=\"NormalTextRun SCXW2510722 BCX0\">jouent<\/span><span class=\"NormalTextRun SCXW2510722 BCX0\"> avec la transparence, on <\/span><span class=\"NormalTextRun SCXW2510722 BCX0\">devine<\/span><span class=\"NormalTextRun SCXW2510722 BCX0\"> les <\/span><span class=\"NormalTextRun SCXW2510722 BCX0\">trac\u00e9s<\/span><span class=\"NormalTextRun SCXW2510722 BCX0\"> de <\/span><span class=\"NormalTextRun SCXW2510722 BCX0\">calligraphie<\/span><span class=\"NormalTextRun SCXW2510722 BCX0\">, la lumi\u00e8re fait <\/span><span class=\"NormalTextRun SCXW2510722 BCX0\">constamment<\/span> <span class=\"NormalTextRun SCXW2510722 BCX0\">\u00e9voluer<\/span><span class=\"NormalTextRun SCXW2510722 BCX0\"> la <\/span><span class=\"NormalTextRun SCXW2510722 BCX0\">sc\u00e8ne<\/span><span class=\"NormalTextRun SCXW2510722 BCX0\"> : <\/span><span class=\"NormalTextRun SCXW2510722 BCX0\">l\u2019histoire<\/span><span class=\"NormalTextRun SCXW2510722 BCX0\"> se <\/span><span class=\"NormalTextRun SCXW2510722 BCX0\">raconte<\/span><span class=\"NormalTextRun SCXW2510722 BCX0\"> sous <\/span><span class=\"NormalTextRun SCXW2510722 BCX0\">nos<\/span> <span class=\"NormalTextRun SCXW2510722 BCX0\">yeux<\/span><span class=\"NormalTextRun SCXW2510722 BCX0\">.<\/span><\/span><span class=\"EOP SCXW2510722 BCX0\" data-ccp-props=\"{&quot;201341983&quot;:0,&quot;335559740&quot;:259}\">\u00a0<\/span><\/p>\n","protected":false},"excerpt":{"rendered":"<p>Tapis nou\u00e9 \u00e0 la main<br \/>\n100% laine<br \/>\n200 000 n\u0153uds tib\u00e9tains<br \/>\nDimensions et couleurs sur-mesure sur demande<\/p>\n<p>L 270 x l 401 cm<\/p>\n<p>Nou\u00e9 \u00e0 la main au N\u00e9pal<br \/>\nD\u00e9lais de fabrication : 21 semaines<\/p>\n<p class=\"p1\"><span style=\"text-decoration: underline;\"><span class=\"s1\"><a href=\"https:\/\/www.theinvisiblecollection.com\/demande-de-devis\/?product_id=136787\" target=\"_blank\" rel=\"noopener\">Contactez-nous pour toute demande de devis ou de renseignements<\/a><\/span><\/span><\/p>\n","protected":false},"featured_media":136813,"template":"","meta":{"_acf_changed":false,"content-type":"","_themeisle_gutenberg_block_has_review":false},"product_brand":[],"product_cat":[8183,12540],"product_tag":[],"product_designer":[17629],"comfabric":[],"manufacturer":[17631],"reporting_designer":[37796],"samplecomfabric":[],"designer_clubroom":[],"class_list":{"0":"post-136809","1":"product","2":"type-product","3":"status-publish","4":"has-post-thumbnail","6":"product_cat-tapis-noues-a-la-main","7":"product_cat-tapis-fr","8":"pa_size-dimensions-standards","9":"pa_size-dimensions-sur-mesure-fr","10":"product_designer-diurne-fr","11":"manufacturer-diurne-fr","12":"reporting_designer-diurne","14":"first","15":"instock","16":"taxable","17":"shipping-taxable","18":"purchasable","19":"product-type-variable"},"acf":[],"_links":{"self":[{"href":"https:\/\/theinvisiblecollection.com\/fr\/wp-json\/wp\/v2\/product\/136809","targetHints":{"allow":["GET"]}}],"collection":[{"href":"https:\/\/theinvisiblecollection.com\/fr\/wp-json\/wp\/v2\/product"}],"about":[{"href":"https:\/\/theinvisiblecollection.com\/fr\/wp-json\/wp\/v2\/types\/product"}],"wp:featuredmedia":[{"embeddable":true,"href":"https:\/\/theinvisiblecollection.com\/fr\/wp-json\/wp\/v2\/media\/136813"}],"wp:attachment":[{"href":"https:\/\/theinvisiblecollection.com\/fr\/wp-json\/wp\/v2\/media?parent=136809"}],"wp:term":[{"taxonomy":"product_brand","embeddable":true,"href":"https:\/\/theinvisiblecollection.com\/fr\/wp-json\/wp\/v2\/product_brand?post=136809"},{"taxonomy":"product_cat","embeddable":true,"href":"https:\/\/theinvisiblecollection.com\/fr\/wp-json\/wp\/v2\/product_cat?post=136809"},{"taxonomy":"product_tag","embeddable":true,"href":"https:\/\/theinvisiblecollection.com\/fr\/wp-json\/wp\/v2\/product_tag?post=136809"},{"taxonomy":"product_designer","embeddable":true,"href":"https:\/\/theinvisiblecollection.com\/fr\/wp-json\/wp\/v2\/product_designer?post=136809"},{"taxonomy":"comfabric","embeddable":true,"href":"https:\/\/theinvisiblecollection.com\/fr\/wp-json\/wp\/v2\/comfabric?post=136809"},{"taxonomy":"manufacturer","embeddable":true,"href":"https:\/\/theinvisiblecollection.com\/fr\/wp-json\/wp\/v2\/manufacturer?post=136809"},{"taxonomy":"reporting_designer","embeddable":true,"href":"https:\/\/theinvisiblecollection.com\/fr\/wp-json\/wp\/v2\/reporting_designer?post=136809"},{"taxonomy":"samplecomfabric","embeddable":true,"href":"https:\/\/theinvisiblecollection.com\/fr\/wp-json\/wp\/v2\/samplecomfabric?post=136809"},{"taxonomy":"clubroom_product_designer","embeddable":true,"href":"https:\/\/theinvisiblecollection.com\/fr\/wp-json\/wp\/v2\/designer_clubroom?post=136809"}],"curies":[{"name":"wp","href":"https:\/\/api.w.org\/{rel}","templated":true}]}}