{"id":137310,"date":"2022-06-07T13:15:30","date_gmt":"2022-06-07T12:15:30","guid":{"rendered":"https:\/\/theinvisiblecollection.com\/?post_type=product&#038;p=137310"},"modified":"2026-05-01T07:38:49","modified_gmt":"2026-05-01T07:38:49","slug":"pinto-table-basse-lodge","status":"publish","type":"product","link":"https:\/\/theinvisiblecollection.com\/fr\/produit\/pinto-table-basse-lodge\/","title":{"rendered":"Table Basse Lodge"},"content":{"rendered":"<p style=\"text-align: justify;\">Lodge est une collection de mobilier fabriqu\u00e9 par des artisans d\u2019exception fran\u00e7ais dans des mat\u00e9riaux nobles adapt\u00e9s \u00e0 une utilisation ext\u00e9rieure. La collection Lodge passe du salon \u00e0 la terrasse, de la terrasse au jardin ; on l\u2019imagine aussi sur le pont d\u2019un bateau, dans un loft d\u2019artiste, un jardin d\u2019hiver, un cottage, un lodge\u2026 Simple et luxueux, son design revisite un certain minimalisme du XX\u00e8me si\u00e8cle dans une version sophistiqu\u00e9e. Les plateaux des tables (bout de canap\u00e9 et table basse) sont en verre grav\u00e9 \u00e0 motifs de grandes feuilles modernistes. La collection Lodge compos\u00e9e d\u2019un fauteuil, d\u2019un sofa, d\u2019un tabouret, d\u2019une table basse et d\u2019un bout de canap\u00e9, peut \u00eatre \u00e9tudi\u00e9e et adapt\u00e9e \u00e0 la demande. Elle promet de prochains d\u00e9veloppements \u2026<\/p>\n","protected":false},"excerpt":{"rendered":"<p>Table avec structure en laiton textur\u00e9 et patin\u00e9 en 2 tons<br \/>\nPrises de main en fleur de li\u00e8ge<br \/>\nPlateau en travertin Titanium<\/p>\n<p>&nbsp;<\/p>\n<p>L 150 x l 70 x H 42 cm<\/p>\n<p>Fabriqu\u00e9e \u00e0 la main en France<br \/>\nD\u00e9lais de fabrication : 10 \u2013 12 semaines<\/p>\n<p class=\"p1\"><span style=\"text-decoration: underline;\"><span class=\"s1\"><a href=\"https:\/\/www.theinvisiblecollection.com\/fr\/demande-de-devis\/?product_id=137310\" target=\"_blank\" rel=\"noopener\">Contactez-nous pour toute demande de devis ou de renseignements<\/a><\/span><\/span><\/p>\n","protected":false},"featured_media":137316,"template":"","meta":{"_acf_changed":false,"content-type":"","_themeisle_gutenberg_block_has_review":false},"product_brand":[],"product_cat":[7509,12503],"product_tag":[10140,10141],"product_designer":[12292],"comfabric":[],"manufacturer":[37047],"reporting_designer":[37188],"samplecomfabric":[],"designer_clubroom":[],"class_list":{"0":"post-137310","1":"product","2":"type-product","3":"status-publish","4":"has-post-thumbnail","6":"product_cat-tables-basses-dappoint","7":"product_cat-tables-fr","8":"product_tag-mobilier-exterieur-fr","9":"product_tag-banc-dexterieur","10":"pa_fabric-en-blanc-sans-tissu-fr","11":"pa_fabric-pierre-frey-tissu-le-manach","12":"product_designer-pinto-fr","13":"manufacturer-pinto-esi-louvres-fr","14":"reporting_designer-pinto","16":"first","17":"instock","18":"taxable","19":"shipping-taxable","20":"purchasable","21":"product-type-simple"},"acf":[],"_links":{"self":[{"href":"https:\/\/theinvisiblecollection.com\/fr\/wp-json\/wp\/v2\/product\/137310","targetHints":{"allow":["GET"]}}],"collection":[{"href":"https:\/\/theinvisiblecollection.com\/fr\/wp-json\/wp\/v2\/product"}],"about":[{"href":"https:\/\/theinvisiblecollection.com\/fr\/wp-json\/wp\/v2\/types\/product"}],"wp:featuredmedia":[{"embeddable":true,"href":"https:\/\/theinvisiblecollection.com\/fr\/wp-json\/wp\/v2\/media\/137316"}],"wp:attachment":[{"href":"https:\/\/theinvisiblecollection.com\/fr\/wp-json\/wp\/v2\/media?parent=137310"}],"wp:term":[{"taxonomy":"product_brand","embeddable":true,"href":"https:\/\/theinvisiblecollection.com\/fr\/wp-json\/wp\/v2\/product_brand?post=137310"},{"taxonomy":"product_cat","embeddable":true,"href":"https:\/\/theinvisiblecollection.com\/fr\/wp-json\/wp\/v2\/product_cat?post=137310"},{"taxonomy":"product_tag","embeddable":true,"href":"https:\/\/theinvisiblecollection.com\/fr\/wp-json\/wp\/v2\/product_tag?post=137310"},{"taxonomy":"product_designer","embeddable":true,"href":"https:\/\/theinvisiblecollection.com\/fr\/wp-json\/wp\/v2\/product_designer?post=137310"},{"taxonomy":"comfabric","embeddable":true,"href":"https:\/\/theinvisiblecollection.com\/fr\/wp-json\/wp\/v2\/comfabric?post=137310"},{"taxonomy":"manufacturer","embeddable":true,"href":"https:\/\/theinvisiblecollection.com\/fr\/wp-json\/wp\/v2\/manufacturer?post=137310"},{"taxonomy":"reporting_designer","embeddable":true,"href":"https:\/\/theinvisiblecollection.com\/fr\/wp-json\/wp\/v2\/reporting_designer?post=137310"},{"taxonomy":"samplecomfabric","embeddable":true,"href":"https:\/\/theinvisiblecollection.com\/fr\/wp-json\/wp\/v2\/samplecomfabric?post=137310"},{"taxonomy":"clubroom_product_designer","embeddable":true,"href":"https:\/\/theinvisiblecollection.com\/fr\/wp-json\/wp\/v2\/designer_clubroom?post=137310"}],"curies":[{"name":"wp","href":"https:\/\/api.w.org\/{rel}","templated":true}]}}