{"id":137347,"date":"2022-06-07T13:56:11","date_gmt":"2022-06-07T12:56:11","guid":{"rendered":"https:\/\/theinvisiblecollection.com\/?post_type=product&#038;p=137347"},"modified":"2026-05-01T07:38:49","modified_gmt":"2026-05-01T07:38:49","slug":"pinto-gueridon-scottie-rose","status":"publish","type":"product","link":"https:\/\/theinvisiblecollection.com\/fr\/produit\/pinto-gueridon-scottie-rose\/","title":{"rendered":"Gu\u00e9ridon Scottie Rose"},"content":{"rendered":"<p style=\"text-align: justify;\"><span class=\"TextRun SCXW19412527 BCX0\" lang=\"FR-FR\" xml:lang=\"FR-FR\" data-contrast=\"auto\"><span class=\"NormalTextRun SCXW19412527 BCX0\">Le pouf ou la table d&#8217;appoint <\/span><span class=\"NormalTextRun SpellingErrorV2Themed SCXW19412527 BCX0\">Scottie<\/span><span class=\"NormalTextRun SCXW19412527 BCX0\"> de Pinto est un meuble ing\u00e9nieux qui s&#8217;adapte \u00e0 tous les int\u00e9rieurs. La forme de <\/span><span class=\"NormalTextRun SpellingErrorV2Themed SCXW19412527 BCX0\">Scottie<\/span><span class=\"NormalTextRun SCXW19412527 BCX0\"> est inspir\u00e9e du traditionnel gobelet \u00e0 brandy, disponible dans de jolies nuances de vert ou de rose.\u00a0\u00a0<\/span><\/span><span class=\"EOP SCXW19412527 BCX0\" data-ccp-props=\"{&quot;201341983&quot;:0,&quot;335559740&quot;:259}\">\u00a0<\/span><\/p>\n","protected":false},"excerpt":{"rendered":"<p>Gu\u00e9ridon en r\u00e9sine \u00e9co-sourc\u00e9e couleur rose<\/p>\n<p>\u00d8 38 x H 46 cm<\/p>\n<p>Fabriqu\u00e9 \u00e0 la main en France<br \/>\nD\u00e9lais de fabrication : 10 \u2013 12 semaines<\/p>\n<p class=\"p1\"><span style=\"text-decoration: underline;\"><span class=\"s1\"><a href=\"https:\/\/www.theinvisiblecollection.com\/fr\/demande-de-devis\/?product_id=66034\" target=\"_blank\" rel=\"noopener\">Contactez-nous pour toute demande de devis ou de renseignements<\/a><\/span><\/span><\/p><\/p>\n","protected":false},"featured_media":137366,"template":"","meta":{"_acf_changed":false,"content-type":"","_themeisle_gutenberg_block_has_review":false},"product_brand":[],"product_cat":[8969,12332,12499,12503,12514],"product_tag":[8855,8993,9059,9275,10140,10255,12072],"product_designer":[12292],"comfabric":[],"manufacturer":[23025,37047],"reporting_designer":[37188],"samplecomfabric":[],"designer_clubroom":[],"class_list":{"0":"post-137347","1":"product","2":"type-product","3":"status-publish","4":"has-post-thumbnail","6":"product_cat-ottomans-tabourets","7":"product_cat-tables-dappoint","8":"product_cat-assises","9":"product_cat-tables-fr","10":"product_cat-tables-de-chevet","11":"product_tag-table-fr-3","12":"product_tag-salon","13":"product_tag-gueridon-fr-2","14":"product_tag-tabouret-fr-2","15":"product_tag-mobilier-exterieur-fr","16":"product_tag-salon-fr-4","17":"product_tag-pinto-paris-fr","18":"product_designer-pinto-fr","19":"manufacturer-sg-ateliers-fr","20":"manufacturer-pinto-esi-louvres-fr","21":"reporting_designer-pinto","23":"first","24":"instock","25":"taxable","26":"shipping-taxable","27":"purchasable","28":"product-type-variable"},"acf":[],"_links":{"self":[{"href":"https:\/\/theinvisiblecollection.com\/fr\/wp-json\/wp\/v2\/product\/137347","targetHints":{"allow":["GET"]}}],"collection":[{"href":"https:\/\/theinvisiblecollection.com\/fr\/wp-json\/wp\/v2\/product"}],"about":[{"href":"https:\/\/theinvisiblecollection.com\/fr\/wp-json\/wp\/v2\/types\/product"}],"wp:featuredmedia":[{"embeddable":true,"href":"https:\/\/theinvisiblecollection.com\/fr\/wp-json\/wp\/v2\/media\/137366"}],"wp:attachment":[{"href":"https:\/\/theinvisiblecollection.com\/fr\/wp-json\/wp\/v2\/media?parent=137347"}],"wp:term":[{"taxonomy":"product_brand","embeddable":true,"href":"https:\/\/theinvisiblecollection.com\/fr\/wp-json\/wp\/v2\/product_brand?post=137347"},{"taxonomy":"product_cat","embeddable":true,"href":"https:\/\/theinvisiblecollection.com\/fr\/wp-json\/wp\/v2\/product_cat?post=137347"},{"taxonomy":"product_tag","embeddable":true,"href":"https:\/\/theinvisiblecollection.com\/fr\/wp-json\/wp\/v2\/product_tag?post=137347"},{"taxonomy":"product_designer","embeddable":true,"href":"https:\/\/theinvisiblecollection.com\/fr\/wp-json\/wp\/v2\/product_designer?post=137347"},{"taxonomy":"comfabric","embeddable":true,"href":"https:\/\/theinvisiblecollection.com\/fr\/wp-json\/wp\/v2\/comfabric?post=137347"},{"taxonomy":"manufacturer","embeddable":true,"href":"https:\/\/theinvisiblecollection.com\/fr\/wp-json\/wp\/v2\/manufacturer?post=137347"},{"taxonomy":"reporting_designer","embeddable":true,"href":"https:\/\/theinvisiblecollection.com\/fr\/wp-json\/wp\/v2\/reporting_designer?post=137347"},{"taxonomy":"samplecomfabric","embeddable":true,"href":"https:\/\/theinvisiblecollection.com\/fr\/wp-json\/wp\/v2\/samplecomfabric?post=137347"},{"taxonomy":"clubroom_product_designer","embeddable":true,"href":"https:\/\/theinvisiblecollection.com\/fr\/wp-json\/wp\/v2\/designer_clubroom?post=137347"}],"curies":[{"name":"wp","href":"https:\/\/api.w.org\/{rel}","templated":true}]}}