{"id":137533,"date":"2022-06-08T14:21:24","date_gmt":"2022-06-08T13:21:24","guid":{"rendered":"https:\/\/theinvisiblecollection.com\/?post_type=product&#038;p=137533"},"modified":"2026-05-08T04:40:02","modified_gmt":"2026-05-08T04:40:02","slug":"pinto-table-sothis","status":"publish","type":"product","link":"https:\/\/theinvisiblecollection.com\/fr\/produit\/pinto-table-sothis\/","title":{"rendered":"Table Sothis"},"content":{"rendered":"<p style=\"text-align: justify\" data-mce-style=\"text-align: justify;\"><span class=\"TextRun SCXW265362495 BCX0\" lang=\"FR-FR\" xml:lang=\"FR-FR\" data-contrast=\"auto\"><span class=\"NormalTextRun SCXW265362495 BCX0\">La table \u00e0 manger Sothis de Pinto est un hommage d\u00e9licat rendu au Nil. La base en forme de pi\u00e9destal est orn\u00e9e de joncs habilement tress\u00e9s en bronze, tandis que le plateau, comme une offrande \u00e0 la d\u00e9esse de la fertilit\u00e9 du fleuve, est en marbre blanc.<\/span><\/span><\/p>\n","protected":false},"excerpt":{"rendered":"<p>Table en bronze patin\u00e9<br \/>\nPlateau en marbre blanc<\/p>\n<p><p class=\"p1\">\u00d8<span class=\"Apple-converted-space\"> 140 x<\/span> H 76 cm<\/p>\n<\/p>\n<p>Fabriqu\u00e9e \u00e0 la main en France<br \/>\nD\u00e9lais de fabrication : 12 semaines<\/p>\n<p class=\"p1\"><span style=\"text-decoration: underline;\"><span class=\"s1\"><a href=\"https:\/\/www.theinvisiblecollection.com\/fr\/demande-de-devis\/?product_id=137533\" target=\"_blank\" rel=\"noopener\">Contactez-nous pour toute demande de devis ou de renseignements<\/a><\/span><\/span><\/p><\/p>\n","protected":false},"featured_media":137535,"template":"","meta":{"_acf_changed":false,"content-type":"","_themeisle_gutenberg_block_has_review":false},"product_brand":[],"product_cat":[8977,12503],"product_tag":[31474,31477],"product_designer":[12292],"comfabric":[],"manufacturer":[37047],"reporting_designer":[37188],"samplecomfabric":[],"designer_clubroom":[],"class_list":{"0":"post-137533","1":"product","2":"type-product","3":"status-publish","4":"has-post-thumbnail","6":"product_cat-tables-salle-a-manger","7":"product_cat-tables-fr","8":"product_tag-co-white-fr","9":"product_tag-st-curvy-fr","10":"pa_fabric-en-blanc-sans-tissu-fr","11":"pa_fabric-pierre-frey-tissu-le-manach","12":"product_designer-pinto-fr","13":"manufacturer-pinto-esi-louvres-fr","14":"reporting_designer-pinto","16":"first","17":"instock","18":"taxable","19":"shipping-taxable","20":"purchasable","21":"product-type-simple"},"acf":[],"_links":{"self":[{"href":"https:\/\/theinvisiblecollection.com\/fr\/wp-json\/wp\/v2\/product\/137533","targetHints":{"allow":["GET"]}}],"collection":[{"href":"https:\/\/theinvisiblecollection.com\/fr\/wp-json\/wp\/v2\/product"}],"about":[{"href":"https:\/\/theinvisiblecollection.com\/fr\/wp-json\/wp\/v2\/types\/product"}],"wp:featuredmedia":[{"embeddable":true,"href":"https:\/\/theinvisiblecollection.com\/fr\/wp-json\/wp\/v2\/media\/137535"}],"wp:attachment":[{"href":"https:\/\/theinvisiblecollection.com\/fr\/wp-json\/wp\/v2\/media?parent=137533"}],"wp:term":[{"taxonomy":"product_brand","embeddable":true,"href":"https:\/\/theinvisiblecollection.com\/fr\/wp-json\/wp\/v2\/product_brand?post=137533"},{"taxonomy":"product_cat","embeddable":true,"href":"https:\/\/theinvisiblecollection.com\/fr\/wp-json\/wp\/v2\/product_cat?post=137533"},{"taxonomy":"product_tag","embeddable":true,"href":"https:\/\/theinvisiblecollection.com\/fr\/wp-json\/wp\/v2\/product_tag?post=137533"},{"taxonomy":"product_designer","embeddable":true,"href":"https:\/\/theinvisiblecollection.com\/fr\/wp-json\/wp\/v2\/product_designer?post=137533"},{"taxonomy":"comfabric","embeddable":true,"href":"https:\/\/theinvisiblecollection.com\/fr\/wp-json\/wp\/v2\/comfabric?post=137533"},{"taxonomy":"manufacturer","embeddable":true,"href":"https:\/\/theinvisiblecollection.com\/fr\/wp-json\/wp\/v2\/manufacturer?post=137533"},{"taxonomy":"reporting_designer","embeddable":true,"href":"https:\/\/theinvisiblecollection.com\/fr\/wp-json\/wp\/v2\/reporting_designer?post=137533"},{"taxonomy":"samplecomfabric","embeddable":true,"href":"https:\/\/theinvisiblecollection.com\/fr\/wp-json\/wp\/v2\/samplecomfabric?post=137533"},{"taxonomy":"clubroom_product_designer","embeddable":true,"href":"https:\/\/theinvisiblecollection.com\/fr\/wp-json\/wp\/v2\/designer_clubroom?post=137533"}],"curies":[{"name":"wp","href":"https:\/\/api.w.org\/{rel}","templated":true}]}}