{"id":137754,"date":"2022-06-10T15:45:49","date_gmt":"2022-06-10T14:45:49","guid":{"rendered":"https:\/\/theinvisiblecollection.com\/?post_type=product&#038;p=137754"},"modified":"2026-05-01T07:38:49","modified_gmt":"2026-05-01T07:38:49","slug":"anasthasia-millot-banquette-longchamp","status":"publish","type":"product","link":"https:\/\/theinvisiblecollection.com\/fr\/produit\/anasthasia-millot-banquette-longchamp\/","title":{"rendered":"Banquette Longchamp"},"content":{"rendered":"<p style=\"text-align: justify;\"><span class=\"TextRun SCXW74467287 BCX0\" lang=\"FR\" xml:lang=\"FR\" data-contrast=\"auto\"><span class=\"NormalTextRun SCXW74467287 BCX0\">La collection Longchamp est fabriqu\u00e9e en France par des artisans d\u2019art. Elle se caract\u00e9rise par des pi\u00e8tements l\u00e9g\u00e8rement ondul\u00e9s, subtilit\u00e9s qui donnent \u00e0 chaque pi\u00e8ce une \u00e9l\u00e9gance a\u00e9rienne.<\/span><\/span><span class=\"EOP SCXW74467287 BCX0\" data-ccp-props=\"{&quot;201341983&quot;:0,&quot;335559740&quot;:259}\">\u00a0<\/span><\/p>\n","protected":false},"excerpt":{"rendered":"<p>Banquette pr\u00e9sent\u00e9e ici en lin sur-mesure avec fil d&#8217;or<br \/>\n<span style=\"text-decoration: underline;\"><a href=\"https:\/\/theinvisiblecollection.com\/wp-content\/uploads\/2022\/06\/TheInvisibleCollection_AnasthasiaMillot_Fabric_Selection.pdf.pdf\" target=\"_blank\" rel=\"noopener\">D\u00e9couvrez la s\u00e9lection de tissus ici<\/a><\/span><br \/>\n\u00c9galement disponible en blanc sans tissu<br \/>\nStructure en bronze patin\u00e9 noir<br \/>\n<a href=\"https:\/\/theinvisiblecollection.com\/wp-content\/uploads\/2022\/07\/TheInvisibleCollection_Anasthasia-Millot_Bronze-Selection.pdf\" target=\"_blank\" rel=\"noopener\"><span style=\"text-decoration: underline;\">D\u00e9couvrez la s\u00e9lection de bronze ici<\/span><\/a><br \/>\nFinitions, couleurs et dimensions sur-mesure sur demande<\/p>\n<p>Disponible dans deux dimensions:<\/p>\n<p>Medium : L 100 x l 46 x H 48 cm<br \/>\nLarge : L 120 x l 40 x H 46 cm<\/p>\n<p>Tissu requis : 0.8 m<br \/>\nHauteur d&#8217;assise : 46 cm<\/p>\n<p>Fabriqu\u00e9 \u00e0 la main en France<br \/>\nD\u00e9lais de fabrication : 8 semaines<\/p>\n<p class=\"p1\"><span class=\"s1\"><a href=\"https:\/\/theinvisiblecollection.com\/fr\/demande-de-devis\/?product_id=137714\" target=\"_blank\" rel=\"noopener\"><span style=\"text-decoration: underline;\">Contactez-nous pour toute demande de devis ou de renseignements<\/span><\/a><\/span><\/p>\n","protected":false},"featured_media":137694,"template":"","meta":{"_acf_changed":false,"content-type":"","_themeisle_gutenberg_block_has_review":false},"product_brand":[],"product_cat":[8947,12499],"product_tag":[],"product_designer":[17781],"comfabric":[],"manufacturer":[18324],"reporting_designer":[37402],"samplecomfabric":[],"designer_clubroom":[],"class_list":{"0":"post-137754","1":"product","2":"type-product","3":"status-publish","4":"has-post-thumbnail","6":"product_cat-bancs","7":"product_cat-assises","8":"pa_fabric-en-blanc-sans-tissu-fr","9":"pa_fabric-tissu-methaphores-longchamp","10":"pa_size-grand-fr","11":"pa_size-moyen-fr","12":"product_designer-anasthasia-millot-fr","13":"manufacturer-sn-fodor-fr","14":"reporting_designer-anasthasia-millot","16":"first","17":"instock","18":"taxable","19":"shipping-taxable","20":"purchasable","21":"product-type-variable"},"acf":[],"_links":{"self":[{"href":"https:\/\/theinvisiblecollection.com\/fr\/wp-json\/wp\/v2\/product\/137754","targetHints":{"allow":["GET"]}}],"collection":[{"href":"https:\/\/theinvisiblecollection.com\/fr\/wp-json\/wp\/v2\/product"}],"about":[{"href":"https:\/\/theinvisiblecollection.com\/fr\/wp-json\/wp\/v2\/types\/product"}],"wp:featuredmedia":[{"embeddable":true,"href":"https:\/\/theinvisiblecollection.com\/fr\/wp-json\/wp\/v2\/media\/137694"}],"wp:attachment":[{"href":"https:\/\/theinvisiblecollection.com\/fr\/wp-json\/wp\/v2\/media?parent=137754"}],"wp:term":[{"taxonomy":"product_brand","embeddable":true,"href":"https:\/\/theinvisiblecollection.com\/fr\/wp-json\/wp\/v2\/product_brand?post=137754"},{"taxonomy":"product_cat","embeddable":true,"href":"https:\/\/theinvisiblecollection.com\/fr\/wp-json\/wp\/v2\/product_cat?post=137754"},{"taxonomy":"product_tag","embeddable":true,"href":"https:\/\/theinvisiblecollection.com\/fr\/wp-json\/wp\/v2\/product_tag?post=137754"},{"taxonomy":"product_designer","embeddable":true,"href":"https:\/\/theinvisiblecollection.com\/fr\/wp-json\/wp\/v2\/product_designer?post=137754"},{"taxonomy":"comfabric","embeddable":true,"href":"https:\/\/theinvisiblecollection.com\/fr\/wp-json\/wp\/v2\/comfabric?post=137754"},{"taxonomy":"manufacturer","embeddable":true,"href":"https:\/\/theinvisiblecollection.com\/fr\/wp-json\/wp\/v2\/manufacturer?post=137754"},{"taxonomy":"reporting_designer","embeddable":true,"href":"https:\/\/theinvisiblecollection.com\/fr\/wp-json\/wp\/v2\/reporting_designer?post=137754"},{"taxonomy":"samplecomfabric","embeddable":true,"href":"https:\/\/theinvisiblecollection.com\/fr\/wp-json\/wp\/v2\/samplecomfabric?post=137754"},{"taxonomy":"clubroom_product_designer","embeddable":true,"href":"https:\/\/theinvisiblecollection.com\/fr\/wp-json\/wp\/v2\/designer_clubroom?post=137754"}],"curies":[{"name":"wp","href":"https:\/\/api.w.org\/{rel}","templated":true}]}}