{"id":137837,"date":"2022-06-13T15:09:35","date_gmt":"2022-06-13T14:09:35","guid":{"rendered":"https:\/\/theinvisiblecollection.com\/?post_type=product&#038;p=137837"},"modified":"2026-05-01T07:38:49","modified_gmt":"2026-05-01T07:38:49","slug":"pinto-buffet-dune","status":"publish","type":"product","link":"https:\/\/theinvisiblecollection.com\/fr\/produit\/pinto-buffet-dune\/","title":{"rendered":"Buffet Dune"},"content":{"rendered":"<p style=\"text-align: justify;\"><span class=\"TextRun SCXW166005315 BCX0\" lang=\"FR-FR\" xml:lang=\"FR-FR\" data-contrast=\"auto\"><span class=\"NormalTextRun SCXW166005315 BCX0\">Le Meuble Dune de Pinto rappelle un monolithe couch\u00e9. Cette pi\u00e8ce &#8220;titanesque&#8221; est une prouesse technique et artisanale. La texture de l&#8217;extraordinaire dalle de noyer brille sous le vernis, tandis que de d\u00e9licats inserts en marqueterie de paille blonde cr\u00e9ent un motif ondul\u00e9 rappelant un paysage de dunes. Le laiton et le bronze ponctuent et rectifient le &#8220;monument&#8221;, cr\u00e9ant des formes qui \u00e9voquent les coquillages, les coquilles de corne et les amulettes laiss\u00e9es sur le sable. L&#8217;int\u00e9rieur, laqu\u00e9 dans une nuance \u00e9tonnante de vert jade, r\u00e9v\u00e8le les objets qu&#8217;il contient en se refl\u00e9tant dans les miroirs qui le bordent.\u00a0<\/span><\/span><span class=\"EOP SCXW166005315 BCX0\" data-ccp-props=\"{&quot;201341983&quot;:0,&quot;335559740&quot;:259}\">\u00a0<\/span><\/p>\n","protected":false},"excerpt":{"rendered":"<p>Buffet en noyer<br \/>\nPorte en marqueterie de paille<br \/>\nPieds et poign\u00e9es en bronze patin\u00e9<br \/>\nInt\u00e9rieur en laque et miroir<\/p>\n<p class=\"p1\">L 240 x l 56 x H 74 cm<\/p>\n<p>Fabriqu\u00e9 \u00e0 la main en France<br \/>\nD\u00e9lais de fabrication : 12 semaines<\/p>\n<p class=\"p1\"><span style=\"text-decoration: underline;\"><span class=\"s1\"><a href=\"https:\/\/www.theinvisiblecollection.com\/fr\/demande-de-devis\/?product_id=137837\" target=\"_blank\" rel=\"noopener\">Contactez-nous pour toute demande de devis ou de renseignements<\/a><\/span><\/span><\/p>\n","protected":false},"featured_media":137843,"template":"","meta":{"_acf_changed":false,"content-type":"","_themeisle_gutenberg_block_has_review":false},"product_brand":[],"product_cat":[8957,12505],"product_tag":[],"product_designer":[12292],"comfabric":[],"manufacturer":[37047],"reporting_designer":[37188],"samplecomfabric":[],"designer_clubroom":[],"class_list":{"0":"post-137837","1":"product","2":"type-product","3":"status-publish","4":"has-post-thumbnail","6":"product_cat-commodes","7":"product_cat-rangements","8":"pa_fabric-en-blanc-sans-tissu-fr","9":"pa_fabric-pierre-frey-tissu-le-manach","10":"product_designer-pinto-fr","11":"manufacturer-pinto-esi-louvres-fr","12":"reporting_designer-pinto","14":"first","15":"instock","16":"taxable","17":"shipping-taxable","18":"purchasable","19":"product-type-simple"},"acf":[],"_links":{"self":[{"href":"https:\/\/theinvisiblecollection.com\/fr\/wp-json\/wp\/v2\/product\/137837","targetHints":{"allow":["GET"]}}],"collection":[{"href":"https:\/\/theinvisiblecollection.com\/fr\/wp-json\/wp\/v2\/product"}],"about":[{"href":"https:\/\/theinvisiblecollection.com\/fr\/wp-json\/wp\/v2\/types\/product"}],"wp:featuredmedia":[{"embeddable":true,"href":"https:\/\/theinvisiblecollection.com\/fr\/wp-json\/wp\/v2\/media\/137843"}],"wp:attachment":[{"href":"https:\/\/theinvisiblecollection.com\/fr\/wp-json\/wp\/v2\/media?parent=137837"}],"wp:term":[{"taxonomy":"product_brand","embeddable":true,"href":"https:\/\/theinvisiblecollection.com\/fr\/wp-json\/wp\/v2\/product_brand?post=137837"},{"taxonomy":"product_cat","embeddable":true,"href":"https:\/\/theinvisiblecollection.com\/fr\/wp-json\/wp\/v2\/product_cat?post=137837"},{"taxonomy":"product_tag","embeddable":true,"href":"https:\/\/theinvisiblecollection.com\/fr\/wp-json\/wp\/v2\/product_tag?post=137837"},{"taxonomy":"product_designer","embeddable":true,"href":"https:\/\/theinvisiblecollection.com\/fr\/wp-json\/wp\/v2\/product_designer?post=137837"},{"taxonomy":"comfabric","embeddable":true,"href":"https:\/\/theinvisiblecollection.com\/fr\/wp-json\/wp\/v2\/comfabric?post=137837"},{"taxonomy":"manufacturer","embeddable":true,"href":"https:\/\/theinvisiblecollection.com\/fr\/wp-json\/wp\/v2\/manufacturer?post=137837"},{"taxonomy":"reporting_designer","embeddable":true,"href":"https:\/\/theinvisiblecollection.com\/fr\/wp-json\/wp\/v2\/reporting_designer?post=137837"},{"taxonomy":"samplecomfabric","embeddable":true,"href":"https:\/\/theinvisiblecollection.com\/fr\/wp-json\/wp\/v2\/samplecomfabric?post=137837"},{"taxonomy":"clubroom_product_designer","embeddable":true,"href":"https:\/\/theinvisiblecollection.com\/fr\/wp-json\/wp\/v2\/designer_clubroom?post=137837"}],"curies":[{"name":"wp","href":"https:\/\/api.w.org\/{rel}","templated":true}]}}