{"id":137878,"date":"2022-06-14T09:06:07","date_gmt":"2022-06-14T08:06:07","guid":{"rendered":"https:\/\/theinvisiblecollection.com\/?post_type=product&#038;p=137878"},"modified":"2026-05-01T07:38:49","modified_gmt":"2026-05-01T07:38:49","slug":"french-cliche-the-kiss","status":"publish","type":"product","link":"https:\/\/theinvisiblecollection.com\/fr\/produit\/french-cliche-the-kiss\/","title":{"rendered":"The Kiss"},"content":{"rendered":"<p style=\"text-align: justify;\"><span class=\"TextRun SCXW69780247 BCX0\" lang=\"FR-FR\" xml:lang=\"FR-FR\" data-contrast=\"auto\"><span class=\"NormalTextRun SCXW69780247 BCX0\">L\u2019artiste Laurent Pernot <\/span><span class=\"NormalTextRun SpellingErrorV2Themed SCXW69780247 BCX0\">r\u00e9-interpr\u00e8te<\/span><span class=\"NormalTextRun SCXW69780247 BCX0\"> le French Kiss romantique en cr\u00e9ant une sculpture murale de deux bouches l&#8217;une contre l&#8217;autre. Les bouches ont d&#8217;abord \u00e9t\u00e9 estamp\u00e9es dans le pl\u00e2tre, avant que Laurent Pernot les taill\u00e2t comme s&#8217;il s&#8217;agissait de fragments, le visage, les corps ont disparu ne laissant que<\/span><span class=\"NormalTextRun ContextualSpellingAndGrammarErrorV2Themed SCXW69780247 BCX0\"> \u00able<\/span> <span class=\"NormalTextRun ContextualSpellingAndGrammarErrorV2Themed SCXW69780247 BCX0\">baiser\u00bb<\/span><span class=\"NormalTextRun SCXW69780247 BCX0\">. Suspendue par une simple cha\u00eene, cette sculpture sugg\u00e8re que l&#8217;amour est infini\u2026 Mais fragile.<\/span><\/span><span class=\"EOP SCXW69780247 BCX0\" data-ccp-props=\"{&quot;201341983&quot;:0,&quot;335559740&quot;:259}\">\u00a0<\/span><\/p>\n","protected":false},"excerpt":{"rendered":"<p>\u00c9dition limit\u00e9e de 300 pi\u00e8ces<br \/>\nSculpture murale de deux bouches en pl\u00e2tre<br \/>\nSuspendue par une cha\u00eene en laiton<br \/>\nClou inlus<br \/>\nChaque pi\u00e8ce est unique en raison de sa nature artisanale, les formes varient l\u00e9g\u00e8rement<\/p>\n<p>\u00d8 7 cm<\/p>\n<p>Fabriqu\u00e9e a la main en France<br \/>\nD\u00e9lais de production : 2 semaines<\/p>\n<p><span style=\"text-decoration: underline;\"><span class=\"s1\"><a href=\"https:\/\/www.theinvisiblecollection.com\/fr\/demande-de-devis\/?product_id=137878\" target=\"_blank\" rel=\"noopener\">Contactez-nous pour toute demande de devis ou de renseignements<\/a><\/span><\/span><\/p>\n","protected":false},"featured_media":137882,"template":"","meta":{"_acf_changed":false,"content-type":"","_themeisle_gutenberg_block_has_review":false},"product_brand":[],"product_cat":[7517,12531],"product_tag":[33319],"product_designer":[12327],"comfabric":[],"manufacturer":[22105],"reporting_designer":[37460],"samplecomfabric":[],"designer_clubroom":[],"class_list":{"0":"post-137878","1":"product","2":"type-product","3":"status-publish","4":"has-post-thumbnail","6":"product_cat-deco-fr","7":"product_cat-objets-de-decoration","8":"product_tag-edition-limitee","9":"product_designer-french-cliche-fr","10":"manufacturer-french-clich-atelier-2-fr","11":"reporting_designer-french-cliche","13":"first","14":"instock","15":"taxable","16":"shipping-taxable","17":"purchasable","18":"product-type-simple"},"acf":[],"_links":{"self":[{"href":"https:\/\/theinvisiblecollection.com\/fr\/wp-json\/wp\/v2\/product\/137878","targetHints":{"allow":["GET"]}}],"collection":[{"href":"https:\/\/theinvisiblecollection.com\/fr\/wp-json\/wp\/v2\/product"}],"about":[{"href":"https:\/\/theinvisiblecollection.com\/fr\/wp-json\/wp\/v2\/types\/product"}],"wp:featuredmedia":[{"embeddable":true,"href":"https:\/\/theinvisiblecollection.com\/fr\/wp-json\/wp\/v2\/media\/137882"}],"wp:attachment":[{"href":"https:\/\/theinvisiblecollection.com\/fr\/wp-json\/wp\/v2\/media?parent=137878"}],"wp:term":[{"taxonomy":"product_brand","embeddable":true,"href":"https:\/\/theinvisiblecollection.com\/fr\/wp-json\/wp\/v2\/product_brand?post=137878"},{"taxonomy":"product_cat","embeddable":true,"href":"https:\/\/theinvisiblecollection.com\/fr\/wp-json\/wp\/v2\/product_cat?post=137878"},{"taxonomy":"product_tag","embeddable":true,"href":"https:\/\/theinvisiblecollection.com\/fr\/wp-json\/wp\/v2\/product_tag?post=137878"},{"taxonomy":"product_designer","embeddable":true,"href":"https:\/\/theinvisiblecollection.com\/fr\/wp-json\/wp\/v2\/product_designer?post=137878"},{"taxonomy":"comfabric","embeddable":true,"href":"https:\/\/theinvisiblecollection.com\/fr\/wp-json\/wp\/v2\/comfabric?post=137878"},{"taxonomy":"manufacturer","embeddable":true,"href":"https:\/\/theinvisiblecollection.com\/fr\/wp-json\/wp\/v2\/manufacturer?post=137878"},{"taxonomy":"reporting_designer","embeddable":true,"href":"https:\/\/theinvisiblecollection.com\/fr\/wp-json\/wp\/v2\/reporting_designer?post=137878"},{"taxonomy":"samplecomfabric","embeddable":true,"href":"https:\/\/theinvisiblecollection.com\/fr\/wp-json\/wp\/v2\/samplecomfabric?post=137878"},{"taxonomy":"clubroom_product_designer","embeddable":true,"href":"https:\/\/theinvisiblecollection.com\/fr\/wp-json\/wp\/v2\/designer_clubroom?post=137878"}],"curies":[{"name":"wp","href":"https:\/\/api.w.org\/{rel}","templated":true}]}}