{"id":137932,"date":"2022-06-14T09:58:55","date_gmt":"2022-06-14T08:58:55","guid":{"rendered":"https:\/\/theinvisiblecollection.com\/?post_type=product&#038;p=137932"},"modified":"2026-05-01T07:38:49","modified_gmt":"2026-05-01T07:38:49","slug":"french-cliche-bougeoir-vampyre-2","status":"publish","type":"product","link":"https:\/\/theinvisiblecollection.com\/fr\/produit\/french-cliche-bougeoir-vampyre-2\/","title":{"rendered":"Bougeoir Vampyre 2"},"content":{"rendered":"<p style=\"text-align: justify;\">Le bougeoir Vampyre de Jeanna Kaes x French Clich\u00e9 est inspir\u00e9 des lignes baroques traditionnelles. L&#8217;artiste et designer Jenna Kaes puise dans l&#8217;excentricit\u00e9 du XVII\u00e8me si\u00e8cle pour cr\u00e9er une s\u00e9rie de bougeoirs fabuleusement orn\u00e9s, coul\u00e9s en bronze jaune dans un atelier parisien et disponibles en s\u00e9rie limit\u00e9e de 100 pi\u00e8ces.<\/p>\n","protected":false},"excerpt":{"rendered":"<p>French Clich\u00e9 x Jenna Kaes<br \/>\n\u00c9dition limit\u00e9e de 100 pi\u00e8ces<br \/>\nBougeoir en bronze<\/p>\n<p>Petit : \u00d8 8 cm x H 5 cm<br \/>\nMoyen : \u00d8 7 x H 7.5 cm<br \/>\nGrand : \u00d8 8 cm<\/p>\n<p>Fabriqu\u00e9 a la main en France<br \/>\nD\u00e9lais de production : 8 semaines<\/p>\n<p><span style=\"text-decoration: underline;\"><span class=\"s1\"><a href=\"https:\/\/www.theinvisiblecollection.com\/fr\/demande-de-devis\/?product_id=137932\" target=\"_blank\" rel=\"noopener\">Contactez-nous pour toute demande de devis ou de renseignements<\/a><\/span><\/span><\/p>\n","protected":false},"featured_media":137905,"template":"","meta":{"_acf_changed":false,"content-type":"","_themeisle_gutenberg_block_has_review":false},"product_brand":[],"product_cat":[12531,12535,7517,12529],"product_tag":[22790,33319],"product_designer":[12327],"comfabric":[],"manufacturer":[22105],"reporting_designer":[37460],"samplecomfabric":[],"designer_clubroom":[],"class_list":{"0":"post-137932","1":"product","2":"type-product","3":"status-publish","4":"has-post-thumbnail","6":"product_cat-objets-de-decoration","7":"product_cat-arts-de-la-table","8":"product_cat-deco-fr","9":"product_cat-bougies-bougeoirs","10":"product_tag-disponible-immediatement","11":"product_tag-edition-limitee","12":"pa_size-grand-fr","13":"pa_size-moyen-fr","14":"pa_size-petit-fr","15":"product_designer-french-cliche-fr","16":"manufacturer-french-clich-atelier-2-fr","17":"reporting_designer-french-cliche","18":"exhibitions-new-york-fr","20":"first","21":"instock","22":"taxable","23":"shipping-taxable","24":"purchasable","25":"product-type-variable"},"acf":[],"_links":{"self":[{"href":"https:\/\/theinvisiblecollection.com\/fr\/wp-json\/wp\/v2\/product\/137932","targetHints":{"allow":["GET"]}}],"collection":[{"href":"https:\/\/theinvisiblecollection.com\/fr\/wp-json\/wp\/v2\/product"}],"about":[{"href":"https:\/\/theinvisiblecollection.com\/fr\/wp-json\/wp\/v2\/types\/product"}],"wp:featuredmedia":[{"embeddable":true,"href":"https:\/\/theinvisiblecollection.com\/fr\/wp-json\/wp\/v2\/media\/137905"}],"wp:attachment":[{"href":"https:\/\/theinvisiblecollection.com\/fr\/wp-json\/wp\/v2\/media?parent=137932"}],"wp:term":[{"taxonomy":"product_brand","embeddable":true,"href":"https:\/\/theinvisiblecollection.com\/fr\/wp-json\/wp\/v2\/product_brand?post=137932"},{"taxonomy":"product_cat","embeddable":true,"href":"https:\/\/theinvisiblecollection.com\/fr\/wp-json\/wp\/v2\/product_cat?post=137932"},{"taxonomy":"product_tag","embeddable":true,"href":"https:\/\/theinvisiblecollection.com\/fr\/wp-json\/wp\/v2\/product_tag?post=137932"},{"taxonomy":"product_designer","embeddable":true,"href":"https:\/\/theinvisiblecollection.com\/fr\/wp-json\/wp\/v2\/product_designer?post=137932"},{"taxonomy":"comfabric","embeddable":true,"href":"https:\/\/theinvisiblecollection.com\/fr\/wp-json\/wp\/v2\/comfabric?post=137932"},{"taxonomy":"manufacturer","embeddable":true,"href":"https:\/\/theinvisiblecollection.com\/fr\/wp-json\/wp\/v2\/manufacturer?post=137932"},{"taxonomy":"reporting_designer","embeddable":true,"href":"https:\/\/theinvisiblecollection.com\/fr\/wp-json\/wp\/v2\/reporting_designer?post=137932"},{"taxonomy":"samplecomfabric","embeddable":true,"href":"https:\/\/theinvisiblecollection.com\/fr\/wp-json\/wp\/v2\/samplecomfabric?post=137932"},{"taxonomy":"clubroom_product_designer","embeddable":true,"href":"https:\/\/theinvisiblecollection.com\/fr\/wp-json\/wp\/v2\/designer_clubroom?post=137932"}],"curies":[{"name":"wp","href":"https:\/\/api.w.org\/{rel}","templated":true}]}}