{"id":138008,"date":"2022-06-14T10:42:57","date_gmt":"2022-06-14T09:42:57","guid":{"rendered":"https:\/\/theinvisiblecollection.com\/?post_type=product&#038;p=138008"},"modified":"2026-05-01T07:38:49","modified_gmt":"2026-05-01T07:38:49","slug":"french-cliche-bougeoir-nyx-3","status":"publish","type":"product","link":"https:\/\/theinvisiblecollection.com\/fr\/produit\/french-cliche-bougeoir-nyx-3\/","title":{"rendered":"Bougeoir Nyx 3"},"content":{"rendered":"<p style=\"text-align: justify;\"><span data-contrast=\"auto\">Le bougeoir Nyx de Villa Arev x French Clich\u00e9 est une r\u00e9interpr\u00e9tation des bougeoirs traditionnels. Fabriqu\u00e9s en fa\u00efence \u00e9maill\u00e9e et disponibles en \u00e9dition limit\u00e9e, ces mod\u00e8les<\/span><span data-ccp-props=\"{&quot;201341983&quot;:0,&quot;335551550&quot;:0,&quot;335551620&quot;:0,&quot;335559740&quot;:259}\">\u00a0<\/span><span data-contrast=\"auto\">color\u00e9s et tordus font r\u00e9f\u00e9rence aux grands cand\u00e9labres des d\u00eeners des f\u00eates religieuses&#8230; Choisissons l\u2019incomparable lumi\u00e8re des bougies dans nos maisons\u00a0!<\/span><span data-ccp-props=\"{&quot;201341983&quot;:0,&quot;335551550&quot;:0,&quot;335551620&quot;:0,&quot;335559740&quot;:259}\">\u00a0<\/span><\/p>\n","protected":false},"excerpt":{"rendered":"<p>French Clich\u00e9 x Villa Arev<br \/>\n\u00c9dition limit\u00e9e de 8 + 2 EA pi\u00e8ces<br \/>\nBougeoir en fa\u00efence peint et \u00e9maill\u00e9 \u00e0 la main<\/p>\n<p>Petit : \u00d8 13 x H 50 cm<br \/>\nMoyen : \u00d8 13 x H 80 cm<br \/>\nGrand : \u00d8 20 x H 86 cm<\/p>\n<p>Fabriqu\u00e9 a la main en France<br \/>\nD\u00e9lais de production : 8 semaines<\/p>\n<p><span style=\"text-decoration: underline;\"><span class=\"s1\"><a href=\"https:\/\/www.theinvisiblecollection.com\/fr\/demande-de-devis\/?product_id=138008\" target=\"_blank\" rel=\"noopener\">Contactez-nous pour toute demande de devis ou de renseignements<\/a><\/span><\/span><\/p>\n","protected":false},"featured_media":137986,"template":"","meta":{"_acf_changed":false,"content-type":"","_themeisle_gutenberg_block_has_review":false},"product_brand":[],"product_cat":[7517,12529,12535],"product_tag":[33319],"product_designer":[12327],"comfabric":[],"manufacturer":[22105],"reporting_designer":[37460],"samplecomfabric":[],"designer_clubroom":[],"class_list":{"0":"post-138008","1":"product","2":"type-product","3":"status-publish","4":"has-post-thumbnail","6":"product_cat-deco-fr","7":"product_cat-bougies-bougeoirs","8":"product_cat-arts-de-la-table","9":"product_tag-edition-limitee","10":"pa_size-grand-fr","11":"pa_size-moyen-fr","12":"pa_size-petit-fr","13":"product_designer-french-cliche-fr","14":"manufacturer-french-clich-atelier-2-fr","15":"reporting_designer-french-cliche","17":"first","18":"instock","19":"taxable","20":"shipping-taxable","21":"purchasable","22":"product-type-variable"},"acf":[],"_links":{"self":[{"href":"https:\/\/theinvisiblecollection.com\/fr\/wp-json\/wp\/v2\/product\/138008","targetHints":{"allow":["GET"]}}],"collection":[{"href":"https:\/\/theinvisiblecollection.com\/fr\/wp-json\/wp\/v2\/product"}],"about":[{"href":"https:\/\/theinvisiblecollection.com\/fr\/wp-json\/wp\/v2\/types\/product"}],"wp:featuredmedia":[{"embeddable":true,"href":"https:\/\/theinvisiblecollection.com\/fr\/wp-json\/wp\/v2\/media\/137986"}],"wp:attachment":[{"href":"https:\/\/theinvisiblecollection.com\/fr\/wp-json\/wp\/v2\/media?parent=138008"}],"wp:term":[{"taxonomy":"product_brand","embeddable":true,"href":"https:\/\/theinvisiblecollection.com\/fr\/wp-json\/wp\/v2\/product_brand?post=138008"},{"taxonomy":"product_cat","embeddable":true,"href":"https:\/\/theinvisiblecollection.com\/fr\/wp-json\/wp\/v2\/product_cat?post=138008"},{"taxonomy":"product_tag","embeddable":true,"href":"https:\/\/theinvisiblecollection.com\/fr\/wp-json\/wp\/v2\/product_tag?post=138008"},{"taxonomy":"product_designer","embeddable":true,"href":"https:\/\/theinvisiblecollection.com\/fr\/wp-json\/wp\/v2\/product_designer?post=138008"},{"taxonomy":"comfabric","embeddable":true,"href":"https:\/\/theinvisiblecollection.com\/fr\/wp-json\/wp\/v2\/comfabric?post=138008"},{"taxonomy":"manufacturer","embeddable":true,"href":"https:\/\/theinvisiblecollection.com\/fr\/wp-json\/wp\/v2\/manufacturer?post=138008"},{"taxonomy":"reporting_designer","embeddable":true,"href":"https:\/\/theinvisiblecollection.com\/fr\/wp-json\/wp\/v2\/reporting_designer?post=138008"},{"taxonomy":"samplecomfabric","embeddable":true,"href":"https:\/\/theinvisiblecollection.com\/fr\/wp-json\/wp\/v2\/samplecomfabric?post=138008"},{"taxonomy":"clubroom_product_designer","embeddable":true,"href":"https:\/\/theinvisiblecollection.com\/fr\/wp-json\/wp\/v2\/designer_clubroom?post=138008"}],"curies":[{"name":"wp","href":"https:\/\/api.w.org\/{rel}","templated":true}]}}