{"id":138019,"date":"2022-06-14T10:48:01","date_gmt":"2022-06-14T09:48:01","guid":{"rendered":"https:\/\/theinvisiblecollection.com\/?post_type=product&#038;p=138019"},"modified":"2026-05-01T07:38:49","modified_gmt":"2026-05-01T07:38:49","slug":"french-cliche-cendrier-cafe","status":"publish","type":"product","link":"https:\/\/theinvisiblecollection.com\/fr\/produit\/french-cliche-cendrier-cafe\/","title":{"rendered":"Cendrier Caf\u00e9"},"content":{"rendered":"<p style=\"text-align: justify;\"><span class=\"TextRun SCXW73268588 BCX0\" lang=\"FR-FR\" xml:lang=\"FR-FR\" data-contrast=\"auto\"><span class=\"NormalTextRun SCXW73268588 BCX0\">Le Cendrier Caf\u00e9 de French Clich\u00e9 c\u00e9l\u00e8bre le design industriel du pass\u00e9, revisit\u00e9 avec une touche d&#8217;originalit\u00e9. Lorsque fumer \u00e9tait encore acceptable, on trouvait ces cendriers ronds sur toutes les tables des caf\u00e9s fran\u00e7ais, affichant le logo d&#8217;une soci\u00e9t\u00e9 de spiritueux&#8230; En jouant avec l&#8217;imagerie de ces cendriers <\/span><span class=\"NormalTextRun SpellingErrorV2Themed SCXW73268588 BCX0\">publicitaires<\/span><span class=\"NormalTextRun SCXW73268588 BCX0\">, French Clich\u00e9 a fait appel au c\u00e9ramiste Villa <\/span><span class=\"NormalTextRun SpellingErrorV2Themed SCXW73268588 BCX0\">Arev<\/span><span class=\"NormalTextRun SCXW73268588 BCX0\"> et au studio de design graphique OK Final pour cr\u00e9er quelque chose de nouveau dans des couleurs estivales et rafra\u00eechissantes.<\/span><\/span><span class=\"EOP SCXW73268588 BCX0\" data-ccp-props=\"{&quot;201341983&quot;:0,&quot;335551550&quot;:0,&quot;335551620&quot;:0,&quot;335559740&quot;:259}\">\u00a0<\/span><\/p>\n","protected":false},"excerpt":{"rendered":"<p>French Clich\u00e9 x Villa Arev<br \/>\n\u00c9dition limit\u00e9e de 100 pi\u00e8ces<br \/>\nVide poche ou cendrier en fa\u00efence peint et \u00e9maill\u00e9 \u00e0 la main<\/p>\n<p>\u00d8 22 x H 4 cm<\/p>\n<p>Fabriqu\u00e9 a la main en France<br \/>\nD\u00e9lais de production : 8 semaines<\/p>\n<p><span style=\"text-decoration: underline;\"><span class=\"s1\"><a href=\"https:\/\/www.theinvisiblecollection.com\/fr\/demande-de-devis\/?product_id=137972\" target=\"_blank\" rel=\"noopener\">Contactez-nous pour toute demande de devis ou de renseignements<\/a><\/span><\/span><\/p>\n","protected":false},"featured_media":138024,"template":"","meta":{"_acf_changed":false,"content-type":"","_themeisle_gutenberg_block_has_review":false},"product_brand":[],"product_cat":[7517,12536],"product_tag":[33319],"product_designer":[12327],"comfabric":[],"manufacturer":[22105],"reporting_designer":[37460],"samplecomfabric":[],"designer_clubroom":[],"class_list":{"0":"post-138019","1":"product","2":"type-product","3":"status-publish","4":"has-post-thumbnail","6":"product_cat-deco-fr","7":"product_cat-plateaux-vide-poche","8":"product_tag-edition-limitee","9":"pa_color-bleu-fr","10":"pa_color-couleur-jaune-fr","11":"pa_color-vert","12":"pa_color-violette-fr","13":"product_designer-french-cliche-fr","14":"manufacturer-french-clich-atelier-2-fr","15":"reporting_designer-french-cliche","17":"first","18":"instock","19":"taxable","20":"shipping-taxable","21":"purchasable","22":"product-type-variable"},"acf":[],"_links":{"self":[{"href":"https:\/\/theinvisiblecollection.com\/fr\/wp-json\/wp\/v2\/product\/138019","targetHints":{"allow":["GET"]}}],"collection":[{"href":"https:\/\/theinvisiblecollection.com\/fr\/wp-json\/wp\/v2\/product"}],"about":[{"href":"https:\/\/theinvisiblecollection.com\/fr\/wp-json\/wp\/v2\/types\/product"}],"wp:featuredmedia":[{"embeddable":true,"href":"https:\/\/theinvisiblecollection.com\/fr\/wp-json\/wp\/v2\/media\/138024"}],"wp:attachment":[{"href":"https:\/\/theinvisiblecollection.com\/fr\/wp-json\/wp\/v2\/media?parent=138019"}],"wp:term":[{"taxonomy":"product_brand","embeddable":true,"href":"https:\/\/theinvisiblecollection.com\/fr\/wp-json\/wp\/v2\/product_brand?post=138019"},{"taxonomy":"product_cat","embeddable":true,"href":"https:\/\/theinvisiblecollection.com\/fr\/wp-json\/wp\/v2\/product_cat?post=138019"},{"taxonomy":"product_tag","embeddable":true,"href":"https:\/\/theinvisiblecollection.com\/fr\/wp-json\/wp\/v2\/product_tag?post=138019"},{"taxonomy":"product_designer","embeddable":true,"href":"https:\/\/theinvisiblecollection.com\/fr\/wp-json\/wp\/v2\/product_designer?post=138019"},{"taxonomy":"comfabric","embeddable":true,"href":"https:\/\/theinvisiblecollection.com\/fr\/wp-json\/wp\/v2\/comfabric?post=138019"},{"taxonomy":"manufacturer","embeddable":true,"href":"https:\/\/theinvisiblecollection.com\/fr\/wp-json\/wp\/v2\/manufacturer?post=138019"},{"taxonomy":"reporting_designer","embeddable":true,"href":"https:\/\/theinvisiblecollection.com\/fr\/wp-json\/wp\/v2\/reporting_designer?post=138019"},{"taxonomy":"samplecomfabric","embeddable":true,"href":"https:\/\/theinvisiblecollection.com\/fr\/wp-json\/wp\/v2\/samplecomfabric?post=138019"},{"taxonomy":"clubroom_product_designer","embeddable":true,"href":"https:\/\/theinvisiblecollection.com\/fr\/wp-json\/wp\/v2\/designer_clubroom?post=138019"}],"curies":[{"name":"wp","href":"https:\/\/api.w.org\/{rel}","templated":true}]}}