{"id":138055,"date":"2022-06-14T11:16:37","date_gmt":"2022-06-14T10:16:37","guid":{"rendered":"https:\/\/theinvisiblecollection.com\/?post_type=product&#038;p=138055"},"modified":"2026-05-01T07:38:49","modified_gmt":"2026-05-01T07:38:49","slug":"french-cliche-set-de-6-macarons","status":"publish","type":"product","link":"https:\/\/theinvisiblecollection.com\/fr\/produit\/french-cliche-set-de-6-macarons\/","title":{"rendered":"Set de 6 macarons"},"content":{"rendered":"<p style=\"text-align: justify;\"><span data-contrast=\"auto\">L&#8217;ensemble de 6 macarons de Pia Chevalier x French Clich\u00e9 est une audacieuse interpr\u00e9tation de l&#8217;un des biscuits pr\u00e9f\u00e9r\u00e9s des Fran\u00e7ais. Qui n\u2019a jamais h\u00e9sit\u00e9 entre un macaron chocolat ou un autre pistache avant de d\u00e9cider de prendre les deux\u00a0?! Ces macarons creux peuvent servir de sali\u00e8re et poivri\u00e8re ou de petit plat \u00e0 sauce.<\/span><span data-ccp-props=\"{&quot;201341983&quot;:0,&quot;335551550&quot;:0,&quot;335551620&quot;:0,&quot;335559740&quot;:259}\">\u00a0<\/span><span data-contrast=\"auto\">Macarons, croissants, mille-feuilles, Paris-Brest&#8230; Autant de noms de p\u00e2tisseries qui nous conduisent \u00e0 une cr\u00e9atrice fran\u00e7aise : Pia Chevalier cr\u00e9e des objets fonctionnels inspir\u00e9s des d\u00e9licieux entremets. Th\u00e9i\u00e8res, porte-couteaux, soucoupes et timbales r\u00e9inventent le &#8220;go\u00fbter\u00a0\u00bb l&#8217;\u00e9quivalent fran\u00e7ais du \u00ab\u00a0tea time\u00a0\u00bb\u00a0anglais&#8230; <\/span><span data-ccp-props=\"{&quot;201341983&quot;:0,&quot;335551550&quot;:0,&quot;335551620&quot;:0,&quot;335559740&quot;:259}\">\u00a0<\/span><\/p>\n","protected":false},"excerpt":{"rendered":"<p>French Clich\u00e9 x Pia Chevalier<br \/>\n\u00c9dition limit\u00e9e de 100 pi\u00e8ces<br \/>\nSet de 6 macarons en c\u00e9ramique<br \/>\nBoite rose<\/p>\n<p>\u00d8 5 x H 1 cm<\/p>\n<p>Fabriqu\u00e9 a la main en France<br \/>\nD\u00e9lais de production : 8 semaines<\/p>\n<p><span style=\"text-decoration: underline;\"><span class=\"s1\"><a href=\"https:\/\/www.theinvisiblecollection.com\/fr\/demande-de-devis\/?product_id=138055\" target=\"_blank\" rel=\"noopener\">Contactez-nous pour toute demande de devis ou de renseignements<\/a><\/span><\/span><\/p>\n","protected":false},"featured_media":607141,"template":"","meta":{"_acf_changed":false,"content-type":"","_themeisle_gutenberg_block_has_review":false},"product_brand":[],"product_cat":[7517,12531],"product_tag":[33319],"product_designer":[12327],"comfabric":[],"manufacturer":[22105],"reporting_designer":[37460],"samplecomfabric":[],"designer_clubroom":[],"class_list":{"0":"post-138055","1":"product","2":"type-product","3":"status-publish","4":"has-post-thumbnail","6":"product_cat-deco-fr","7":"product_cat-objets-de-decoration","8":"product_tag-edition-limitee","9":"product_designer-french-cliche-fr","10":"manufacturer-french-clich-atelier-2-fr","11":"reporting_designer-french-cliche","13":"first","14":"instock","15":"taxable","16":"shipping-taxable","17":"purchasable","18":"product-type-simple"},"acf":[],"_links":{"self":[{"href":"https:\/\/theinvisiblecollection.com\/fr\/wp-json\/wp\/v2\/product\/138055","targetHints":{"allow":["GET"]}}],"collection":[{"href":"https:\/\/theinvisiblecollection.com\/fr\/wp-json\/wp\/v2\/product"}],"about":[{"href":"https:\/\/theinvisiblecollection.com\/fr\/wp-json\/wp\/v2\/types\/product"}],"wp:featuredmedia":[{"embeddable":true,"href":"https:\/\/theinvisiblecollection.com\/fr\/wp-json\/wp\/v2\/media\/607141"}],"wp:attachment":[{"href":"https:\/\/theinvisiblecollection.com\/fr\/wp-json\/wp\/v2\/media?parent=138055"}],"wp:term":[{"taxonomy":"product_brand","embeddable":true,"href":"https:\/\/theinvisiblecollection.com\/fr\/wp-json\/wp\/v2\/product_brand?post=138055"},{"taxonomy":"product_cat","embeddable":true,"href":"https:\/\/theinvisiblecollection.com\/fr\/wp-json\/wp\/v2\/product_cat?post=138055"},{"taxonomy":"product_tag","embeddable":true,"href":"https:\/\/theinvisiblecollection.com\/fr\/wp-json\/wp\/v2\/product_tag?post=138055"},{"taxonomy":"product_designer","embeddable":true,"href":"https:\/\/theinvisiblecollection.com\/fr\/wp-json\/wp\/v2\/product_designer?post=138055"},{"taxonomy":"comfabric","embeddable":true,"href":"https:\/\/theinvisiblecollection.com\/fr\/wp-json\/wp\/v2\/comfabric?post=138055"},{"taxonomy":"manufacturer","embeddable":true,"href":"https:\/\/theinvisiblecollection.com\/fr\/wp-json\/wp\/v2\/manufacturer?post=138055"},{"taxonomy":"reporting_designer","embeddable":true,"href":"https:\/\/theinvisiblecollection.com\/fr\/wp-json\/wp\/v2\/reporting_designer?post=138055"},{"taxonomy":"samplecomfabric","embeddable":true,"href":"https:\/\/theinvisiblecollection.com\/fr\/wp-json\/wp\/v2\/samplecomfabric?post=138055"},{"taxonomy":"clubroom_product_designer","embeddable":true,"href":"https:\/\/theinvisiblecollection.com\/fr\/wp-json\/wp\/v2\/designer_clubroom?post=138055"}],"curies":[{"name":"wp","href":"https:\/\/api.w.org\/{rel}","templated":true}]}}