{"id":138272,"date":"2022-06-16T14:32:14","date_gmt":"2022-06-16T13:32:14","guid":{"rendered":"https:\/\/theinvisiblecollection.com\/?post_type=product&#038;p=138272"},"modified":"2026-05-01T07:38:49","modified_gmt":"2026-05-01T07:38:49","slug":"anasthasia-millot-table-basse-jack-oblongue","status":"publish","type":"product","link":"https:\/\/theinvisiblecollection.com\/fr\/produit\/anasthasia-millot-table-basse-jack-oblongue\/","title":{"rendered":"Table Basse Jack Oblongue"},"content":{"rendered":"<p style=\"text-align: justify;\"><span class=\"TextRun SCXW7951297 BCX0\" lang=\"FR\" xml:lang=\"FR\" data-contrast=\"auto\"><span class=\"NormalTextRun SCXW7951297 BCX0\">La Table Basse Jack Oblongue d&#8217;Anasthasia Millot appartient \u00e0 la collection Jack en bronze, significative par les courbes a\u00e9riennes des pi\u00e8tements. La collection est compos\u00e9e d\u2019une table basse, d\u2019une table ronde et d\u2019une autre ovale. Ces trois pi\u00e8ces expriment la l\u00e9g\u00e8ret\u00e9 sculpturale de leur designer.<\/span><\/span><span class=\"EOP SCXW7951297 BCX0\" data-ccp-props=\"{&quot;201341983&quot;:0,&quot;335559740&quot;:259}\">\u00a0<\/span><\/p>\n<p>Projet de Rebecca James Studio photographi\u00e9 par Richard Gooding.<\/p>\n","protected":false},"excerpt":{"rendered":"<p>Table basse ovale en patine bronze noire<br \/>\n\u00c9galement disponible en bronze poli<br \/>\n<a href=\"https:\/\/theinvisiblecollection.com\/wp-content\/uploads\/2022\/07\/TheInvisibleCollection_Anasthasia-Millot_Bronze-Selection.pdf\" target=\"_blank\" rel=\"noopener\"><span style=\"text-decoration: underline;\">D\u00e9couvrez la s\u00e9lection de bronze ici<\/span><\/a><br \/>\nFinitions, couleurs et dimensions sur-mesure sur demande<\/p>\n<p>Cinq dimensions disponibles :<br \/>\nL 140 x l 43 x H 35 cm<br \/>\nL 150 x l 41 x H 35 cm<br \/>\nL 160 x l 50 x H 40 cm<br \/>\nL 170 x l 50 x H 40 cm<br \/>\nL 180 x l 58 x H 50 cm<\/p>\n<p>Fabriqu\u00e9e \u00e0 la main en France<br \/>\nD\u00e9lais de production : 8 semaines<\/p>\n<p class=\"p1\"><a href=\"https:\/\/www.theinvisiblecollection.com\/quote\/?product_id=138272\" target=\"_blank\" rel=\"noopener\"><span style=\"text-decoration: underline;\"><span class=\"s1\">Contactez-nous pour toute demande de devis ou de renseignements<\/span><\/span><\/a><\/p>\n","protected":false},"featured_media":138324,"template":"","meta":{"_acf_changed":false,"content-type":"","_themeisle_gutenberg_block_has_review":false},"product_brand":[],"product_cat":[7509,12503],"product_tag":[31477],"product_designer":[17781],"comfabric":[],"manufacturer":[18324],"reporting_designer":[37402],"samplecomfabric":[],"designer_clubroom":[],"class_list":{"0":"post-138272","1":"product","2":"type-product","3":"status-publish","4":"has-post-thumbnail","6":"product_cat-tables-basses-dappoint","7":"product_cat-tables-fr","8":"product_tag-st-curvy-fr","9":"pa_material-bronze-poli","10":"pa_material-patine-noire-fr","11":"pa_size-extra-large-fr","12":"pa_size-large-fr-2","13":"pa_size-mini","14":"pa_size-moyen-fr","15":"pa_size-petit","16":"product_designer-anasthasia-millot-fr","17":"manufacturer-sn-fodor-fr","18":"reporting_designer-anasthasia-millot-fr","20":"first","21":"instock","22":"taxable","23":"shipping-taxable","24":"purchasable","25":"product-type-variable"},"acf":[],"_links":{"self":[{"href":"https:\/\/theinvisiblecollection.com\/fr\/wp-json\/wp\/v2\/product\/138272","targetHints":{"allow":["GET"]}}],"collection":[{"href":"https:\/\/theinvisiblecollection.com\/fr\/wp-json\/wp\/v2\/product"}],"about":[{"href":"https:\/\/theinvisiblecollection.com\/fr\/wp-json\/wp\/v2\/types\/product"}],"wp:featuredmedia":[{"embeddable":true,"href":"https:\/\/theinvisiblecollection.com\/fr\/wp-json\/wp\/v2\/media\/138324"}],"wp:attachment":[{"href":"https:\/\/theinvisiblecollection.com\/fr\/wp-json\/wp\/v2\/media?parent=138272"}],"wp:term":[{"taxonomy":"product_brand","embeddable":true,"href":"https:\/\/theinvisiblecollection.com\/fr\/wp-json\/wp\/v2\/product_brand?post=138272"},{"taxonomy":"product_cat","embeddable":true,"href":"https:\/\/theinvisiblecollection.com\/fr\/wp-json\/wp\/v2\/product_cat?post=138272"},{"taxonomy":"product_tag","embeddable":true,"href":"https:\/\/theinvisiblecollection.com\/fr\/wp-json\/wp\/v2\/product_tag?post=138272"},{"taxonomy":"product_designer","embeddable":true,"href":"https:\/\/theinvisiblecollection.com\/fr\/wp-json\/wp\/v2\/product_designer?post=138272"},{"taxonomy":"comfabric","embeddable":true,"href":"https:\/\/theinvisiblecollection.com\/fr\/wp-json\/wp\/v2\/comfabric?post=138272"},{"taxonomy":"manufacturer","embeddable":true,"href":"https:\/\/theinvisiblecollection.com\/fr\/wp-json\/wp\/v2\/manufacturer?post=138272"},{"taxonomy":"reporting_designer","embeddable":true,"href":"https:\/\/theinvisiblecollection.com\/fr\/wp-json\/wp\/v2\/reporting_designer?post=138272"},{"taxonomy":"samplecomfabric","embeddable":true,"href":"https:\/\/theinvisiblecollection.com\/fr\/wp-json\/wp\/v2\/samplecomfabric?post=138272"},{"taxonomy":"clubroom_product_designer","embeddable":true,"href":"https:\/\/theinvisiblecollection.com\/fr\/wp-json\/wp\/v2\/designer_clubroom?post=138272"}],"curies":[{"name":"wp","href":"https:\/\/api.w.org\/{rel}","templated":true}]}}