{"id":138336,"date":"2022-12-15T07:31:54","date_gmt":"2022-12-15T06:31:54","guid":{"rendered":"https:\/\/theinvisiblecollection.com\/?post_type=product&#038;p=138336"},"modified":"2026-05-08T04:40:02","modified_gmt":"2026-05-08T04:40:02","slug":"anasthasia-millot-table-ovale-jack","status":"publish","type":"product","link":"https:\/\/theinvisiblecollection.com\/fr\/produit\/anasthasia-millot-table-ovale-jack\/","title":{"rendered":"Table Ovale Jack"},"content":{"rendered":"<p style=\"text-align: justify;\"><span class=\"TextRun SCXW7951297 BCX0\" lang=\"FR\" xml:lang=\"FR\" data-contrast=\"auto\"><span class=\"NormalTextRun SCXW7951297 BCX0\">La Table Ovale Jack d&#8217;Anasthasia Millot en bronze appartient \u00e0 la collection Jack, significative par les courbes a\u00e9riennes des pi\u00e8tements. La collection est compos\u00e9e d\u2019une table basse, d\u2019une table ronde et d\u2019une autre ovale. Ces trois pi\u00e8ces expriment la l\u00e9g\u00e8ret\u00e9 sculpturale de leur designer.<\/span><\/span><span class=\"EOP SCXW7951297 BCX0\" data-ccp-props=\"{&quot;201341983&quot;:0,&quot;335559740&quot;:259}\">\u00a0<\/span><\/p>\n","protected":false},"excerpt":{"rendered":"<p>Table ovale en bronze poli<br \/>\n<a href=\"https:\/\/theinvisiblecollection.com\/wp-content\/uploads\/2022\/07\/TheInvisibleCollection_Anasthasia-Millot_Bronze-Selection.pdf\" target=\"_blank\" rel=\"noopener\"><span style=\"text-decoration: underline;\">D\u00e9couvrez la s\u00e9lection de bronze ici<\/span><\/a><br \/>\nFinitions, couleurs et dimensions sur-mesure sur demande<\/p>\n<p>Cinq dimensions disponibles :<br \/>\nL 92 x l 66 x H 35.5 cm<br \/>\nL 109 x l 72 x H 45 cm<br \/>\nL 130 x l 61 x H 50 cm<br \/>\nL 140 x l 79 x H 50 cm<br \/>\nL 203 x l 95 x H 40 cm<\/p>\n<p>Fabriqu\u00e9e \u00e0 la main en France<br \/>\nD\u00e9lais de production : 8 semaines<\/p>\n<p class=\"p1\"><a href=\"https:\/\/www.theinvisiblecollection.com\/quote\/?product_id=138272\" target=\"_blank\" rel=\"noopener\"><span style=\"text-decoration: underline;\"><span class=\"s1\">Contactez-nous pour toute demande de devis ou de renseignements<\/span><\/span><\/a><\/p>\n","protected":false},"featured_media":1296128,"template":"","meta":{"_acf_changed":false,"content-type":"","_themeisle_gutenberg_block_has_review":false},"product_brand":[],"product_cat":[7509,12503],"product_tag":[14925,31477],"product_designer":[17781],"comfabric":[],"manufacturer":[18324],"reporting_designer":[37402],"samplecomfabric":[],"designer_clubroom":[],"class_list":{"0":"post-138336","1":"product","2":"type-product","3":"status-publish","4":"has-post-thumbnail","6":"product_cat-tables-basses-dappoint","7":"product_cat-tables-fr","8":"product_tag-hpfav-fr","9":"product_tag-st-curvy-fr","10":"pa_size-extra-large-fr","11":"pa_size-grand-fr","12":"pa_size-mini","13":"pa_size-moyen","14":"pa_size-petit","15":"product_designer-anasthasia-millot-fr","16":"manufacturer-sn-fodor-fr","17":"reporting_designer-anasthasia-millot-fr","19":"first","20":"instock","21":"taxable","22":"shipping-taxable","23":"purchasable","24":"product-type-variable"},"acf":[],"_links":{"self":[{"href":"https:\/\/theinvisiblecollection.com\/fr\/wp-json\/wp\/v2\/product\/138336","targetHints":{"allow":["GET"]}}],"collection":[{"href":"https:\/\/theinvisiblecollection.com\/fr\/wp-json\/wp\/v2\/product"}],"about":[{"href":"https:\/\/theinvisiblecollection.com\/fr\/wp-json\/wp\/v2\/types\/product"}],"wp:featuredmedia":[{"embeddable":true,"href":"https:\/\/theinvisiblecollection.com\/fr\/wp-json\/wp\/v2\/media\/1296128"}],"wp:attachment":[{"href":"https:\/\/theinvisiblecollection.com\/fr\/wp-json\/wp\/v2\/media?parent=138336"}],"wp:term":[{"taxonomy":"product_brand","embeddable":true,"href":"https:\/\/theinvisiblecollection.com\/fr\/wp-json\/wp\/v2\/product_brand?post=138336"},{"taxonomy":"product_cat","embeddable":true,"href":"https:\/\/theinvisiblecollection.com\/fr\/wp-json\/wp\/v2\/product_cat?post=138336"},{"taxonomy":"product_tag","embeddable":true,"href":"https:\/\/theinvisiblecollection.com\/fr\/wp-json\/wp\/v2\/product_tag?post=138336"},{"taxonomy":"product_designer","embeddable":true,"href":"https:\/\/theinvisiblecollection.com\/fr\/wp-json\/wp\/v2\/product_designer?post=138336"},{"taxonomy":"comfabric","embeddable":true,"href":"https:\/\/theinvisiblecollection.com\/fr\/wp-json\/wp\/v2\/comfabric?post=138336"},{"taxonomy":"manufacturer","embeddable":true,"href":"https:\/\/theinvisiblecollection.com\/fr\/wp-json\/wp\/v2\/manufacturer?post=138336"},{"taxonomy":"reporting_designer","embeddable":true,"href":"https:\/\/theinvisiblecollection.com\/fr\/wp-json\/wp\/v2\/reporting_designer?post=138336"},{"taxonomy":"samplecomfabric","embeddable":true,"href":"https:\/\/theinvisiblecollection.com\/fr\/wp-json\/wp\/v2\/samplecomfabric?post=138336"},{"taxonomy":"clubroom_product_designer","embeddable":true,"href":"https:\/\/theinvisiblecollection.com\/fr\/wp-json\/wp\/v2\/designer_clubroom?post=138336"}],"curies":[{"name":"wp","href":"https:\/\/api.w.org\/{rel}","templated":true}]}}