{"id":138391,"date":"2022-06-17T08:47:08","date_gmt":"2022-06-17T07:47:08","guid":{"rendered":"https:\/\/theinvisiblecollection.com\/?post_type=product&#038;p=138391"},"modified":"2026-05-01T07:38:49","modified_gmt":"2026-05-01T07:38:49","slug":"anasthasia-millot-pouf-jack","status":"publish","type":"product","link":"https:\/\/theinvisiblecollection.com\/fr\/produit\/anasthasia-millot-pouf-jack\/","title":{"rendered":"Pouf Jack"},"content":{"rendered":"<p style=\"text-align: justify;\"><span class=\"TextRun SCXW195960349 BCX0\" lang=\"FR\" xml:lang=\"FR\" data-contrast=\"auto\"><span class=\"NormalTextRun SCXW195960349 BCX0\">Dessin\u00e9 par Anasthasia Millot, l&#8217;Ottoman Jack est une pi\u00e8ce modulable, tr\u00e8s confortable. Disponible en plusieurs finitions, notamment bronze patin\u00e9 et poli.<\/span><\/span><span class=\"EOP SCXW195960349 BCX0\" data-ccp-props=\"{&quot;201341983&quot;:0,&quot;335559740&quot;:259}\">\u00a0<\/span><\/p>\n","protected":false},"excerpt":{"rendered":"<p>Pouf photographi\u00e9 ici dans un tissu sur mesure de Christophe Fey<br \/>\n<a href=\"https:\/\/theinvisiblecollection.com\/wp-content\/uploads\/2022\/06\/TheInvisibleCollection_AnasthasiaMillot_Fabric_Selection.pdf.pdf\" target=\"_blank\" rel=\"noopener\"><span style=\"text-decoration: underline;\">D\u00e9couvrez la s\u00e9lection de tissus ici<\/span><\/a><br \/>\n\u00c9galement disponible en blanc sans tissu<br \/>\nStructure en bronze poli, \u00e9galement disponible en bronze patin\u00e9<br \/>\n<a href=\"https:\/\/theinvisiblecollection.com\/wp-content\/uploads\/2022\/07\/TheInvisibleCollection_Anasthasia-Millot_Bronze-Selection.pdf\" target=\"_blank\" rel=\"noopener\"><span style=\"text-decoration: underline;\">D\u00e9couvrez la s\u00e9lection de bronze ici<\/span><\/a><br \/>\nFinitions, couleurs et dimensions sur mesure sur demande<\/p>\n<p>Trois dimensions disponibles :<br \/>\n\u00d8 45 x H 42 cm<br \/>\nTissu requis : 0.9 m<br \/>\nCuir requis : 1.9 m<\/p>\n<p>\u00d8 57 x H 42 cm<br \/>\nTissu requis\u00a0 : 0.9 m<br \/>\nCuir requis : 1.9 m<\/p>\n<p>\u00d8 57 x H 45 cm<br \/>\nTissu requis\u00a0 : 0.9 m<br \/>\nCuir requis : 1.9 m<\/p>\n<p>Fabriqu\u00e9 \u00e0 la main en France<br \/>\nD\u00e9lais de production : 8 semaines<\/p>\n<p class=\"p1\"><span style=\"text-decoration: underline;\"><a href=\"https:\/\/www.theinvisiblecollection.com\/quote\/?product_id=138391\" target=\"_blank\" rel=\"noopener\"><span class=\"s1\">Contactez-nous pour toute demande de devis ou de renseignements<\/span><\/a><\/span><\/p>\n","protected":false},"featured_media":992232,"template":"","meta":{"_acf_changed":false,"content-type":"","_themeisle_gutenberg_block_has_review":false},"product_brand":[],"product_cat":[8969,12499],"product_tag":[31477],"product_designer":[17781],"comfabric":[],"manufacturer":[18324],"reporting_designer":[37402],"samplecomfabric":[],"designer_clubroom":[],"class_list":{"0":"post-138391","1":"product","2":"type-product","3":"status-publish","4":"has-post-thumbnail","6":"product_cat-ottomans-tabourets","7":"product_cat-assises","8":"product_tag-st-curvy-fr","9":"pa_fabric-en-blanc-sans-tissu-fr","10":"pa_fabric-tissu-methaphores-longchamp","11":"pa_finish-patine","12":"pa_finish-poli-fr","13":"pa_size-grand-fr","14":"pa_size-moyen","15":"pa_size-petit-fr","16":"product_designer-anasthasia-millot-fr","17":"manufacturer-sn-fodor-fr","18":"reporting_designer-anasthasia-millot-fr","20":"first","21":"instock","22":"taxable","23":"shipping-taxable","24":"purchasable","25":"product-type-variable"},"acf":[],"_links":{"self":[{"href":"https:\/\/theinvisiblecollection.com\/fr\/wp-json\/wp\/v2\/product\/138391","targetHints":{"allow":["GET"]}}],"collection":[{"href":"https:\/\/theinvisiblecollection.com\/fr\/wp-json\/wp\/v2\/product"}],"about":[{"href":"https:\/\/theinvisiblecollection.com\/fr\/wp-json\/wp\/v2\/types\/product"}],"wp:featuredmedia":[{"embeddable":true,"href":"https:\/\/theinvisiblecollection.com\/fr\/wp-json\/wp\/v2\/media\/992232"}],"wp:attachment":[{"href":"https:\/\/theinvisiblecollection.com\/fr\/wp-json\/wp\/v2\/media?parent=138391"}],"wp:term":[{"taxonomy":"product_brand","embeddable":true,"href":"https:\/\/theinvisiblecollection.com\/fr\/wp-json\/wp\/v2\/product_brand?post=138391"},{"taxonomy":"product_cat","embeddable":true,"href":"https:\/\/theinvisiblecollection.com\/fr\/wp-json\/wp\/v2\/product_cat?post=138391"},{"taxonomy":"product_tag","embeddable":true,"href":"https:\/\/theinvisiblecollection.com\/fr\/wp-json\/wp\/v2\/product_tag?post=138391"},{"taxonomy":"product_designer","embeddable":true,"href":"https:\/\/theinvisiblecollection.com\/fr\/wp-json\/wp\/v2\/product_designer?post=138391"},{"taxonomy":"comfabric","embeddable":true,"href":"https:\/\/theinvisiblecollection.com\/fr\/wp-json\/wp\/v2\/comfabric?post=138391"},{"taxonomy":"manufacturer","embeddable":true,"href":"https:\/\/theinvisiblecollection.com\/fr\/wp-json\/wp\/v2\/manufacturer?post=138391"},{"taxonomy":"reporting_designer","embeddable":true,"href":"https:\/\/theinvisiblecollection.com\/fr\/wp-json\/wp\/v2\/reporting_designer?post=138391"},{"taxonomy":"samplecomfabric","embeddable":true,"href":"https:\/\/theinvisiblecollection.com\/fr\/wp-json\/wp\/v2\/samplecomfabric?post=138391"},{"taxonomy":"clubroom_product_designer","embeddable":true,"href":"https:\/\/theinvisiblecollection.com\/fr\/wp-json\/wp\/v2\/designer_clubroom?post=138391"}],"curies":[{"name":"wp","href":"https:\/\/api.w.org\/{rel}","templated":true}]}}