{"id":138477,"date":"2022-06-17T15:24:49","date_gmt":"2022-06-17T14:24:49","guid":{"rendered":"https:\/\/theinvisiblecollection.com\/?post_type=product&#038;p=138477"},"modified":"2026-05-01T07:38:49","modified_gmt":"2026-05-01T07:38:49","slug":"hubert-le-gall-table-basse-frissons-solaires","status":"publish","type":"product","link":"https:\/\/theinvisiblecollection.com\/fr\/produit\/hubert-le-gall-table-basse-frissons-solaires\/","title":{"rendered":"Table Basse Frissons Solaires"},"content":{"rendered":"","protected":false},"excerpt":{"rendered":"<p>Dessin\u00e9e en 2018<br \/>\n\u00c9dition limit\u00e9e de 8 pi\u00e8ces sign\u00e9es et num\u00e9rot\u00e9es<br \/>\nTable basse avec pieds en bronze patin\u00e9 noir<br \/>\nPlateau en verre avec aimants<br \/>\nBilles en acier<br \/>\nDimensions et finitions sur-mesure sur demande<\/p>\n<p>\u00d8 100 x H 42.5 cm<\/p>\n<p>Fabriqu\u00e9e \u00e0 la main en France<br \/>\nD\u00e9lais de production : 8 &#8211; 10 semaines<\/p>\n","protected":false},"featured_media":138472,"template":"","meta":{"_acf_changed":false,"content-type":"","_themeisle_gutenberg_block_has_review":false},"product_brand":[],"product_cat":[7509,12503],"product_tag":[31474,31477,33319],"product_designer":[8886],"comfabric":[],"manufacturer":[16923],"reporting_designer":[37520],"samplecomfabric":[],"designer_clubroom":[],"class_list":{"0":"post-138477","1":"product","2":"type-product","3":"status-publish","4":"has-post-thumbnail","6":"product_cat-tables-basses-dappoint","7":"product_cat-tables-fr","8":"product_tag-co-white-fr","9":"product_tag-st-curvy-fr","10":"product_tag-edition-limitee","11":"product_designer-hubert-le-gall-fr","12":"manufacturer-hubert-le-gall-fr","13":"reporting_designer-hubert-le-gall","15":"first","16":"instock","17":"taxable","18":"shipping-taxable","19":"purchasable","20":"product-type-simple"},"acf":[],"_links":{"self":[{"href":"https:\/\/theinvisiblecollection.com\/fr\/wp-json\/wp\/v2\/product\/138477","targetHints":{"allow":["GET"]}}],"collection":[{"href":"https:\/\/theinvisiblecollection.com\/fr\/wp-json\/wp\/v2\/product"}],"about":[{"href":"https:\/\/theinvisiblecollection.com\/fr\/wp-json\/wp\/v2\/types\/product"}],"wp:featuredmedia":[{"embeddable":true,"href":"https:\/\/theinvisiblecollection.com\/fr\/wp-json\/wp\/v2\/media\/138472"}],"wp:attachment":[{"href":"https:\/\/theinvisiblecollection.com\/fr\/wp-json\/wp\/v2\/media?parent=138477"}],"wp:term":[{"taxonomy":"product_brand","embeddable":true,"href":"https:\/\/theinvisiblecollection.com\/fr\/wp-json\/wp\/v2\/product_brand?post=138477"},{"taxonomy":"product_cat","embeddable":true,"href":"https:\/\/theinvisiblecollection.com\/fr\/wp-json\/wp\/v2\/product_cat?post=138477"},{"taxonomy":"product_tag","embeddable":true,"href":"https:\/\/theinvisiblecollection.com\/fr\/wp-json\/wp\/v2\/product_tag?post=138477"},{"taxonomy":"product_designer","embeddable":true,"href":"https:\/\/theinvisiblecollection.com\/fr\/wp-json\/wp\/v2\/product_designer?post=138477"},{"taxonomy":"comfabric","embeddable":true,"href":"https:\/\/theinvisiblecollection.com\/fr\/wp-json\/wp\/v2\/comfabric?post=138477"},{"taxonomy":"manufacturer","embeddable":true,"href":"https:\/\/theinvisiblecollection.com\/fr\/wp-json\/wp\/v2\/manufacturer?post=138477"},{"taxonomy":"reporting_designer","embeddable":true,"href":"https:\/\/theinvisiblecollection.com\/fr\/wp-json\/wp\/v2\/reporting_designer?post=138477"},{"taxonomy":"samplecomfabric","embeddable":true,"href":"https:\/\/theinvisiblecollection.com\/fr\/wp-json\/wp\/v2\/samplecomfabric?post=138477"},{"taxonomy":"clubroom_product_designer","embeddable":true,"href":"https:\/\/theinvisiblecollection.com\/fr\/wp-json\/wp\/v2\/designer_clubroom?post=138477"}],"curies":[{"name":"wp","href":"https:\/\/api.w.org\/{rel}","templated":true}]}}