{"id":138492,"date":"2022-06-17T15:40:49","date_gmt":"2022-06-17T14:40:49","guid":{"rendered":"https:\/\/theinvisiblecollection.com\/?post_type=product&#038;p=138492"},"modified":"2026-05-01T07:38:49","modified_gmt":"2026-05-01T07:38:49","slug":"anasthasia-millot-banquette-ovale-jack","status":"publish","type":"product","link":"https:\/\/theinvisiblecollection.com\/fr\/produit\/anasthasia-millot-banquette-ovale-jack\/","title":{"rendered":"Banquette Ovale Jack"},"content":{"rendered":"<p style=\"text-align: justify;\"><span class=\"TextRun MacChromeBold SCXW87067916 BCX0\" lang=\"FR\" xml:lang=\"FR\" data-contrast=\"auto\"><span class=\"NormalTextRun SCXW87067916 BCX0\">Dessin\u00e9e par Anasthasia Millot, la banquette ovale Jack<\/span><\/span><span class=\"TextRun SCXW87067916 BCX0\" lang=\"FR\" xml:lang=\"FR\" data-contrast=\"auto\"><span class=\"NormalTextRun SCXW87067916 BCX0\"> est une belle interpr\u00e9tation du style de la collection avec ses pi\u00e8tements et ses accoudoirs aux courbes a\u00e9riennes. Une structure en bronze entoure le coussin ovale en tissu doux.<\/span><\/span><span class=\"EOP SCXW87067916 BCX0\" data-ccp-props=\"{&quot;201341983&quot;:0,&quot;335559740&quot;:259}\">\u00a0<\/span><\/p>\n","protected":false},"excerpt":{"rendered":"<p>Banquette photographi\u00e9e ici en tissu Oskar de Rubelli, couleur bronzo<br \/>\n<a href=\"https:\/\/theinvisiblecollection.com\/wp-content\/uploads\/2022\/06\/TheInvisibleCollection_AnasthasiaMillot_Rubelli_Fabric_Selection.pdf.jpg\" target=\"_blank\" rel=\"noopener\"><span style=\"text-decoration: underline;\">D\u00e9couvrez la s\u00e9lection de tissus ici<\/span><\/a><br \/>\n\u00c9galement disponible en blanc sans tissu<br \/>\nStructure en patine bronze noire<br \/>\n<a href=\"https:\/\/theinvisiblecollection.com\/wp-content\/uploads\/2022\/07\/TheInvisibleCollection_Anasthasia-Millot_Bronze-Selection.pdf\" target=\"_blank\" rel=\"noopener\"><span style=\"text-decoration: underline;\">Discover the bronze selection here<\/span><\/a><br \/>\nFinitions, couleurs et dimensions sur mesure sur demande<\/p>\n<p>Deux dimensions disponibles :<br \/>\nL 92 x l 41 x H 58 cm<br \/>\nTissu requis : 1.2m<br \/>\nL 132 x l 55 x H 58 cm<br \/>\nTissu requis : 1.6 m<\/p>\n<p>Fabriqu\u00e9e \u00e0 la main en France<br \/>\nD\u00e9lais de production : 8 semaines<\/p>\n<p class=\"p1\"><span style=\"text-decoration: underline;\"><a href=\"https:\/\/www.theinvisiblecollection.com\/quote\/?product_id=138492\" target=\"_blank\" rel=\"noopener\"><span class=\"s1\">Contactez-nous pour toute demande de devis ou de renseignements<\/span><\/a><\/span><\/p>\n","protected":false},"featured_media":138511,"template":"","meta":{"_acf_changed":false,"content-type":"","_themeisle_gutenberg_block_has_review":false},"product_brand":[],"product_cat":[8947,12499],"product_tag":[31477],"product_designer":[17781],"comfabric":[],"manufacturer":[18324],"reporting_designer":[37402],"samplecomfabric":[],"designer_clubroom":[],"class_list":{"0":"post-138492","1":"product","2":"type-product","3":"status-publish","4":"has-post-thumbnail","6":"product_cat-bancs","7":"product_cat-assises","8":"product_tag-st-curvy-fr","9":"pa_fabric-en-blanc-sans-tissu-fr","10":"pa_fabric-tissu-rubelli-oskar","11":"pa_size-grand-fr","12":"pa_size-petit","13":"product_designer-anasthasia-millot-fr","14":"manufacturer-sn-fodor-fr","15":"reporting_designer-anasthasia-millot-fr","17":"first","18":"instock","19":"taxable","20":"shipping-taxable","21":"purchasable","22":"product-type-variable"},"acf":[],"_links":{"self":[{"href":"https:\/\/theinvisiblecollection.com\/fr\/wp-json\/wp\/v2\/product\/138492","targetHints":{"allow":["GET"]}}],"collection":[{"href":"https:\/\/theinvisiblecollection.com\/fr\/wp-json\/wp\/v2\/product"}],"about":[{"href":"https:\/\/theinvisiblecollection.com\/fr\/wp-json\/wp\/v2\/types\/product"}],"wp:featuredmedia":[{"embeddable":true,"href":"https:\/\/theinvisiblecollection.com\/fr\/wp-json\/wp\/v2\/media\/138511"}],"wp:attachment":[{"href":"https:\/\/theinvisiblecollection.com\/fr\/wp-json\/wp\/v2\/media?parent=138492"}],"wp:term":[{"taxonomy":"product_brand","embeddable":true,"href":"https:\/\/theinvisiblecollection.com\/fr\/wp-json\/wp\/v2\/product_brand?post=138492"},{"taxonomy":"product_cat","embeddable":true,"href":"https:\/\/theinvisiblecollection.com\/fr\/wp-json\/wp\/v2\/product_cat?post=138492"},{"taxonomy":"product_tag","embeddable":true,"href":"https:\/\/theinvisiblecollection.com\/fr\/wp-json\/wp\/v2\/product_tag?post=138492"},{"taxonomy":"product_designer","embeddable":true,"href":"https:\/\/theinvisiblecollection.com\/fr\/wp-json\/wp\/v2\/product_designer?post=138492"},{"taxonomy":"comfabric","embeddable":true,"href":"https:\/\/theinvisiblecollection.com\/fr\/wp-json\/wp\/v2\/comfabric?post=138492"},{"taxonomy":"manufacturer","embeddable":true,"href":"https:\/\/theinvisiblecollection.com\/fr\/wp-json\/wp\/v2\/manufacturer?post=138492"},{"taxonomy":"reporting_designer","embeddable":true,"href":"https:\/\/theinvisiblecollection.com\/fr\/wp-json\/wp\/v2\/reporting_designer?post=138492"},{"taxonomy":"samplecomfabric","embeddable":true,"href":"https:\/\/theinvisiblecollection.com\/fr\/wp-json\/wp\/v2\/samplecomfabric?post=138492"},{"taxonomy":"clubroom_product_designer","embeddable":true,"href":"https:\/\/theinvisiblecollection.com\/fr\/wp-json\/wp\/v2\/designer_clubroom?post=138492"}],"curies":[{"name":"wp","href":"https:\/\/api.w.org\/{rel}","templated":true}]}}