{"id":138643,"date":"2022-06-20T14:31:16","date_gmt":"2022-06-20T13:31:16","guid":{"rendered":"https:\/\/theinvisiblecollection.com\/?post_type=product&#038;p=138643"},"modified":"2026-05-01T07:38:49","modified_gmt":"2026-05-01T07:38:49","slug":"willy-rizzo-chaise-s-q-brun-moka","status":"publish","type":"product","link":"https:\/\/theinvisiblecollection.com\/fr\/produit\/willy-rizzo-chaise-s-q-brun-moka\/","title":{"rendered":"Chaise S.Q. Brun Moka"},"content":{"rendered":"<p style=\"text-align: justify;\"><span class=\"NormalTextRun SCXW28991998 BCX0\">La chaise SQ de Willy Rizzo se d\u00e9cline en trois nouvelles versions<\/span><span class=\"NormalTextRun SCXW28991998 BCX0\">. C<\/span><span class=\"NormalTextRun SCXW28991998 BCX0\">ette d\u00e9clinaison de trois chaises fait revivre le style des ann\u00e9es 70 \u00e0 travers un choix in\u00e9dit de couleurs : vert amande, r\u00e9glisse noire et brun moka. Le cuir color\u00e9 utilis\u00e9 pour ces mod\u00e8les est un mat\u00e9riau vintage conserv\u00e9 dans les archives de Rizzo depuis des d\u00e9cennies et jamais utilis\u00e9 jusque-l\u00e0. Cette nouvelle version d&#8217;une pi\u00e8ce embl\u00e9matique du pass\u00e9 est de surcro\u00eet durable<\/span><span class=\"NormalTextRun SCXW28991998 BCX0\">. Chaque chaise exclusive est fabriqu\u00e9e par les artisans italiens de l\u2019exceptionnel atelier Albano o\u00f9 Rizzo faisait r\u00e9aliser toutes ses cr\u00e9ations par des experts.<\/span><\/p>\n","protected":false},"excerpt":{"rendered":"<p>Chaise sign\u00e9e et num\u00e9rot\u00e9e<br \/>\nStructure en acier inoxydable et laiton<br \/>\nAssise et dossier en cuir de sanglier brun moka<br \/>\n\u00c9galement disponible en <a href=\"https:\/\/theinvisiblecollection.com\/fr\/produit\/willy-rizzo-chaise-s-q-vert-amande\/\" target=\"_blank\" rel=\"noopener\"><span style=\"text-decoration: underline;\">Vert Amande<\/span><\/a> et en <a href=\"https:\/\/theinvisiblecollection.com\/fr\/produit\/willy-rizzo-chaise-s-q-reglisse-noire\/\" target=\"_blank\" rel=\"noopener\"><span style=\"text-decoration: underline;\">R\u00e9glisse Noire<\/span><\/a><\/p>\n<p>L 48 x P 42 x H 80 cm<br \/>\nHauteur d&#8217;assise : 37 cm<\/p>\n<p class=\"p1\">Fabriqu\u00e9e \u00e0 la main en Italie<br \/>\nD\u00e9lais de fabrication : 8 semaines<\/p>\n<p class=\"p2\"><span style=\"text-decoration: underline;\"><span class=\"s1\"><a href=\"https:\/\/www.theinvisiblecollection.com\/demande-de-devis\/?product_id=138641\" target=\"_blank\" rel=\"noopener\">Contactez-nous pour toute demande de devis ou de renseignements<\/a><\/span><\/span><\/p>\n","protected":false},"featured_media":138632,"template":"","meta":{"_acf_changed":false,"content-type":"","_themeisle_gutenberg_block_has_review":false},"product_brand":[],"product_cat":[8962,12499],"product_tag":[],"product_designer":[17893],"comfabric":[],"manufacturer":[17891],"reporting_designer":[37196],"samplecomfabric":[],"designer_clubroom":[],"class_list":{"0":"post-138643","1":"product","2":"type-product","3":"status-publish","4":"has-post-thumbnail","6":"product_cat-chaises","7":"product_cat-assises","8":"pa_fabric-dedar-vladimiro-fr","9":"pa_fabric-en-blanc-sans-tissu-fr","10":"pa_fabric-cuir-de-sanglier-brun-moka","11":"product_designer-willy-rizzo-fr","12":"manufacturer-willy-rizzo","13":"reporting_designer-willy-rizzo","14":"exhibitions-paris-fr","16":"first","17":"instock","18":"taxable","19":"shipping-taxable","20":"purchasable","21":"product-type-variable"},"acf":[],"_links":{"self":[{"href":"https:\/\/theinvisiblecollection.com\/fr\/wp-json\/wp\/v2\/product\/138643","targetHints":{"allow":["GET"]}}],"collection":[{"href":"https:\/\/theinvisiblecollection.com\/fr\/wp-json\/wp\/v2\/product"}],"about":[{"href":"https:\/\/theinvisiblecollection.com\/fr\/wp-json\/wp\/v2\/types\/product"}],"wp:featuredmedia":[{"embeddable":true,"href":"https:\/\/theinvisiblecollection.com\/fr\/wp-json\/wp\/v2\/media\/138632"}],"wp:attachment":[{"href":"https:\/\/theinvisiblecollection.com\/fr\/wp-json\/wp\/v2\/media?parent=138643"}],"wp:term":[{"taxonomy":"product_brand","embeddable":true,"href":"https:\/\/theinvisiblecollection.com\/fr\/wp-json\/wp\/v2\/product_brand?post=138643"},{"taxonomy":"product_cat","embeddable":true,"href":"https:\/\/theinvisiblecollection.com\/fr\/wp-json\/wp\/v2\/product_cat?post=138643"},{"taxonomy":"product_tag","embeddable":true,"href":"https:\/\/theinvisiblecollection.com\/fr\/wp-json\/wp\/v2\/product_tag?post=138643"},{"taxonomy":"product_designer","embeddable":true,"href":"https:\/\/theinvisiblecollection.com\/fr\/wp-json\/wp\/v2\/product_designer?post=138643"},{"taxonomy":"comfabric","embeddable":true,"href":"https:\/\/theinvisiblecollection.com\/fr\/wp-json\/wp\/v2\/comfabric?post=138643"},{"taxonomy":"manufacturer","embeddable":true,"href":"https:\/\/theinvisiblecollection.com\/fr\/wp-json\/wp\/v2\/manufacturer?post=138643"},{"taxonomy":"reporting_designer","embeddable":true,"href":"https:\/\/theinvisiblecollection.com\/fr\/wp-json\/wp\/v2\/reporting_designer?post=138643"},{"taxonomy":"samplecomfabric","embeddable":true,"href":"https:\/\/theinvisiblecollection.com\/fr\/wp-json\/wp\/v2\/samplecomfabric?post=138643"},{"taxonomy":"clubroom_product_designer","embeddable":true,"href":"https:\/\/theinvisiblecollection.com\/fr\/wp-json\/wp\/v2\/designer_clubroom?post=138643"}],"curies":[{"name":"wp","href":"https:\/\/api.w.org\/{rel}","templated":true}]}}