{"id":138645,"date":"2022-06-20T14:38:35","date_gmt":"2022-06-20T13:38:35","guid":{"rendered":"https:\/\/theinvisiblecollection.com\/?post_type=product&#038;p=138645"},"modified":"2026-05-01T07:38:49","modified_gmt":"2026-05-01T07:38:49","slug":"willy-rizzo-table-basse-tournante-t-r-g-bleue","status":"publish","type":"product","link":"https:\/\/theinvisiblecollection.com\/fr\/produit\/willy-rizzo-table-basse-tournante-t-r-g-bleue\/","title":{"rendered":"Table Basse Tournante T.R.G Bleue"},"content":{"rendered":"<p style=\"text-align: justify;\"><span class=\"TextRun SCXW155951699 BCX0\" lang=\"FR-FR\" xml:lang=\"FR-FR\" data-contrast=\"auto\"><span class=\"NormalTextRun SCXW155951699 BCX0\">La table circulaire tournante TGR de Willy Rizzo est l&#8217;un des premiers meubles con\u00e7us par le photographe italien. &#8220;Je l&#8217;ai cr\u00e9\u00e9e en 1969 pour l&#8217;appartement d&#8217;Igor Cassini au <\/span><span class=\"NormalTextRun SpellingErrorV2Themed SCXW155951699 BCX0\">Palazzo<\/span> <span class=\"NormalTextRun SpellingErrorV2Themed SCXW155951699 BCX0\">Torlonia<\/span><span class=\"NormalTextRun SCXW155951699 BCX0\">. La pi\u00e8ce \u00e9tait circulaire, j&#8217;ai donc \u00e9t\u00e9 inspir\u00e9 pour cr\u00e9er une table ronde.&#8221; Willy Rizzo.<\/span><\/span><span class=\"EOP SCXW155951699 BCX0\" data-ccp-props=\"{&quot;201341983&quot;:0,&quot;335551550&quot;:0,&quot;335551620&quot;:0,&quot;335559740&quot;:259}\">\u00a0<\/span><\/p>\n","protected":false},"excerpt":{"rendered":"<p>Sign\u00e9e et num\u00e9rot\u00e9e<br \/>\nTable basse circulaire tournante en laque bleu marine<br \/>\nVasque et base en laiton poli<\/p>\n<p>\u00d8\u00a0115 x H 34 cm<\/p>\n<p><p class=\"p1\">Fabriqu\u00e9e \u00e0 la main en Italie<br \/>\nD\u00e9lais de fabrication : 8 semaines<\/p>\n<p class=\"p2\"><span style=\"text-decoration: underline;\"><span class=\"s1\"><a href=\"https:\/\/www.theinvisiblecollection.com\/demande-de-devis\/?product_id=138645\" target=\"_blank\" rel=\"noopener\">Contactez-nous pour toute demande de devis ou de renseignements<\/a><\/span><\/span><\/p><\/p>\n","protected":false},"featured_media":138653,"template":"","meta":{"_acf_changed":false,"content-type":"","_themeisle_gutenberg_block_has_review":false},"product_brand":[],"product_cat":[7509,12503],"product_tag":[31477],"product_designer":[17893],"comfabric":[],"manufacturer":[17891],"reporting_designer":[37196],"samplecomfabric":[],"designer_clubroom":[],"class_list":{"0":"post-138645","1":"product","2":"type-product","3":"status-publish","4":"has-post-thumbnail","6":"product_cat-tables-basses-dappoint","7":"product_cat-tables-fr","8":"product_tag-st-curvy-fr","9":"product_designer-willy-rizzo-fr","10":"manufacturer-willy-rizzo","11":"reporting_designer-willy-rizzo","13":"first","14":"instock","15":"taxable","16":"shipping-taxable","17":"purchasable","18":"product-type-simple"},"acf":[],"_links":{"self":[{"href":"https:\/\/theinvisiblecollection.com\/fr\/wp-json\/wp\/v2\/product\/138645","targetHints":{"allow":["GET"]}}],"collection":[{"href":"https:\/\/theinvisiblecollection.com\/fr\/wp-json\/wp\/v2\/product"}],"about":[{"href":"https:\/\/theinvisiblecollection.com\/fr\/wp-json\/wp\/v2\/types\/product"}],"wp:featuredmedia":[{"embeddable":true,"href":"https:\/\/theinvisiblecollection.com\/fr\/wp-json\/wp\/v2\/media\/138653"}],"wp:attachment":[{"href":"https:\/\/theinvisiblecollection.com\/fr\/wp-json\/wp\/v2\/media?parent=138645"}],"wp:term":[{"taxonomy":"product_brand","embeddable":true,"href":"https:\/\/theinvisiblecollection.com\/fr\/wp-json\/wp\/v2\/product_brand?post=138645"},{"taxonomy":"product_cat","embeddable":true,"href":"https:\/\/theinvisiblecollection.com\/fr\/wp-json\/wp\/v2\/product_cat?post=138645"},{"taxonomy":"product_tag","embeddable":true,"href":"https:\/\/theinvisiblecollection.com\/fr\/wp-json\/wp\/v2\/product_tag?post=138645"},{"taxonomy":"product_designer","embeddable":true,"href":"https:\/\/theinvisiblecollection.com\/fr\/wp-json\/wp\/v2\/product_designer?post=138645"},{"taxonomy":"comfabric","embeddable":true,"href":"https:\/\/theinvisiblecollection.com\/fr\/wp-json\/wp\/v2\/comfabric?post=138645"},{"taxonomy":"manufacturer","embeddable":true,"href":"https:\/\/theinvisiblecollection.com\/fr\/wp-json\/wp\/v2\/manufacturer?post=138645"},{"taxonomy":"reporting_designer","embeddable":true,"href":"https:\/\/theinvisiblecollection.com\/fr\/wp-json\/wp\/v2\/reporting_designer?post=138645"},{"taxonomy":"samplecomfabric","embeddable":true,"href":"https:\/\/theinvisiblecollection.com\/fr\/wp-json\/wp\/v2\/samplecomfabric?post=138645"},{"taxonomy":"clubroom_product_designer","embeddable":true,"href":"https:\/\/theinvisiblecollection.com\/fr\/wp-json\/wp\/v2\/designer_clubroom?post=138645"}],"curies":[{"name":"wp","href":"https:\/\/api.w.org\/{rel}","templated":true}]}}