{"id":138726,"date":"2022-06-20T16:00:55","date_gmt":"2022-06-20T15:00:55","guid":{"rendered":"https:\/\/theinvisiblecollection.com\/?post_type=product&#038;p=138726"},"modified":"2026-05-01T07:38:49","modified_gmt":"2026-05-01T07:38:49","slug":"damien-langlois-meurinne-tapis-pembridge","status":"publish","type":"product","link":"https:\/\/theinvisiblecollection.com\/fr\/produit\/damien-langlois-meurinne-tapis-pembridge\/","title":{"rendered":"Tapis Pembridge"},"content":{"rendered":"<p style=\"text-align: justify;\"><span class=\"TextRun SCXW142190351 BCX8\" lang=\"FR\" xml:lang=\"FR\" data-contrast=\"auto\"><span class=\"NormalTextRun SCXW142190351 BCX8\">Pour mieux appr\u00e9hender le travail de Damien Langlois-Meurinne, imaginez la mer, le sable et le soleil&#8230; ainsi qu\u2019une bonne musique ! Surfeur dans l&#8217;\u00e2me, le c\u00e9l\u00e8bre architecte d&#8217;int\u00e9rieur fran\u00e7ais allie harmonieusement l&#8217;\u00e9l\u00e9gance de la cr\u00e9ation d&#8217;int\u00e9rieurs magnifiques \u00e0 sa passion du surf et \u00e0 son amour ind\u00e9fectible pour tous les tubes musicaux qui donnent envie de chanter. Ses cr\u00e9ations ne sont pas seulement des pi\u00e8ces de mobilier d\u00e9licatement travaill\u00e9es ; elles portent en elles une histoire, comme en t\u00e9moignent leurs noms.<\/span><\/span><span class=\"EOP SCXW142190351 BCX8\" data-ccp-props=\"{&quot;134233117&quot;:false,&quot;134233118&quot;:false,&quot;201341983&quot;:0,&quot;335551550&quot;:0,&quot;335551620&quot;:0,&quot;335559738&quot;:0,&quot;335559739&quot;:0,&quot;335559740&quot;:259}\">\u00a0<\/span><\/p>\n<p>Le tapis Pembridge, nomm\u00e9 d\u2019apr\u00e8s une magnifique rue de Notting Hill \u00e0 Londres, est tuft\u00e9 \u00e0 la main dans un m\u00e9lange tactile de laine et de jute, avec un motif en soie ou en bambou. Il \u00e9voque le rythme apaisant du rivage \u2014 la chaleur du sable baign\u00e9 de soleil, le miroitement de la lumi\u00e8re sur l\u2019eau, l\u2019\u00e9cho doux des vagues qui se retirent. Subtil mais sophistiqu\u00e9, il ancre la pi\u00e8ce dans une atmosph\u00e8re de s\u00e9r\u00e9nit\u00e9, offrant \u00e0 la fois confort sous les pieds et po\u00e9sie en mouvement<\/p>\n","protected":false},"excerpt":{"rendered":"<p>Tapis tuft\u00e9 \u00e0 la main<br \/>\nFond en laine et jute<br \/>\nMotif en soie ou bambou<br \/>\nVelours et boucles<br \/>\nDimensions et couleurs sur-mesure sur demande<\/p>\n<p>Dimensions standard :<br \/>\n300 x 400 cm<\/p>\n<p><span lang=\"FR\">Tuft\u00e9 \u00e0 la main en France<br \/>\nD\u00e9lais de fabrication : 8 mois<br \/>\n<\/span><\/p>\n<p><span style=\"text-decoration: underline;\"><a href=\"https:\/\/www.theinvisiblecollection.com\/fr\/demande-de-devis\/?product_id=138726\" target=\"_blank\" rel=\"noopener\"><span lang=\"FR\">Contactez-nous pour toute demande de devis ou de renseignement<\/span><\/a><\/span><\/p>\n","protected":false},"featured_media":138837,"template":"","meta":{"_acf_changed":false,"content-type":"","_themeisle_gutenberg_block_has_review":false},"product_brand":[],"product_cat":[12540,12541],"product_tag":[31474,35206],"product_designer":[8891,24862],"comfabric":[],"manufacturer":[16762],"reporting_designer":[37550],"samplecomfabric":[],"designer_clubroom":[],"class_list":{"0":"post-138726","1":"product","2":"type-product","3":"status-publish","4":"has-post-thumbnail","6":"product_cat-tapis-fr","7":"product_cat-tufte-a-la-main","8":"product_tag-co-white-fr","9":"product_tag-exclusive-fr","10":"pa_color-beige-original-fr","11":"pa_color-couleurs-personalisees","12":"pa_material-laine-et-jute-avec-motif-en-bambou","13":"pa_material-laine-et-jute-avec-motif-en-soie","14":"pa_size-dimensions-standards","15":"pa_size-dimensions-sur-mesure-fr","16":"product_designer-damien-langlois-meurinne-fr","17":"product_designer-manufacture-de-tapis-de-bourgogne-fr","18":"manufacturer-manufacture-de-tapis-de-bourgogne-fr","19":"reporting_designer-manufacture-de-tapis-de-bourgogne","21":"first","22":"instock","23":"taxable","24":"shipping-taxable","25":"product-type-variable"},"acf":[],"_links":{"self":[{"href":"https:\/\/theinvisiblecollection.com\/fr\/wp-json\/wp\/v2\/product\/138726","targetHints":{"allow":["GET"]}}],"collection":[{"href":"https:\/\/theinvisiblecollection.com\/fr\/wp-json\/wp\/v2\/product"}],"about":[{"href":"https:\/\/theinvisiblecollection.com\/fr\/wp-json\/wp\/v2\/types\/product"}],"wp:featuredmedia":[{"embeddable":true,"href":"https:\/\/theinvisiblecollection.com\/fr\/wp-json\/wp\/v2\/media\/138837"}],"wp:attachment":[{"href":"https:\/\/theinvisiblecollection.com\/fr\/wp-json\/wp\/v2\/media?parent=138726"}],"wp:term":[{"taxonomy":"product_brand","embeddable":true,"href":"https:\/\/theinvisiblecollection.com\/fr\/wp-json\/wp\/v2\/product_brand?post=138726"},{"taxonomy":"product_cat","embeddable":true,"href":"https:\/\/theinvisiblecollection.com\/fr\/wp-json\/wp\/v2\/product_cat?post=138726"},{"taxonomy":"product_tag","embeddable":true,"href":"https:\/\/theinvisiblecollection.com\/fr\/wp-json\/wp\/v2\/product_tag?post=138726"},{"taxonomy":"product_designer","embeddable":true,"href":"https:\/\/theinvisiblecollection.com\/fr\/wp-json\/wp\/v2\/product_designer?post=138726"},{"taxonomy":"comfabric","embeddable":true,"href":"https:\/\/theinvisiblecollection.com\/fr\/wp-json\/wp\/v2\/comfabric?post=138726"},{"taxonomy":"manufacturer","embeddable":true,"href":"https:\/\/theinvisiblecollection.com\/fr\/wp-json\/wp\/v2\/manufacturer?post=138726"},{"taxonomy":"reporting_designer","embeddable":true,"href":"https:\/\/theinvisiblecollection.com\/fr\/wp-json\/wp\/v2\/reporting_designer?post=138726"},{"taxonomy":"samplecomfabric","embeddable":true,"href":"https:\/\/theinvisiblecollection.com\/fr\/wp-json\/wp\/v2\/samplecomfabric?post=138726"},{"taxonomy":"clubroom_product_designer","embeddable":true,"href":"https:\/\/theinvisiblecollection.com\/fr\/wp-json\/wp\/v2\/designer_clubroom?post=138726"}],"curies":[{"name":"wp","href":"https:\/\/api.w.org\/{rel}","templated":true}]}}