{"id":138794,"date":"2022-06-21T08:58:33","date_gmt":"2022-06-21T07:58:33","guid":{"rendered":"https:\/\/theinvisiblecollection.com\/?post_type=product&#038;p=138794"},"modified":"2026-05-01T07:38:49","modified_gmt":"2026-05-01T07:38:49","slug":"elsa-barbillon-manufacture-de-tapis-de-bourgogne-tapis-ressac","status":"publish","type":"product","link":"https:\/\/theinvisiblecollection.com\/fr\/produit\/elsa-barbillon-manufacture-de-tapis-de-bourgogne-tapis-ressac\/","title":{"rendered":"Tapis Ressac"},"content":{"rendered":"<p style=\"text-align: justify;\">Ressac by Elsa Barbillon : une caresse des vagues, bruissement du sable. Elsa Barbillon nous invite \u00e0 travers ce tapis \u00e0 renouer avec notre quotidien et \u00e0 savourer notre relation sensible avec le monde.\u00a0 Ce tapis, tiss\u00e9 et touffet\u00e9 \u00e0 la main, avec des zones de velours coup\u00e9, d\u2019autres de velours boucl\u00e9 et de tissage plat, mariant les textures, les densit\u00e9s et les diff\u00e9rentes \u00e9paisseurs est \u00e9galement un v\u00e9ritable exploit technique.<\/p>\n","protected":false},"excerpt":{"rendered":"<p>Tapis tiss\u00e9 et tuft\u00e9 en 100% laine<br \/>\nVelours et boucles<br \/>\nDimensions et couleurs sur-mesure sur demande<\/p>\n<p>Dimensions standard :<br \/>\n300 x 400 cm<\/p>\n<p><span lang=\"FR\">Tiss\u00e9 et tuft\u00e9 \u00e0 la main en France<br \/>\nD\u00e9lais de fabrication : 8 mois<br \/>\n<\/span><\/p>\n<p><span style=\"text-decoration: underline;\"><a href=\"https:\/\/www.theinvisiblecollection.com\/fr\/demande-de-devis\/?product_id=138794\" target=\"_blank\" rel=\"noopener\"><span lang=\"FR\">Contactez-nous pour toute demande de devis ou de renseignement<\/span><\/a><\/span><\/p>\n","protected":false},"featured_media":138861,"template":"","meta":{"_acf_changed":false,"content-type":"","_themeisle_gutenberg_block_has_review":false},"product_brand":[],"product_cat":[12540,17999],"product_tag":[31477],"product_designer":[11929,24862],"comfabric":[],"manufacturer":[16762],"reporting_designer":[37550],"samplecomfabric":[],"designer_clubroom":[],"class_list":{"0":"post-138794","1":"product","2":"type-product","3":"status-publish","4":"has-post-thumbnail","6":"product_cat-tapis-fr","7":"product_cat-tisses-a-la-main","8":"product_tag-st-curvy-fr","9":"pa_size-dimensions-standards","10":"pa_size-dimensions-sur-mesure-fr","11":"product_designer-elsa-barbillon-fr","12":"product_designer-manufacture-de-tapis-de-bourgogne-fr","13":"manufacturer-manufacture-de-tapis-de-bourgogne-fr","14":"reporting_designer-manufacture-de-tapis-de-bourgogne","16":"first","17":"instock","18":"taxable","19":"shipping-taxable","20":"product-type-variable"},"acf":[],"_links":{"self":[{"href":"https:\/\/theinvisiblecollection.com\/fr\/wp-json\/wp\/v2\/product\/138794","targetHints":{"allow":["GET"]}}],"collection":[{"href":"https:\/\/theinvisiblecollection.com\/fr\/wp-json\/wp\/v2\/product"}],"about":[{"href":"https:\/\/theinvisiblecollection.com\/fr\/wp-json\/wp\/v2\/types\/product"}],"wp:featuredmedia":[{"embeddable":true,"href":"https:\/\/theinvisiblecollection.com\/fr\/wp-json\/wp\/v2\/media\/138861"}],"wp:attachment":[{"href":"https:\/\/theinvisiblecollection.com\/fr\/wp-json\/wp\/v2\/media?parent=138794"}],"wp:term":[{"taxonomy":"product_brand","embeddable":true,"href":"https:\/\/theinvisiblecollection.com\/fr\/wp-json\/wp\/v2\/product_brand?post=138794"},{"taxonomy":"product_cat","embeddable":true,"href":"https:\/\/theinvisiblecollection.com\/fr\/wp-json\/wp\/v2\/product_cat?post=138794"},{"taxonomy":"product_tag","embeddable":true,"href":"https:\/\/theinvisiblecollection.com\/fr\/wp-json\/wp\/v2\/product_tag?post=138794"},{"taxonomy":"product_designer","embeddable":true,"href":"https:\/\/theinvisiblecollection.com\/fr\/wp-json\/wp\/v2\/product_designer?post=138794"},{"taxonomy":"comfabric","embeddable":true,"href":"https:\/\/theinvisiblecollection.com\/fr\/wp-json\/wp\/v2\/comfabric?post=138794"},{"taxonomy":"manufacturer","embeddable":true,"href":"https:\/\/theinvisiblecollection.com\/fr\/wp-json\/wp\/v2\/manufacturer?post=138794"},{"taxonomy":"reporting_designer","embeddable":true,"href":"https:\/\/theinvisiblecollection.com\/fr\/wp-json\/wp\/v2\/reporting_designer?post=138794"},{"taxonomy":"samplecomfabric","embeddable":true,"href":"https:\/\/theinvisiblecollection.com\/fr\/wp-json\/wp\/v2\/samplecomfabric?post=138794"},{"taxonomy":"clubroom_product_designer","embeddable":true,"href":"https:\/\/theinvisiblecollection.com\/fr\/wp-json\/wp\/v2\/designer_clubroom?post=138794"}],"curies":[{"name":"wp","href":"https:\/\/api.w.org\/{rel}","templated":true}]}}