{"id":138798,"date":"2022-06-21T09:12:42","date_gmt":"2022-06-21T08:12:42","guid":{"rendered":"https:\/\/theinvisiblecollection.com\/?post_type=product&#038;p=138798"},"modified":"2026-05-08T04:40:02","modified_gmt":"2026-05-08T04:40:02","slug":"willy-rizzo-table-basse-rectangulaire-t-r-v","status":"publish","type":"product","link":"https:\/\/theinvisiblecollection.com\/fr\/produit\/willy-rizzo-table-basse-rectangulaire-t-r-v\/","title":{"rendered":"Table Basse Rectangulaire T.R.V"},"content":{"rendered":"<p style=\"text-align: justify;\"><span class=\"TextRun SCXW200283093 BCX0\" lang=\"FR-FR\" xml:lang=\"FR-FR\" data-contrast=\"auto\"><span class=\"NormalTextRun SCXW200283093 BCX0\">La table TRV de Willy Rizzo est une autre de ses cr\u00e9ations embl\u00e9matiques, cr\u00e9\u00e9e au d\u00e9but des ann\u00e9es 70. &#8220;Je voulais fabriquer mes tables avec des mat\u00e9riaux nobles. Elles ne sont pas con\u00e7ues pour \u00eatre des meubles &#8216;gadgets&#8217;. Ce sont des pi\u00e8ces intemporelles et indestructibles faites pour durer toujours.&#8221; Willy Rizzo.<\/span><\/span><span class=\"EOP SCXW200283093 BCX0\" data-ccp-props=\"{&quot;201341983&quot;:0,&quot;335551550&quot;:0,&quot;335551620&quot;:0,&quot;335559740&quot;:259}\">\u00a0<\/span><\/p>\n","protected":false},"excerpt":{"rendered":"<p>Sign\u00e9e et num\u00e9rot\u00e9e<br \/>\nTable basse rectangulaire en laque bleu marine<br \/>\nVasque et base en acier inoxydable poli<\/p>\n<p>L 130 x l 70 x H 30 cm<\/p>\n<p><p class=\"p1\">Fabriqu\u00e9e \u00e0 la main en Italie<br \/>\nD\u00e9lais de fabrication : 8 semaines<\/p>\n<p class=\"p2\"><span style=\"text-decoration: underline;\"><span class=\"s1\"><a href=\"https:\/\/www.theinvisiblecollection.com\/demande-de-devis\/?product_id=138798\" target=\"_blank\" rel=\"noopener\">Contactez-nous pour toute demande de devis ou de renseignements<\/a><\/span><\/span><\/p><\/p>\n","protected":false},"featured_media":138800,"template":"","meta":{"_acf_changed":false,"content-type":"","_themeisle_gutenberg_block_has_review":false},"product_brand":[],"product_cat":[7509,12503],"product_tag":[31477],"product_designer":[17893],"comfabric":[],"manufacturer":[17891],"reporting_designer":[37196],"samplecomfabric":[],"designer_clubroom":[],"class_list":{"0":"post-138798","1":"product","2":"type-product","3":"status-publish","4":"has-post-thumbnail","6":"product_cat-tables-basses-dappoint","7":"product_cat-tables-fr","8":"product_tag-st-curvy-fr","9":"product_designer-willy-rizzo-fr","10":"manufacturer-willy-rizzo","11":"reporting_designer-willy-rizzo","13":"first","14":"instock","15":"taxable","16":"shipping-taxable","17":"purchasable","18":"product-type-simple"},"acf":[],"_links":{"self":[{"href":"https:\/\/theinvisiblecollection.com\/fr\/wp-json\/wp\/v2\/product\/138798","targetHints":{"allow":["GET"]}}],"collection":[{"href":"https:\/\/theinvisiblecollection.com\/fr\/wp-json\/wp\/v2\/product"}],"about":[{"href":"https:\/\/theinvisiblecollection.com\/fr\/wp-json\/wp\/v2\/types\/product"}],"wp:featuredmedia":[{"embeddable":true,"href":"https:\/\/theinvisiblecollection.com\/fr\/wp-json\/wp\/v2\/media\/138800"}],"wp:attachment":[{"href":"https:\/\/theinvisiblecollection.com\/fr\/wp-json\/wp\/v2\/media?parent=138798"}],"wp:term":[{"taxonomy":"product_brand","embeddable":true,"href":"https:\/\/theinvisiblecollection.com\/fr\/wp-json\/wp\/v2\/product_brand?post=138798"},{"taxonomy":"product_cat","embeddable":true,"href":"https:\/\/theinvisiblecollection.com\/fr\/wp-json\/wp\/v2\/product_cat?post=138798"},{"taxonomy":"product_tag","embeddable":true,"href":"https:\/\/theinvisiblecollection.com\/fr\/wp-json\/wp\/v2\/product_tag?post=138798"},{"taxonomy":"product_designer","embeddable":true,"href":"https:\/\/theinvisiblecollection.com\/fr\/wp-json\/wp\/v2\/product_designer?post=138798"},{"taxonomy":"comfabric","embeddable":true,"href":"https:\/\/theinvisiblecollection.com\/fr\/wp-json\/wp\/v2\/comfabric?post=138798"},{"taxonomy":"manufacturer","embeddable":true,"href":"https:\/\/theinvisiblecollection.com\/fr\/wp-json\/wp\/v2\/manufacturer?post=138798"},{"taxonomy":"reporting_designer","embeddable":true,"href":"https:\/\/theinvisiblecollection.com\/fr\/wp-json\/wp\/v2\/reporting_designer?post=138798"},{"taxonomy":"samplecomfabric","embeddable":true,"href":"https:\/\/theinvisiblecollection.com\/fr\/wp-json\/wp\/v2\/samplecomfabric?post=138798"},{"taxonomy":"clubroom_product_designer","embeddable":true,"href":"https:\/\/theinvisiblecollection.com\/fr\/wp-json\/wp\/v2\/designer_clubroom?post=138798"}],"curies":[{"name":"wp","href":"https:\/\/api.w.org\/{rel}","templated":true}]}}