{"id":138808,"date":"2022-06-21T09:20:54","date_gmt":"2022-06-21T08:20:54","guid":{"rendered":"https:\/\/theinvisiblecollection.com\/?post_type=product&#038;p=138808"},"modified":"2026-05-01T07:38:49","modified_gmt":"2026-05-01T07:38:49","slug":"willy-rizzo-table-basse-rectangulaire-b-a-r","status":"publish","type":"product","link":"https:\/\/theinvisiblecollection.com\/fr\/produit\/willy-rizzo-table-basse-rectangulaire-b-a-r\/","title":{"rendered":"Table Basse Rectangulaire B.A.R"},"content":{"rendered":"<p style=\"text-align: justify;\"><span class=\"TextRun SCXW50307580 BCX0\" lang=\"FR-FR\" xml:lang=\"FR-FR\" data-contrast=\"auto\"><span class=\"NormalTextRun SCXW50307580 BCX0\">La table basse Bar de Willy Rizzo est le parfait exemple de la symbiose entre la forme et la fonction. Le designer italien aimait cr\u00e9er des meubles \u00e0 la fois utiles, beaux, chics et agr\u00e9ables \u00e0 vivre. La table basse Bar remplit tous ces crit\u00e8res avec une caract\u00e9ristique suppl\u00e9mentaire : un couvercle qui la couvre en cachant tout son contenu, pour une vision pure et soign\u00e9e.\u00a0\u00a0<\/span><\/span><\/p>\n","protected":false},"excerpt":{"rendered":"<p>Sign\u00e9e et num\u00e9rot\u00e9e<br \/>\nTable basse rectangulaire avec plateau coulissant en verre noir miroir<br \/>\nS&#8217;ouvrant sur un bassin en acier inoxydable poli<\/p>\n<p>L 140 x l 80 x H 35 cm<\/p>\n<p><p class=\"p1\">Fabriqu\u00e9e \u00e0 la main en Italie<br \/>\nD\u00e9lais de fabrication : 8 semaines<\/p>\n<p class=\"p2\"><span style=\"text-decoration: underline;\"><span class=\"s1\"><a href=\"https:\/\/www.theinvisiblecollection.com\/demande-de-devis\/?product_id=138808\" target=\"_blank\" rel=\"noopener\">Contactez-nous pour toute demande de devis ou de renseignements<\/a><\/span><\/span><\/p><\/p>\n","protected":false},"featured_media":138810,"template":"","meta":{"_acf_changed":false,"content-type":"","_themeisle_gutenberg_block_has_review":false},"product_brand":[],"product_cat":[7509,12503],"product_tag":[],"product_designer":[17893],"comfabric":[],"manufacturer":[17891],"reporting_designer":[37196],"samplecomfabric":[],"designer_clubroom":[],"class_list":{"0":"post-138808","1":"product","2":"type-product","3":"status-publish","4":"has-post-thumbnail","6":"product_cat-tables-basses-dappoint","7":"product_cat-tables-fr","8":"product_designer-willy-rizzo-fr","9":"manufacturer-willy-rizzo","10":"reporting_designer-willy-rizzo","12":"first","13":"instock","14":"taxable","15":"shipping-taxable","16":"purchasable","17":"product-type-simple"},"acf":[],"_links":{"self":[{"href":"https:\/\/theinvisiblecollection.com\/fr\/wp-json\/wp\/v2\/product\/138808","targetHints":{"allow":["GET"]}}],"collection":[{"href":"https:\/\/theinvisiblecollection.com\/fr\/wp-json\/wp\/v2\/product"}],"about":[{"href":"https:\/\/theinvisiblecollection.com\/fr\/wp-json\/wp\/v2\/types\/product"}],"wp:featuredmedia":[{"embeddable":true,"href":"https:\/\/theinvisiblecollection.com\/fr\/wp-json\/wp\/v2\/media\/138810"}],"wp:attachment":[{"href":"https:\/\/theinvisiblecollection.com\/fr\/wp-json\/wp\/v2\/media?parent=138808"}],"wp:term":[{"taxonomy":"product_brand","embeddable":true,"href":"https:\/\/theinvisiblecollection.com\/fr\/wp-json\/wp\/v2\/product_brand?post=138808"},{"taxonomy":"product_cat","embeddable":true,"href":"https:\/\/theinvisiblecollection.com\/fr\/wp-json\/wp\/v2\/product_cat?post=138808"},{"taxonomy":"product_tag","embeddable":true,"href":"https:\/\/theinvisiblecollection.com\/fr\/wp-json\/wp\/v2\/product_tag?post=138808"},{"taxonomy":"product_designer","embeddable":true,"href":"https:\/\/theinvisiblecollection.com\/fr\/wp-json\/wp\/v2\/product_designer?post=138808"},{"taxonomy":"comfabric","embeddable":true,"href":"https:\/\/theinvisiblecollection.com\/fr\/wp-json\/wp\/v2\/comfabric?post=138808"},{"taxonomy":"manufacturer","embeddable":true,"href":"https:\/\/theinvisiblecollection.com\/fr\/wp-json\/wp\/v2\/manufacturer?post=138808"},{"taxonomy":"reporting_designer","embeddable":true,"href":"https:\/\/theinvisiblecollection.com\/fr\/wp-json\/wp\/v2\/reporting_designer?post=138808"},{"taxonomy":"samplecomfabric","embeddable":true,"href":"https:\/\/theinvisiblecollection.com\/fr\/wp-json\/wp\/v2\/samplecomfabric?post=138808"},{"taxonomy":"clubroom_product_designer","embeddable":true,"href":"https:\/\/theinvisiblecollection.com\/fr\/wp-json\/wp\/v2\/designer_clubroom?post=138808"}],"curies":[{"name":"wp","href":"https:\/\/api.w.org\/{rel}","templated":true}]}}