{"id":138869,"date":"2022-06-21T10:20:30","date_gmt":"2022-06-21T09:20:30","guid":{"rendered":"https:\/\/theinvisiblecollection.com\/?post_type=product&#038;p=138869"},"modified":"2026-05-08T04:40:02","modified_gmt":"2026-05-08T04:40:02","slug":"willy-rizzo-lampe-d-amour-ronde","status":"publish","type":"product","link":"https:\/\/theinvisiblecollection.com\/fr\/produit\/willy-rizzo-lampe-d-amour-ronde\/","title":{"rendered":"Lampe Ronde Love"},"content":{"rendered":"<p style=\"text-align: justify;\"><span class=\"TextRun SCXW34079092 BCX0\" lang=\"FR-FR\" xml:lang=\"FR-FR\" data-contrast=\"auto\"><span class=\"NormalTextRun SCXW34079092 BCX0\">La lampe ronde de Willy Rizzo est un hommage ludique \u00e0 l&#8217;amour et \u00e0 la romance. Lorsqu&#8217;il \u00e9tait d&#8217;humeur \u00e0 flirter, l\u2019artiste recouvrait les lampes de la pi\u00e8ce d&#8217;un foulard pour cr\u00e9er une atmosph\u00e8re plus chaleureuse et plus douce. D&#8217;o\u00f9 la collection de luminaires Love. La structure de la lampe est astucieusement con\u00e7ue pour pouvoir \u00eatre recouverte de n&#8217;importe quel type de tissu sans risquer de prendre feu. &#8220;J&#8217;aime les lampes parce que la lumi\u00e8re est tellement propice \u00e0 la s\u00e9duction. C&#8217;est aussi une lumi\u00e8re graduelle : elle passe de la clart\u00e9 \u00e0 l&#8217;ombre et a un sens du myst\u00e8re.&#8221; Willy Rizzo, 1971.\u00a0 <\/span><\/span><span class=\"EOP SCXW34079092 BCX0\" data-ccp-props=\"{&quot;201341983&quot;:0,&quot;335551550&quot;:0,&quot;335551620&quot;:0,&quot;335559740&quot;:259}\">\u00a0<\/span><\/p>\n","protected":false},"excerpt":{"rendered":"<p>Sign\u00e9e et num\u00e9rot\u00e9e<br \/>\nLampe \u00e0 poser ronde en laiton patin\u00e9 bronze<br \/>\nDoubl\u00e9e en cuivre avec variateur<br \/>\nAmpoule LED dimmable, 220W<br \/>\n\u00c9lectrifi\u00e9e pour le pays de votre choix<\/p>\n<p>\u00d8 35 x H 65 cm<\/p>\n<p class=\"p1\">Fabriqu\u00e9e \u00e0 la main en Italie<br \/>\nD\u00e9lais de fabrication : 8 semaines<\/p>\n<p class=\"p2\"><span style=\"text-decoration: underline;\"><span class=\"s1\"><a href=\"https:\/\/www.theinvisiblecollection.com\/demande-de-devis\/?product_id=138869\" target=\"_blank\" rel=\"noopener\">Contactez-nous pour toute demande de devis ou de renseignements<\/a><\/span><\/span><\/p>\n","protected":false},"featured_media":138872,"template":"","meta":{"_acf_changed":false,"content-type":"","_themeisle_gutenberg_block_has_review":false},"product_brand":[],"product_cat":[8974,12507,13076],"product_tag":[31477],"product_designer":[17893],"comfabric":[],"manufacturer":[17891],"reporting_designer":[37196],"samplecomfabric":[],"designer_clubroom":[],"class_list":{"0":"post-138869","1":"product","2":"type-product","3":"status-publish","4":"has-post-thumbnail","6":"product_cat-lampes-de-table","7":"product_cat-luminaires","8":"product_cat-bureau-a-la-maison","9":"product_tag-st-curvy-fr","10":"product_designer-willy-rizzo-fr","11":"manufacturer-willy-rizzo","12":"reporting_designer-willy-rizzo","14":"first","15":"instock","16":"taxable","17":"shipping-taxable","18":"purchasable","19":"product-type-variable"},"acf":[],"_links":{"self":[{"href":"https:\/\/theinvisiblecollection.com\/fr\/wp-json\/wp\/v2\/product\/138869","targetHints":{"allow":["GET"]}}],"collection":[{"href":"https:\/\/theinvisiblecollection.com\/fr\/wp-json\/wp\/v2\/product"}],"about":[{"href":"https:\/\/theinvisiblecollection.com\/fr\/wp-json\/wp\/v2\/types\/product"}],"wp:featuredmedia":[{"embeddable":true,"href":"https:\/\/theinvisiblecollection.com\/fr\/wp-json\/wp\/v2\/media\/138872"}],"wp:attachment":[{"href":"https:\/\/theinvisiblecollection.com\/fr\/wp-json\/wp\/v2\/media?parent=138869"}],"wp:term":[{"taxonomy":"product_brand","embeddable":true,"href":"https:\/\/theinvisiblecollection.com\/fr\/wp-json\/wp\/v2\/product_brand?post=138869"},{"taxonomy":"product_cat","embeddable":true,"href":"https:\/\/theinvisiblecollection.com\/fr\/wp-json\/wp\/v2\/product_cat?post=138869"},{"taxonomy":"product_tag","embeddable":true,"href":"https:\/\/theinvisiblecollection.com\/fr\/wp-json\/wp\/v2\/product_tag?post=138869"},{"taxonomy":"product_designer","embeddable":true,"href":"https:\/\/theinvisiblecollection.com\/fr\/wp-json\/wp\/v2\/product_designer?post=138869"},{"taxonomy":"comfabric","embeddable":true,"href":"https:\/\/theinvisiblecollection.com\/fr\/wp-json\/wp\/v2\/comfabric?post=138869"},{"taxonomy":"manufacturer","embeddable":true,"href":"https:\/\/theinvisiblecollection.com\/fr\/wp-json\/wp\/v2\/manufacturer?post=138869"},{"taxonomy":"reporting_designer","embeddable":true,"href":"https:\/\/theinvisiblecollection.com\/fr\/wp-json\/wp\/v2\/reporting_designer?post=138869"},{"taxonomy":"samplecomfabric","embeddable":true,"href":"https:\/\/theinvisiblecollection.com\/fr\/wp-json\/wp\/v2\/samplecomfabric?post=138869"},{"taxonomy":"clubroom_product_designer","embeddable":true,"href":"https:\/\/theinvisiblecollection.com\/fr\/wp-json\/wp\/v2\/designer_clubroom?post=138869"}],"curies":[{"name":"wp","href":"https:\/\/api.w.org\/{rel}","templated":true}]}}