{"id":138879,"date":"2022-06-21T10:27:35","date_gmt":"2022-06-21T09:27:35","guid":{"rendered":"https:\/\/theinvisiblecollection.com\/?post_type=product&#038;p=138879"},"modified":"2026-05-08T04:40:02","modified_gmt":"2026-05-08T04:40:02","slug":"lally-et-berger-tapis-umbrella","status":"publish","type":"product","link":"https:\/\/theinvisiblecollection.com\/fr\/produit\/lally-et-berger-tapis-umbrella\/","title":{"rendered":"Tapis Umbrella"},"content":{"rendered":"<p style=\"text-align: justify;\"><span data-contrast=\"none\">Dessin\u00e9 par Lally &amp; Berger, le tapis Umbrella de forme ronde tuft\u00e9 laine avec incrustation de baguette en ch\u00eane s&#8217;inspire d&#8217;une ombrelle japonaise.<\/span><span data-ccp-props=\"{&quot;201341983&quot;:0,&quot;335559740&quot;:259}\">\u00a0<\/span><\/p>\n<p style=\"text-align: justify;\"><span data-contrast=\"none\">La confection ainsi que le choix des mati\u00e8res naturelles laine et ch\u00eane sourc\u00e9s d\u00e9coule d&#8217;un process 100% fran\u00e7ais.<\/span><span data-ccp-props=\"{&quot;201341983&quot;:0,&quot;335559740&quot;:259}\">\u00a0<\/span><\/p>\n","protected":false},"excerpt":{"rendered":"<p>Tapis tuft\u00e9 \u00e0 la main en 100% laine<br \/>\nCoupe et boucles<br \/>\nPhotographi\u00e9 ici avec un b\u00e2ton en bois, disponible sur demande<br \/>\nVersion originale avec laine cisel\u00e9e beige<\/p>\n<p>Dimensions standard :<br \/>\n\u00d8 380 cm<br \/>\n\u00d8 480 cm<\/p>\n<p><span lang=\"FR\">Tiss\u00e9 \u00e0 la main en France<br \/>\nD\u00e9lais de fabrication : 8 mois<br \/>\n<\/span><\/p>\n<p><span style=\"text-decoration: underline;\"><a href=\"https:\/\/www.theinvisiblecollection.com\/fr\/demande-de-devis\/?product_id=138879\" target=\"_blank\" rel=\"noopener\"><span lang=\"FR\">Contactez-nous pour toute demande de devis ou de renseignement<\/span><\/a><\/span><\/p>\n","protected":false},"featured_media":138896,"template":"","meta":{"_acf_changed":false,"content-type":"","_themeisle_gutenberg_block_has_review":false},"product_brand":[],"product_cat":[12540,12541],"product_tag":[31474,31477],"product_designer":[17955,24862],"comfabric":[],"manufacturer":[16762],"reporting_designer":[37550],"samplecomfabric":[],"designer_clubroom":[],"class_list":{"0":"post-138879","1":"product","2":"type-product","3":"status-publish","4":"has-post-thumbnail","6":"product_cat-tapis-fr","7":"product_cat-tufte-a-la-main","8":"product_tag-co-white-fr","9":"product_tag-st-curvy-fr","10":"pa_color-couleur-photographiee","11":"pa_color-couleurs-personalisees","12":"pa_size-dimensions-sur-mesure-fr","13":"pa_size-l-280-x-l-100-x-h-80-fr","14":"pa_size-petit-fr","15":"product_designer-luc","16":"product_designer-manufacture-de-tapis-de-bourgogne-fr","17":"manufacturer-manufacture-de-tapis-de-bourgogne-fr","18":"reporting_designer-manufacture-de-tapis-de-bourgogne","20":"first","21":"instock","22":"taxable","23":"shipping-taxable","24":"product-type-variable"},"acf":[],"_links":{"self":[{"href":"https:\/\/theinvisiblecollection.com\/fr\/wp-json\/wp\/v2\/product\/138879","targetHints":{"allow":["GET"]}}],"collection":[{"href":"https:\/\/theinvisiblecollection.com\/fr\/wp-json\/wp\/v2\/product"}],"about":[{"href":"https:\/\/theinvisiblecollection.com\/fr\/wp-json\/wp\/v2\/types\/product"}],"wp:featuredmedia":[{"embeddable":true,"href":"https:\/\/theinvisiblecollection.com\/fr\/wp-json\/wp\/v2\/media\/138896"}],"wp:attachment":[{"href":"https:\/\/theinvisiblecollection.com\/fr\/wp-json\/wp\/v2\/media?parent=138879"}],"wp:term":[{"taxonomy":"product_brand","embeddable":true,"href":"https:\/\/theinvisiblecollection.com\/fr\/wp-json\/wp\/v2\/product_brand?post=138879"},{"taxonomy":"product_cat","embeddable":true,"href":"https:\/\/theinvisiblecollection.com\/fr\/wp-json\/wp\/v2\/product_cat?post=138879"},{"taxonomy":"product_tag","embeddable":true,"href":"https:\/\/theinvisiblecollection.com\/fr\/wp-json\/wp\/v2\/product_tag?post=138879"},{"taxonomy":"product_designer","embeddable":true,"href":"https:\/\/theinvisiblecollection.com\/fr\/wp-json\/wp\/v2\/product_designer?post=138879"},{"taxonomy":"comfabric","embeddable":true,"href":"https:\/\/theinvisiblecollection.com\/fr\/wp-json\/wp\/v2\/comfabric?post=138879"},{"taxonomy":"manufacturer","embeddable":true,"href":"https:\/\/theinvisiblecollection.com\/fr\/wp-json\/wp\/v2\/manufacturer?post=138879"},{"taxonomy":"reporting_designer","embeddable":true,"href":"https:\/\/theinvisiblecollection.com\/fr\/wp-json\/wp\/v2\/reporting_designer?post=138879"},{"taxonomy":"samplecomfabric","embeddable":true,"href":"https:\/\/theinvisiblecollection.com\/fr\/wp-json\/wp\/v2\/samplecomfabric?post=138879"},{"taxonomy":"clubroom_product_designer","embeddable":true,"href":"https:\/\/theinvisiblecollection.com\/fr\/wp-json\/wp\/v2\/designer_clubroom?post=138879"}],"curies":[{"name":"wp","href":"https:\/\/api.w.org\/{rel}","templated":true}]}}