{"id":138906,"date":"2022-06-21T10:51:21","date_gmt":"2022-06-21T09:51:21","guid":{"rendered":"https:\/\/theinvisiblecollection.com\/?post_type=product&#038;p=138906"},"modified":"2026-05-08T04:40:02","modified_gmt":"2026-05-08T04:40:02","slug":"willy-rizzo-applique-damour-triangulaire","status":"publish","type":"product","link":"https:\/\/theinvisiblecollection.com\/fr\/produit\/willy-rizzo-applique-damour-triangulaire\/","title":{"rendered":"Paire D&#8217;Applique Triangulaire Love"},"content":{"rendered":"<p style=\"text-align: justify;\"><span class=\"TextRun SCXW244462717 BCX0\" lang=\"FR-FR\" xml:lang=\"FR-FR\" data-contrast=\"auto\"><span class=\"NormalTextRun SCXW244462717 BCX0\">La lampe murale triangulaire Love de Willy Rizzo est un hommage ludique \u00e0 l&#8217;amour et \u00e0 la romance. Lorsqu&#8217;il \u00e9tait d&#8217;humeur \u00e0 flirter, l\u2019artiste recouvrait les lampes de la pi\u00e8ce d&#8217;un foulard pour cr\u00e9er une atmosph\u00e8re plus chaleureuse et plus douce. D&#8217;o\u00f9 la collection de luminaires Amour. La structure de la lampe est astucieusement con\u00e7ue pour pouvoir \u00eatre recouverte de n&#8217;importe quel type de tissu sans risquer de l&#8217;enflammer. &#8220;J&#8217;aime les lampes parce que la lumi\u00e8re est vraiment propice \u00e0 la s\u00e9duction. C&#8217;est aussi une lumi\u00e8re graduelle : elle passe de la clart\u00e9 \u00e0 l&#8217;ombre et d\u00e9ploie une sensation de myst\u00e8re.&#8221; Willy Rizzo, 1971.\u00a0 <\/span><\/span><span class=\"EOP SCXW244462717 BCX0\" data-ccp-props=\"{&quot;201341983&quot;:0,&quot;335551550&quot;:0,&quot;335551620&quot;:0,&quot;335559740&quot;:259}\">\u00a0<\/span><\/p>\n","protected":false},"excerpt":{"rendered":"<p>Sign\u00e9e et num\u00e9rot\u00e9e<br \/>\nPaire d&#8217;applique triangulaire en acier inoxydable<br \/>\nAmpoule LED dimmable, 220W<br \/>\n\u00c9lectrifi\u00e9e pour le pays de votre choix<\/p>\n<p>L 20 x l 28 x H 36 cm<\/p>\n<p class=\"p1\">Fabriqu\u00e9e \u00e0 la main en Italie<br \/>\nD\u00e9lais de fabrication : 8 semaines<\/p>\n<p class=\"p2\"><span style=\"text-decoration: underline;\"><span class=\"s1\"><a href=\"https:\/\/www.theinvisiblecollection.com\/demande-de-devis\/?product_id=138906\" target=\"_blank\" rel=\"noopener\">Contactez-nous pour toute demande de devis ou de renseignements<\/a><\/span><\/span><\/p>\n","protected":false},"featured_media":140651,"template":"","meta":{"_acf_changed":false,"content-type":"","_themeisle_gutenberg_block_has_review":false},"product_brand":[],"product_cat":[8975,12507],"product_tag":[],"product_designer":[17893],"comfabric":[],"manufacturer":[17891],"reporting_designer":[37196],"samplecomfabric":[],"designer_clubroom":[],"class_list":{"0":"post-138906","1":"product","2":"type-product","3":"status-publish","4":"has-post-thumbnail","6":"product_cat-appliques-murales","7":"product_cat-luminaires","8":"product_designer-willy-rizzo-fr","9":"manufacturer-willy-rizzo","10":"reporting_designer-willy-rizzo","12":"first","13":"instock","14":"taxable","15":"shipping-taxable","16":"purchasable","17":"product-type-variable"},"acf":[],"_links":{"self":[{"href":"https:\/\/theinvisiblecollection.com\/fr\/wp-json\/wp\/v2\/product\/138906","targetHints":{"allow":["GET"]}}],"collection":[{"href":"https:\/\/theinvisiblecollection.com\/fr\/wp-json\/wp\/v2\/product"}],"about":[{"href":"https:\/\/theinvisiblecollection.com\/fr\/wp-json\/wp\/v2\/types\/product"}],"wp:featuredmedia":[{"embeddable":true,"href":"https:\/\/theinvisiblecollection.com\/fr\/wp-json\/wp\/v2\/media\/140651"}],"wp:attachment":[{"href":"https:\/\/theinvisiblecollection.com\/fr\/wp-json\/wp\/v2\/media?parent=138906"}],"wp:term":[{"taxonomy":"product_brand","embeddable":true,"href":"https:\/\/theinvisiblecollection.com\/fr\/wp-json\/wp\/v2\/product_brand?post=138906"},{"taxonomy":"product_cat","embeddable":true,"href":"https:\/\/theinvisiblecollection.com\/fr\/wp-json\/wp\/v2\/product_cat?post=138906"},{"taxonomy":"product_tag","embeddable":true,"href":"https:\/\/theinvisiblecollection.com\/fr\/wp-json\/wp\/v2\/product_tag?post=138906"},{"taxonomy":"product_designer","embeddable":true,"href":"https:\/\/theinvisiblecollection.com\/fr\/wp-json\/wp\/v2\/product_designer?post=138906"},{"taxonomy":"comfabric","embeddable":true,"href":"https:\/\/theinvisiblecollection.com\/fr\/wp-json\/wp\/v2\/comfabric?post=138906"},{"taxonomy":"manufacturer","embeddable":true,"href":"https:\/\/theinvisiblecollection.com\/fr\/wp-json\/wp\/v2\/manufacturer?post=138906"},{"taxonomy":"reporting_designer","embeddable":true,"href":"https:\/\/theinvisiblecollection.com\/fr\/wp-json\/wp\/v2\/reporting_designer?post=138906"},{"taxonomy":"samplecomfabric","embeddable":true,"href":"https:\/\/theinvisiblecollection.com\/fr\/wp-json\/wp\/v2\/samplecomfabric?post=138906"},{"taxonomy":"clubroom_product_designer","embeddable":true,"href":"https:\/\/theinvisiblecollection.com\/fr\/wp-json\/wp\/v2\/designer_clubroom?post=138906"}],"curies":[{"name":"wp","href":"https:\/\/api.w.org\/{rel}","templated":true}]}}