{"id":1390411,"date":"2022-12-27T07:32:52","date_gmt":"2022-12-27T06:32:52","guid":{"rendered":"https:\/\/theinvisiblecollection.com\/?post_type=product&#038;p=1390411"},"modified":"2026-05-01T07:38:22","modified_gmt":"2026-05-01T07:38:22","slug":"leo-sentou-fauteuil-oval","status":"publish","type":"product","link":"https:\/\/theinvisiblecollection.com\/fr\/produit\/leo-sentou-fauteuil-oval\/","title":{"rendered":"Fauteuil Oval"},"content":{"rendered":"<p style=\"text-align: justify;\"><span class=\"TextRun SCXW257287290 BCX0\" lang=\"EN-GB\" xml:lang=\"EN-GB\" data-contrast=\"auto\"><span class=\"NormalTextRun SCXW257287290 BCX0\">Le fauteuil Oval <\/span><span class=\"NormalTextRun SpellingErrorV2Themed SCXW257287290 BCX0\">est<\/span><span class=\"NormalTextRun SCXW257287290 BCX0\"> inspir\u00e9 <\/span><span class=\"NormalTextRun SpellingErrorV2Themed SCXW257287290 BCX0\">d&#8217;une<\/span> berg\u00e8re\u00a0<span class=\"NormalTextRun SpellingErrorV2Themed SCXW257287290 BCX0\">ovale<\/span><span class=\"NormalTextRun SCXW257287290 BCX0\"> par <\/span><span class=\"NormalTextRun SpellingErrorV2Themed SCXW257287290 BCX0\">maitre<\/span><span class=\"NormalTextRun SCXW257287290 BCX0\"> menuisier Louis <\/span><span class=\"NormalTextRun SpellingErrorV2Themed SCXW257287290 BCX0\">Delanois<\/span><span class=\"NormalTextRun SCXW257287290 BCX0\"> (1731-1792). Enti\u00e8rement<\/span><span class=\"NormalTextRun SCXW257287290 BCX0\">\u00a0fait a la main <\/span><span class=\"NormalTextRun SpellingErrorV2Themed SCXW257287290 BCX0\">en<\/span><span class=\"NormalTextRun SCXW257287290 BCX0\"> Europe par <\/span><span class=\"NormalTextRun SpellingErrorV2Themed SCXW257287290 BCX0\">une<\/span> \u00e9quipe\u00a0<span class=\"NormalTextRun SpellingErrorV2Themed SCXW257287290 BCX0\">d&#8217;artisans<\/span><span class=\"NormalTextRun SCXW257287290 BCX0\"> de talent le siege <\/span><span class=\"NormalTextRun SpellingErrorV2Themed SCXW257287290 BCX0\">est<\/span> <span class=\"NormalTextRun SpellingErrorV2Themed SCXW257287290 BCX0\">tapisse<\/span> <span class=\"NormalTextRun SpellingErrorV2Themed SCXW257287290 BCX0\">en<\/span><span class=\"NormalTextRun SCXW257287290 BCX0\"> mohair et repose sur <\/span><span class=\"NormalTextRun ContextualSpellingAndGrammarErrorV2Themed SCXW257287290 BCX0\">un<\/span><span class=\"NormalTextRun SCXW257287290 BCX0\"> set de quatre <\/span><span class=\"NormalTextRun SpellingErrorV2Themed SCXW257287290 BCX0\">pieds<\/span> <span class=\"NormalTextRun SpellingErrorV2Themed SCXW257287290 BCX0\">en<\/span><span class=\"NormalTextRun SCXW257287290 BCX0\"> bronze gouge. Le m\u00e9daillon <\/span><span class=\"NormalTextRun SCXW257287290 BCX0\">\u00a0et <\/span><span class=\"NormalTextRun SpellingErrorV2Themed SCXW257287290 BCX0\">accoudoirs<\/span><span class=\"NormalTextRun SCXW257287290 BCX0\"> que <\/span><span class=\"NormalTextRun SpellingErrorV2Themed SCXW257287290 BCX0\">l&#8217;on<\/span> <span class=\"NormalTextRun SpellingErrorV2Themed SCXW257287290 BCX0\">peut<\/span> <span class=\"NormalTextRun SpellingErrorV2Themed SCXW257287290 BCX0\">trouver<\/span><span class=\"NormalTextRun SCXW257287290 BCX0\"> dans le mobilier <\/span><span class=\"NormalTextRun SpellingErrorV2Themed SCXW257287290 BCX0\">typique<\/span><span class=\"NormalTextRun SCXW257287290 BCX0\"> Louis XVI <\/span><span class=\"NormalTextRun SpellingErrorV2Themed SCXW257287290 BCX0\">ont<\/span> \u00e9t\u00e9<span class=\"NormalTextRun SCXW257287290 BCX0\"> simplifies et font part du travail de tapisserie<\/span><span class=\"NormalTextRun SCXW257287290 BCX0\">, <\/span><span class=\"NormalTextRun SpellingErrorV2Themed SCXW257287290 BCX0\">devenant<\/span> <span class=\"NormalTextRun SpellingErrorV2Themed SCXW257287290 BCX0\">ainsi<\/span><span class=\"NormalTextRun SCXW257287290 BCX0\"> un echo sculptural a <\/span><span class=\"NormalTextRun SpellingErrorV2Themed SCXW257287290 BCX0\">ce<\/span><span class=\"NormalTextRun SCXW257287290 BCX0\"> qui d\u00e9finit<\/span>\u00a0<span class=\"NormalTextRun SpellingErrorV2Themed SCXW257287290 BCX0\">depuis<\/span><span class=\"NormalTextRun SCXW257287290 BCX0\"> plus de deux cents <\/span><span class=\"NormalTextRun SpellingErrorV2Themed SCXW257287290 BCX0\">ans<\/span><span class=\"NormalTextRun SCXW257287290 BCX0\"> le style fran\u00e7ais<\/span><span class=\"NormalTextRun SCXW257287290 BCX0\">.<\/span><\/span><span class=\"EOP SCXW257287290 BCX0\" data-ccp-props=\"{&quot;201341983&quot;:0,&quot;335559740&quot;:259}\">\u00a0<\/span><\/p>\n","protected":false},"excerpt":{"rendered":"<p>Fauteuil tapiss\u00e9 ici en tissu Pierre Frey Teddy Mohair, couleur sable<br \/>\n<a href=\"https:\/\/theinvisiblecollection.com\/wp-content\/uploads\/2022\/12\/TheInvisibleCollection_Leo_Sentou_Fabric_Selection_Teddy_Mohair.pdf\" target=\"_blank\" rel=\"noopener\"><span style=\"text-decoration: underline;\">D\u00e9couvrez la s\u00e9lection de tissus ici<\/span><\/a><br \/>\n\u00c9galement disponible en blanc sans tissu<br \/>\nPi\u00e8tement en laiton patin\u00e9 goug\u00e9, finition bronze<br \/>\n\u00c9galement disponible en ch\u00eane goug\u00e9<br \/>\nTissus et finitions sur-mesure sur demande<\/p>\n<p>L 81.5 x P 80 x H 78 cm<br \/>\nHauteur d&#8217;assise : 38 cm<br \/>\nTissu requis: 5 m<\/p>\n<p>Fabriqu\u00e9 \u00e0 la main en Europe<br \/>\nD\u00e9lais de fabrication : 12 semaines<\/p>\n<p><span style=\"text-decoration: underline;\"><a href=\"https:\/\/www.theinvisiblecollection.com\/fr\/demande-de-devis\/?product_id=1390411\" target=\"_blank\" rel=\"noopener\">Contactez-nous pour toute demande de devis ou de renseignements<\/a><\/span><\/p>\n","protected":false},"featured_media":5822448,"template":"","meta":{"_acf_changed":false,"content-type":"","_themeisle_gutenberg_block_has_review":false},"product_brand":[],"product_cat":[8945,12499],"product_tag":[14925,35206],"product_designer":[19809],"comfabric":[34953],"manufacturer":[34951],"reporting_designer":[37422],"samplecomfabric":[34955],"designer_clubroom":[],"class_list":{"0":"post-1390411","1":"product","2":"type-product","3":"status-publish","4":"has-post-thumbnail","6":"product_cat-fauteuils","7":"product_cat-assises","8":"product_tag-hpfav-fr","9":"product_tag-exclusive-fr","10":"product_designer-leo-sentou-fr","11":"comfabric-a-d-sourcing-pickup-leo-sentou-fr","12":"manufacturer-a-d-sourcing-pickup-leo-sentou-fr","13":"reporting_designer-leo-sentou-fr","14":"samplecomfabric-a-d-sourcing-pickup-leo-sentou-fr","16":"first","17":"instock","18":"taxable","19":"shipping-taxable","20":"purchasable","21":"product-type-variable"},"acf":[],"_links":{"self":[{"href":"https:\/\/theinvisiblecollection.com\/fr\/wp-json\/wp\/v2\/product\/1390411","targetHints":{"allow":["GET"]}}],"collection":[{"href":"https:\/\/theinvisiblecollection.com\/fr\/wp-json\/wp\/v2\/product"}],"about":[{"href":"https:\/\/theinvisiblecollection.com\/fr\/wp-json\/wp\/v2\/types\/product"}],"wp:featuredmedia":[{"embeddable":true,"href":"https:\/\/theinvisiblecollection.com\/fr\/wp-json\/wp\/v2\/media\/5822448"}],"wp:attachment":[{"href":"https:\/\/theinvisiblecollection.com\/fr\/wp-json\/wp\/v2\/media?parent=1390411"}],"wp:term":[{"taxonomy":"product_brand","embeddable":true,"href":"https:\/\/theinvisiblecollection.com\/fr\/wp-json\/wp\/v2\/product_brand?post=1390411"},{"taxonomy":"product_cat","embeddable":true,"href":"https:\/\/theinvisiblecollection.com\/fr\/wp-json\/wp\/v2\/product_cat?post=1390411"},{"taxonomy":"product_tag","embeddable":true,"href":"https:\/\/theinvisiblecollection.com\/fr\/wp-json\/wp\/v2\/product_tag?post=1390411"},{"taxonomy":"product_designer","embeddable":true,"href":"https:\/\/theinvisiblecollection.com\/fr\/wp-json\/wp\/v2\/product_designer?post=1390411"},{"taxonomy":"comfabric","embeddable":true,"href":"https:\/\/theinvisiblecollection.com\/fr\/wp-json\/wp\/v2\/comfabric?post=1390411"},{"taxonomy":"manufacturer","embeddable":true,"href":"https:\/\/theinvisiblecollection.com\/fr\/wp-json\/wp\/v2\/manufacturer?post=1390411"},{"taxonomy":"reporting_designer","embeddable":true,"href":"https:\/\/theinvisiblecollection.com\/fr\/wp-json\/wp\/v2\/reporting_designer?post=1390411"},{"taxonomy":"samplecomfabric","embeddable":true,"href":"https:\/\/theinvisiblecollection.com\/fr\/wp-json\/wp\/v2\/samplecomfabric?post=1390411"},{"taxonomy":"clubroom_product_designer","embeddable":true,"href":"https:\/\/theinvisiblecollection.com\/fr\/wp-json\/wp\/v2\/designer_clubroom?post=1390411"}],"curies":[{"name":"wp","href":"https:\/\/api.w.org\/{rel}","templated":true}]}}