{"id":1390674,"date":"2022-12-16T16:32:09","date_gmt":"2022-12-16T15:32:09","guid":{"rendered":"https:\/\/theinvisiblecollection.com\/?post_type=product&#038;p=1390674"},"modified":"2026-05-01T07:38:22","modified_gmt":"2026-05-01T07:38:22","slug":"the-vintage-list-set-de-6-coupes-a-champagne-en-cristal-etoiles","status":"publish","type":"product","link":"https:\/\/theinvisiblecollection.com\/fr\/produit\/the-vintage-list-set-de-6-coupes-a-champagne-en-cristal-etoiles\/","title":{"rendered":"Set de 6 Coupes A Champagne En Cristal \u00c9toiles"},"content":{"rendered":"<p style=\"text-align: justify;\">Un design classique d&#8217;\u00e9toiles grav\u00e9es \u00e0 la main sur d&#8217;\u00e9l\u00e9gants verres souffl\u00e9s. Ces verres \u00e0 Champagne sont en cristal sans plomb. Aussi magnifiques que pratiques, ils passent au lave-vaisselle.<\/p>\n","protected":false},"excerpt":{"rendered":"<ul>\n<li>Composition : souffl\u00e9 \u00e0 la main \/ grav\u00e9 \u00e0 la main \/ cristal fin sans plomb<\/li>\n<li>Convient pour un lavage au lave-vaisselle<\/li>\n<\/ul>\n","protected":false},"featured_media":1390683,"template":"","meta":{"_acf_changed":false,"content-type":"","_themeisle_gutenberg_block_has_review":false},"product_brand":[],"product_cat":[12535,19973,19981,19986],"product_tag":[22790],"product_designer":[],"comfabric":[],"manufacturer":[19679],"reporting_designer":[],"samplecomfabric":[],"designer_clubroom":[20511],"class_list":{"0":"post-1390674","1":"product","2":"type-product","3":"status-publish","4":"has-post-thumbnail","6":"clubroom_taxonomies-gift-room","7":"product_cat-arts-de-la-table","8":"product_cat-accessoires-pour-la-maison","9":"product_cat-art-de-la-table","10":"product_cat-verres","11":"product_tag-disponible-immediatement","12":"manufacturer-the-vintage-list-fr","13":"clubroom_product_designer-the-vintage-list-fr","14":"exhibitions-paris-fr","15":"exhibitions-new-york-fr","17":"first","18":"instock","19":"taxable","20":"shipping-taxable","21":"purchasable","22":"product-type-simple"},"acf":[],"_links":{"self":[{"href":"https:\/\/theinvisiblecollection.com\/fr\/wp-json\/wp\/v2\/product\/1390674","targetHints":{"allow":["GET"]}}],"collection":[{"href":"https:\/\/theinvisiblecollection.com\/fr\/wp-json\/wp\/v2\/product"}],"about":[{"href":"https:\/\/theinvisiblecollection.com\/fr\/wp-json\/wp\/v2\/types\/product"}],"wp:featuredmedia":[{"embeddable":true,"href":"https:\/\/theinvisiblecollection.com\/fr\/wp-json\/wp\/v2\/media\/1390683"}],"wp:attachment":[{"href":"https:\/\/theinvisiblecollection.com\/fr\/wp-json\/wp\/v2\/media?parent=1390674"}],"wp:term":[{"taxonomy":"product_brand","embeddable":true,"href":"https:\/\/theinvisiblecollection.com\/fr\/wp-json\/wp\/v2\/product_brand?post=1390674"},{"taxonomy":"product_cat","embeddable":true,"href":"https:\/\/theinvisiblecollection.com\/fr\/wp-json\/wp\/v2\/product_cat?post=1390674"},{"taxonomy":"product_tag","embeddable":true,"href":"https:\/\/theinvisiblecollection.com\/fr\/wp-json\/wp\/v2\/product_tag?post=1390674"},{"taxonomy":"product_designer","embeddable":true,"href":"https:\/\/theinvisiblecollection.com\/fr\/wp-json\/wp\/v2\/product_designer?post=1390674"},{"taxonomy":"comfabric","embeddable":true,"href":"https:\/\/theinvisiblecollection.com\/fr\/wp-json\/wp\/v2\/comfabric?post=1390674"},{"taxonomy":"manufacturer","embeddable":true,"href":"https:\/\/theinvisiblecollection.com\/fr\/wp-json\/wp\/v2\/manufacturer?post=1390674"},{"taxonomy":"reporting_designer","embeddable":true,"href":"https:\/\/theinvisiblecollection.com\/fr\/wp-json\/wp\/v2\/reporting_designer?post=1390674"},{"taxonomy":"samplecomfabric","embeddable":true,"href":"https:\/\/theinvisiblecollection.com\/fr\/wp-json\/wp\/v2\/samplecomfabric?post=1390674"},{"taxonomy":"clubroom_product_designer","embeddable":true,"href":"https:\/\/theinvisiblecollection.com\/fr\/wp-json\/wp\/v2\/designer_clubroom?post=1390674"}],"curies":[{"name":"wp","href":"https:\/\/api.w.org\/{rel}","templated":true}]}}