{"id":140274,"date":"2022-07-04T11:13:39","date_gmt":"2022-07-04T10:13:39","guid":{"rendered":"https:\/\/theinvisiblecollection.com\/?post_type=product&#038;p=140274"},"modified":"2026-05-08T04:40:00","modified_gmt":"2026-05-08T04:40:00","slug":"julien-lagueste-table-basse-les-antilles-grand-set","status":"publish","type":"product","link":"https:\/\/theinvisiblecollection.com\/fr\/produit\/julien-lagueste-table-basse-les-antilles-grand-set\/","title":{"rendered":"Table Basse Les Antilles 194"},"content":{"rendered":"","protected":false},"excerpt":{"rendered":"<p>Table basse avec plateau travaill\u00e9 \u00e0 la main compos\u00e9 de cinq couches de r\u00e9sine transparente m\u00e9lang\u00e9es avec des pigments<br \/>\nPhotographi\u00e9e ici dans sa couleur originale turquoise<br \/>\n<span style=\"text-decoration: underline;\"><a href=\"https:\/\/theinvisiblecollection.com\/wp-content\/uploads\/2022\/07\/Invisible-Collection_Julien-Lagueste-_Colour-Selection.pdf\" target=\"_blank\" rel=\"noopener\">D\u00e9couvrez la s\u00e9lection de couleurs ici<\/a><\/span><br \/>\nPi\u00e8tement en bouleau contreplaqu\u00e9, finition vernis mat<br \/>\nChaque table est unique, les plateaux en r\u00e9sine comportent de l\u00e9g\u00e8res imperfections et variations de couleur en raison du travail artisanal<br \/>\n<span class=\"x_ContentPasted2\"><span class=\"x_ContentPasted3\"><span class=\"x_ContentPasted4\">Dimensions et couleurs de r\u00e9sine sur-mesure sur demande<\/span><\/span><\/span><\/p>\n<p>Disponible en trois dimensions :<br \/>\nS &#8211; L 94 x P 77 x H 28.8 cm<br \/>\nM &#8211; L 115 x P 92 x H 34.2 cm<br \/>\nL &#8211; L 120 x P 108 x H 39.6 cm<br \/>\nSet de trois &#8211; S \/ M \/ L<br \/>\n<a href=\"https:\/\/theinvisiblecollection.com\/fr\/product\/julien-lagueste-table-basse-les-antilles-1\/\" target=\"_blank\" rel=\"noopener\"><span style=\"text-decoration: underline;\">\u00c9galement disponible dans une version plus petite, Les Antilles<\/span><\/a><\/p>\n<p>Fabriqu\u00e9e \u00e0 la main en France par l&#8217;artiste<br \/>\nD\u00e9lais de production : 20 semaines<\/p>\n<p><span style=\"text-decoration: underline;\"><a href=\"https:\/\/www.theinvisiblecollection.com\/fr\/demande-de-devis\/?product_id=140274\">Contactez-nous pour toute demande de devis ou de renseignements<\/a><\/span><\/p>\n","protected":false},"featured_media":5875756,"template":"","meta":{"_acf_changed":false,"content-type":"","_themeisle_gutenberg_block_has_review":false},"product_brand":[],"product_cat":[7509,12503],"product_tag":[9016,9059,9195,11360,31477,35206],"product_designer":[8932],"comfabric":[],"manufacturer":[16719],"reporting_designer":[37688],"samplecomfabric":[],"designer_clubroom":[],"class_list":{"0":"post-140274","1":"product","2":"type-product","3":"status-publish","4":"has-post-thumbnail","6":"product_cat-tables-basses-dappoint","7":"product_cat-tables-fr","8":"product_tag-chambre-fr-2","9":"product_tag-gueridon-fr-2","10":"product_tag-resine","11":"product_tag-en-stock","12":"product_tag-st-curvy-fr","13":"product_tag-exclusive-fr","14":"pa_size-xs-l-57-cm","15":"pa_size-s-l-70-cm","16":"pa_size-m-l-73-cm","17":"pa_size-set-de-trois-l-xl-xxl","18":"product_designer-julien-lagueste-fr","19":"manufacturer-julien-lagueste-fr","20":"reporting_designer-julien-lagueste","22":"first","23":"instock","24":"taxable","25":"shipping-taxable","26":"purchasable","27":"product-type-variable"},"acf":[],"_links":{"self":[{"href":"https:\/\/theinvisiblecollection.com\/fr\/wp-json\/wp\/v2\/product\/140274","targetHints":{"allow":["GET"]}}],"collection":[{"href":"https:\/\/theinvisiblecollection.com\/fr\/wp-json\/wp\/v2\/product"}],"about":[{"href":"https:\/\/theinvisiblecollection.com\/fr\/wp-json\/wp\/v2\/types\/product"}],"wp:featuredmedia":[{"embeddable":true,"href":"https:\/\/theinvisiblecollection.com\/fr\/wp-json\/wp\/v2\/media\/5875756"}],"wp:attachment":[{"href":"https:\/\/theinvisiblecollection.com\/fr\/wp-json\/wp\/v2\/media?parent=140274"}],"wp:term":[{"taxonomy":"product_brand","embeddable":true,"href":"https:\/\/theinvisiblecollection.com\/fr\/wp-json\/wp\/v2\/product_brand?post=140274"},{"taxonomy":"product_cat","embeddable":true,"href":"https:\/\/theinvisiblecollection.com\/fr\/wp-json\/wp\/v2\/product_cat?post=140274"},{"taxonomy":"product_tag","embeddable":true,"href":"https:\/\/theinvisiblecollection.com\/fr\/wp-json\/wp\/v2\/product_tag?post=140274"},{"taxonomy":"product_designer","embeddable":true,"href":"https:\/\/theinvisiblecollection.com\/fr\/wp-json\/wp\/v2\/product_designer?post=140274"},{"taxonomy":"comfabric","embeddable":true,"href":"https:\/\/theinvisiblecollection.com\/fr\/wp-json\/wp\/v2\/comfabric?post=140274"},{"taxonomy":"manufacturer","embeddable":true,"href":"https:\/\/theinvisiblecollection.com\/fr\/wp-json\/wp\/v2\/manufacturer?post=140274"},{"taxonomy":"reporting_designer","embeddable":true,"href":"https:\/\/theinvisiblecollection.com\/fr\/wp-json\/wp\/v2\/reporting_designer?post=140274"},{"taxonomy":"samplecomfabric","embeddable":true,"href":"https:\/\/theinvisiblecollection.com\/fr\/wp-json\/wp\/v2\/samplecomfabric?post=140274"},{"taxonomy":"clubroom_product_designer","embeddable":true,"href":"https:\/\/theinvisiblecollection.com\/fr\/wp-json\/wp\/v2\/designer_clubroom?post=140274"}],"curies":[{"name":"wp","href":"https:\/\/api.w.org\/{rel}","templated":true}]}}