{"id":140394,"date":"2022-03-05T13:04:52","date_gmt":"2022-03-05T12:04:52","guid":{"rendered":"https:\/\/theinvisiblecollection.com\/?post_type=product&#038;p=140394"},"modified":"2026-05-15T05:03:26","modified_gmt":"2026-05-15T05:03:26","slug":"laura-gonzalez-hana-chaise-mawu","status":"publish","type":"product","link":"https:\/\/theinvisiblecollection.com\/fr\/produit\/laura-gonzalez-hana-chaise-mawu\/","title":{"rendered":"Hana Chaise Mawu"},"content":{"rendered":"<p style=\"text-align: justify;\"><span class=\"TextRun SCXW134203676 BCX0\" lang=\"FR-FR\" xml:lang=\"FR-FR\" data-contrast=\"auto\"><span class=\"NormalTextRun SCXW134203676 BCX0\">La chaise tr\u00e8s convoit\u00e9e <\/span><span class=\"NormalTextRun SpellingErrorV2Themed SCXW134203676 BCX0\">Mawu<\/span><span class=\"NormalTextRun SCXW134203676 BCX0\"> emprunte son nom \u00e0 une divinit\u00e9 f\u00e9minine. Sculpt\u00e9e en bois massif et reposant sur des pieds effil\u00e9s, cette pi\u00e8ce s\u00e9duisante nourrit notre obsession du design avec des courbes ludiques et contemporaines.<\/span><\/span><span class=\"EOP SCXW134203676 BCX0\" data-ccp-props=\"{&quot;134233117&quot;:false,&quot;134233118&quot;:false,&quot;201341983&quot;:0,&quot;335551550&quot;:6,&quot;335551620&quot;:6,&quot;335559738&quot;:0,&quot;335559739&quot;:0,&quot;335559740&quot;:259}\">\u00a0<\/span><\/p>\n","protected":false},"excerpt":{"rendered":"<p>Chaise tapiss\u00e9e d&#8217;un tissu floral color\u00e9<br \/>\nPieds \u00e9vas\u00e9s en ch\u00eane dor\u00e9, finition satin\u00e9e<br \/>\n\u00c9galement disponible en ch\u00eane fonc\u00e9<br \/>\n<a href=\"https:\/\/theinvisiblecollection.com\/wp-content\/uploads\/2022\/03\/TheInvisibleCollection_Laura_Gonzalez_Mawu_Chair_Wood_Selection.pdf\" target=\"_blank\" rel=\"noopener\"><span style=\"text-decoration: underline;\">D\u00e9couvrez la s\u00e9lection de bois ici<\/span><\/a><\/p>\n<p>L 45 x l 52 x H 90 cm<br \/>\nHauteur d&#8217;assise : 47 cm<br \/>\nProfondeur d&#8217;assise : 44 cm<br \/>\nTissu requis : 3 m<\/p>\n<p>Fabriqu\u00e9e \u00e0 la main en France<br \/>\nD\u00e9lais de fabrication : 12 &#8211; 14 semaines<\/p>\n<p><span style=\"text-decoration: underline;\"><a href=\"https:\/\/www.theinvisiblecollection.com\/fr\/demande-de-devis\/?product_id=140394\" target=\"_blank\" rel=\"noopener noreferrer\">Contactez-nous pour toute demande de devis ou de renseignements<\/a><\/span><\/p>\n","protected":false},"featured_media":140398,"template":"","meta":{"_acf_changed":false,"content-type":"","_themeisle_gutenberg_block_has_review":false},"product_brand":[],"product_cat":[8962,12499,13076],"product_tag":[14925,31477],"product_designer":[10956],"comfabric":[29426],"manufacturer":[16912],"reporting_designer":[37574],"samplecomfabric":[31100],"designer_clubroom":[],"class_list":{"0":"post-140394","1":"product","2":"type-product","3":"status-publish","4":"has-post-thumbnail","6":"product_cat-chaises","7":"product_cat-assises","8":"product_cat-bureau-a-la-maison","9":"product_tag-hpfav-fr","10":"product_tag-st-curvy-fr","11":"pa_fabric-en-blanc-sans-tissu-fr","12":"pa_fabric-tissu-tel-que-photographie","13":"product_designer-laura-gonzalez-fr","14":"comfabric-laura-gonzalez-fr","15":"manufacturer-premier-logistics-art-interiors-fr","16":"reporting_designer-laura-gonzalez","17":"samplecomfabric-laura-gonzalez-fr","19":"first","20":"instock","21":"taxable","22":"shipping-taxable","23":"purchasable","24":"product-type-variable"},"acf":[],"_links":{"self":[{"href":"https:\/\/theinvisiblecollection.com\/fr\/wp-json\/wp\/v2\/product\/140394","targetHints":{"allow":["GET"]}}],"collection":[{"href":"https:\/\/theinvisiblecollection.com\/fr\/wp-json\/wp\/v2\/product"}],"about":[{"href":"https:\/\/theinvisiblecollection.com\/fr\/wp-json\/wp\/v2\/types\/product"}],"wp:featuredmedia":[{"embeddable":true,"href":"https:\/\/theinvisiblecollection.com\/fr\/wp-json\/wp\/v2\/media\/140398"}],"wp:attachment":[{"href":"https:\/\/theinvisiblecollection.com\/fr\/wp-json\/wp\/v2\/media?parent=140394"}],"wp:term":[{"taxonomy":"product_brand","embeddable":true,"href":"https:\/\/theinvisiblecollection.com\/fr\/wp-json\/wp\/v2\/product_brand?post=140394"},{"taxonomy":"product_cat","embeddable":true,"href":"https:\/\/theinvisiblecollection.com\/fr\/wp-json\/wp\/v2\/product_cat?post=140394"},{"taxonomy":"product_tag","embeddable":true,"href":"https:\/\/theinvisiblecollection.com\/fr\/wp-json\/wp\/v2\/product_tag?post=140394"},{"taxonomy":"product_designer","embeddable":true,"href":"https:\/\/theinvisiblecollection.com\/fr\/wp-json\/wp\/v2\/product_designer?post=140394"},{"taxonomy":"comfabric","embeddable":true,"href":"https:\/\/theinvisiblecollection.com\/fr\/wp-json\/wp\/v2\/comfabric?post=140394"},{"taxonomy":"manufacturer","embeddable":true,"href":"https:\/\/theinvisiblecollection.com\/fr\/wp-json\/wp\/v2\/manufacturer?post=140394"},{"taxonomy":"reporting_designer","embeddable":true,"href":"https:\/\/theinvisiblecollection.com\/fr\/wp-json\/wp\/v2\/reporting_designer?post=140394"},{"taxonomy":"samplecomfabric","embeddable":true,"href":"https:\/\/theinvisiblecollection.com\/fr\/wp-json\/wp\/v2\/samplecomfabric?post=140394"},{"taxonomy":"clubroom_product_designer","embeddable":true,"href":"https:\/\/theinvisiblecollection.com\/fr\/wp-json\/wp\/v2\/designer_clubroom?post=140394"}],"curies":[{"name":"wp","href":"https:\/\/api.w.org\/{rel}","templated":true}]}}