{"id":1515444,"date":"2023-01-06T11:39:19","date_gmt":"2023-01-06T10:39:19","guid":{"rendered":"https:\/\/theinvisiblecollection.com\/?post_type=product&#038;p=1515444"},"modified":"2026-05-08T04:39:35","modified_gmt":"2026-05-08T04:39:35","slug":"pepite-set-de-6-raviers-poissons-cerenne-vallauris","status":"publish","type":"product","link":"https:\/\/theinvisiblecollection.com\/fr\/produit\/pepite-set-de-6-raviers-poissons-cerenne-vallauris\/","title":{"rendered":"Set de 6 Raviers Poissons C\u00e9renne Vallauris"},"content":{"rendered":"<p style=\"text-align: justify;\">Ensemble de 6 raviers en forme de poisson aux tons doux sign\u00e9s Cerenne Vallauris. L\u2019atelier Cerenne \u00e9tait un atelier de cr\u00e9ation c\u00e9ramique actif \u00e0 Vallauris entre 1945 et 1958.<\/p>\n","protected":false},"excerpt":{"rendered":"<ul>\n<li>Vintage<\/li>\n<li>R\u00e9alis\u00e9 dans l&#8217;atelier de c\u00e9ramique Cerenne, actif \u00e0 Vallauris entre 1945 et 1958<\/li>\n<li>Composition : c\u00e9ramique<\/li>\n<\/ul>\n","protected":false},"featured_media":1915930,"template":"","meta":{"_acf_changed":false,"content-type":"","_themeisle_gutenberg_block_has_review":false},"product_brand":[],"product_cat":[19981,19984,16319],"product_tag":[22790],"product_designer":[],"comfabric":[],"manufacturer":[20709],"reporting_designer":[],"samplecomfabric":[],"designer_clubroom":[20753],"class_list":{"0":"post-1515444","1":"product","2":"type-product","3":"status-publish","4":"has-post-thumbnail","6":"clubroom_taxonomies-vintage-room","7":"product_cat-art-de-la-table","8":"product_cat-assiettes-et-plats","9":"product_cat-cartes-cadeaux","10":"product_tag-disponible-immediatement","11":"manufacturer-ppite-fr","12":"clubroom_product_designer-pepite-fr","13":"exhibitions-paris-fr","15":"first","16":"instock","17":"taxable","18":"shipping-taxable","19":"purchasable","20":"product-type-simple"},"acf":[],"_links":{"self":[{"href":"https:\/\/theinvisiblecollection.com\/fr\/wp-json\/wp\/v2\/product\/1515444","targetHints":{"allow":["GET"]}}],"collection":[{"href":"https:\/\/theinvisiblecollection.com\/fr\/wp-json\/wp\/v2\/product"}],"about":[{"href":"https:\/\/theinvisiblecollection.com\/fr\/wp-json\/wp\/v2\/types\/product"}],"wp:featuredmedia":[{"embeddable":true,"href":"https:\/\/theinvisiblecollection.com\/fr\/wp-json\/wp\/v2\/media\/1915930"}],"wp:attachment":[{"href":"https:\/\/theinvisiblecollection.com\/fr\/wp-json\/wp\/v2\/media?parent=1515444"}],"wp:term":[{"taxonomy":"product_brand","embeddable":true,"href":"https:\/\/theinvisiblecollection.com\/fr\/wp-json\/wp\/v2\/product_brand?post=1515444"},{"taxonomy":"product_cat","embeddable":true,"href":"https:\/\/theinvisiblecollection.com\/fr\/wp-json\/wp\/v2\/product_cat?post=1515444"},{"taxonomy":"product_tag","embeddable":true,"href":"https:\/\/theinvisiblecollection.com\/fr\/wp-json\/wp\/v2\/product_tag?post=1515444"},{"taxonomy":"product_designer","embeddable":true,"href":"https:\/\/theinvisiblecollection.com\/fr\/wp-json\/wp\/v2\/product_designer?post=1515444"},{"taxonomy":"comfabric","embeddable":true,"href":"https:\/\/theinvisiblecollection.com\/fr\/wp-json\/wp\/v2\/comfabric?post=1515444"},{"taxonomy":"manufacturer","embeddable":true,"href":"https:\/\/theinvisiblecollection.com\/fr\/wp-json\/wp\/v2\/manufacturer?post=1515444"},{"taxonomy":"reporting_designer","embeddable":true,"href":"https:\/\/theinvisiblecollection.com\/fr\/wp-json\/wp\/v2\/reporting_designer?post=1515444"},{"taxonomy":"samplecomfabric","embeddable":true,"href":"https:\/\/theinvisiblecollection.com\/fr\/wp-json\/wp\/v2\/samplecomfabric?post=1515444"},{"taxonomy":"clubroom_product_designer","embeddable":true,"href":"https:\/\/theinvisiblecollection.com\/fr\/wp-json\/wp\/v2\/designer_clubroom?post=1515444"}],"curies":[{"name":"wp","href":"https:\/\/api.w.org\/{rel}","templated":true}]}}