{"id":1521799,"date":"2023-01-06T14:20:03","date_gmt":"2023-01-06T13:20:03","guid":{"rendered":"https:\/\/theinvisiblecollection.com\/?post_type=product&#038;p=1521799"},"modified":"2026-05-01T07:38:22","modified_gmt":"2026-05-01T07:38:22","slug":"sophie-spinosi-ceramique-plateau-mediterranee","status":"publish","type":"product","link":"https:\/\/theinvisiblecollection.com\/fr\/produit\/sophie-spinosi-ceramique-plateau-mediterranee\/","title":{"rendered":"Plateau M\u00e9diterran\u00e9e"},"content":{"rendered":"<div class=\"ewa-rteLine\" style=\"text-align: justify\">Plateau rond en fa\u00efence brune \u00e9maill\u00e9e, terre brute au verso. S\u00e9rie M\u00e9diterran\u00e9e inspir\u00e9e du mouvement des vagues avec des effets de relief aux nuances bleues et vert fonc\u00e9.<\/div>\n","protected":false},"excerpt":{"rendered":"<ul>\n<li>Composition : fa\u00efence \u00e9maill\u00e9e \/ terre crue au revers<\/li>\n<li>Chaque pi\u00e8ce est unique<\/li>\n<\/ul>\n","protected":false},"featured_media":1545594,"template":"","meta":{"_acf_changed":false,"content-type":"","_themeisle_gutenberg_block_has_review":false},"product_brand":[],"product_cat":[12535,12536,16319,19973,19981],"product_tag":[22790],"product_designer":[],"comfabric":[],"manufacturer":[20679],"reporting_designer":[],"samplecomfabric":[],"designer_clubroom":[20752],"class_list":{"0":"post-1521799","1":"product","2":"type-product","3":"status-publish","4":"has-post-thumbnail","6":"clubroom_taxonomies-gift-room","7":"product_cat-arts-de-la-table","8":"product_cat-plateaux-vide-poche","9":"product_cat-cartes-cadeaux","10":"product_cat-accessoires-pour-la-maison","11":"product_cat-art-de-la-table","12":"product_tag-disponible-immediatement","13":"manufacturer-sophie-spinosi-cramique-fr","14":"clubroom_product_designer-sophie-spinosi-ceramique-2","15":"exhibitions-paris-fr","17":"first","18":"instock","19":"taxable","20":"shipping-taxable","21":"purchasable","22":"product-type-simple"},"acf":[],"_links":{"self":[{"href":"https:\/\/theinvisiblecollection.com\/fr\/wp-json\/wp\/v2\/product\/1521799","targetHints":{"allow":["GET"]}}],"collection":[{"href":"https:\/\/theinvisiblecollection.com\/fr\/wp-json\/wp\/v2\/product"}],"about":[{"href":"https:\/\/theinvisiblecollection.com\/fr\/wp-json\/wp\/v2\/types\/product"}],"wp:featuredmedia":[{"embeddable":true,"href":"https:\/\/theinvisiblecollection.com\/fr\/wp-json\/wp\/v2\/media\/1545594"}],"wp:attachment":[{"href":"https:\/\/theinvisiblecollection.com\/fr\/wp-json\/wp\/v2\/media?parent=1521799"}],"wp:term":[{"taxonomy":"product_brand","embeddable":true,"href":"https:\/\/theinvisiblecollection.com\/fr\/wp-json\/wp\/v2\/product_brand?post=1521799"},{"taxonomy":"product_cat","embeddable":true,"href":"https:\/\/theinvisiblecollection.com\/fr\/wp-json\/wp\/v2\/product_cat?post=1521799"},{"taxonomy":"product_tag","embeddable":true,"href":"https:\/\/theinvisiblecollection.com\/fr\/wp-json\/wp\/v2\/product_tag?post=1521799"},{"taxonomy":"product_designer","embeddable":true,"href":"https:\/\/theinvisiblecollection.com\/fr\/wp-json\/wp\/v2\/product_designer?post=1521799"},{"taxonomy":"comfabric","embeddable":true,"href":"https:\/\/theinvisiblecollection.com\/fr\/wp-json\/wp\/v2\/comfabric?post=1521799"},{"taxonomy":"manufacturer","embeddable":true,"href":"https:\/\/theinvisiblecollection.com\/fr\/wp-json\/wp\/v2\/manufacturer?post=1521799"},{"taxonomy":"reporting_designer","embeddable":true,"href":"https:\/\/theinvisiblecollection.com\/fr\/wp-json\/wp\/v2\/reporting_designer?post=1521799"},{"taxonomy":"samplecomfabric","embeddable":true,"href":"https:\/\/theinvisiblecollection.com\/fr\/wp-json\/wp\/v2\/samplecomfabric?post=1521799"},{"taxonomy":"clubroom_product_designer","embeddable":true,"href":"https:\/\/theinvisiblecollection.com\/fr\/wp-json\/wp\/v2\/designer_clubroom?post=1521799"}],"curies":[{"name":"wp","href":"https:\/\/api.w.org\/{rel}","templated":true}]}}