{"id":1526077,"date":"2023-01-06T16:59:44","date_gmt":"2023-01-06T15:59:44","guid":{"rendered":"https:\/\/theinvisiblecollection.com\/?post_type=product&#038;p=1526077"},"modified":"2026-05-01T07:38:22","modified_gmt":"2026-05-01T07:38:22","slug":"sophie-spinosi-ceramique-photophore-galuchat","status":"publish","type":"product","link":"https:\/\/theinvisiblecollection.com\/fr\/produit\/sophie-spinosi-ceramique-photophore-galuchat\/","title":{"rendered":"Photophore Nuit \u00c9toil\u00e9e"},"content":{"rendered":"<div class=\"ewa-rteLine\" style=\"text-align: justify;\">Photophore et support en fa\u00efence chamott\u00e9e marron \u00e9maill\u00e9e (terre brute au verso). La s\u00e9rie nuit \u00e9toil\u00e9e s&#8217;inspire des ciels nocturnes d\u2019\u00e9t\u00e9 et de leur incroyable couleur.<\/div>\n<div class=\"ewa-rteLine\" style=\"text-align: justify;\"><\/div>\n","protected":false},"excerpt":{"rendered":"<ul>\n<li>Photophore<\/li>\n<li>Composition : fa\u00efence chamott\u00e9e marron \u00e9maill\u00e9e \/ support en fa\u00efence chamott\u00e9e marron \u00e9maill\u00e9e \/ terre brute au verso<\/li>\n<li>Deux pi\u00e8ces : un photophore et un vide-poche assorti<\/li>\n<li>Diff\u00e9rentes ouvertures d\u00e9cal\u00e9es favorisant un \u00e9clairage doux<\/li>\n<\/ul>\n","protected":false},"featured_media":1905281,"template":"","meta":{"_acf_changed":false,"content-type":"","_themeisle_gutenberg_block_has_review":false},"product_brand":[],"product_cat":[12529,19973],"product_tag":[22790],"product_designer":[],"comfabric":[],"manufacturer":[20679],"reporting_designer":[],"samplecomfabric":[],"designer_clubroom":[20752],"class_list":{"0":"post-1526077","1":"product","2":"type-product","3":"status-publish","4":"has-post-thumbnail","6":"clubroom_taxonomies-gift-room","7":"product_cat-bougies-bougeoirs","8":"product_cat-accessoires-pour-la-maison","9":"product_tag-disponible-immediatement","10":"manufacturer-sophie-spinosi-cramique-fr","11":"clubroom_product_designer-sophie-spinosi-ceramique-2","12":"exhibitions-paris-fr","14":"first","15":"instock","16":"taxable","17":"shipping-taxable","18":"purchasable","19":"product-type-simple"},"acf":[],"_links":{"self":[{"href":"https:\/\/theinvisiblecollection.com\/fr\/wp-json\/wp\/v2\/product\/1526077","targetHints":{"allow":["GET"]}}],"collection":[{"href":"https:\/\/theinvisiblecollection.com\/fr\/wp-json\/wp\/v2\/product"}],"about":[{"href":"https:\/\/theinvisiblecollection.com\/fr\/wp-json\/wp\/v2\/types\/product"}],"wp:featuredmedia":[{"embeddable":true,"href":"https:\/\/theinvisiblecollection.com\/fr\/wp-json\/wp\/v2\/media\/1905281"}],"wp:attachment":[{"href":"https:\/\/theinvisiblecollection.com\/fr\/wp-json\/wp\/v2\/media?parent=1526077"}],"wp:term":[{"taxonomy":"product_brand","embeddable":true,"href":"https:\/\/theinvisiblecollection.com\/fr\/wp-json\/wp\/v2\/product_brand?post=1526077"},{"taxonomy":"product_cat","embeddable":true,"href":"https:\/\/theinvisiblecollection.com\/fr\/wp-json\/wp\/v2\/product_cat?post=1526077"},{"taxonomy":"product_tag","embeddable":true,"href":"https:\/\/theinvisiblecollection.com\/fr\/wp-json\/wp\/v2\/product_tag?post=1526077"},{"taxonomy":"product_designer","embeddable":true,"href":"https:\/\/theinvisiblecollection.com\/fr\/wp-json\/wp\/v2\/product_designer?post=1526077"},{"taxonomy":"comfabric","embeddable":true,"href":"https:\/\/theinvisiblecollection.com\/fr\/wp-json\/wp\/v2\/comfabric?post=1526077"},{"taxonomy":"manufacturer","embeddable":true,"href":"https:\/\/theinvisiblecollection.com\/fr\/wp-json\/wp\/v2\/manufacturer?post=1526077"},{"taxonomy":"reporting_designer","embeddable":true,"href":"https:\/\/theinvisiblecollection.com\/fr\/wp-json\/wp\/v2\/reporting_designer?post=1526077"},{"taxonomy":"samplecomfabric","embeddable":true,"href":"https:\/\/theinvisiblecollection.com\/fr\/wp-json\/wp\/v2\/samplecomfabric?post=1526077"},{"taxonomy":"clubroom_product_designer","embeddable":true,"href":"https:\/\/theinvisiblecollection.com\/fr\/wp-json\/wp\/v2\/designer_clubroom?post=1526077"}],"curies":[{"name":"wp","href":"https:\/\/api.w.org\/{rel}","templated":true}]}}