{"id":153380,"date":"2022-07-08T15:43:49","date_gmt":"2022-07-08T14:43:49","guid":{"rendered":"https:\/\/theinvisiblecollection.com\/?post_type=product&#038;p=153380"},"modified":"2026-05-01T07:38:46","modified_gmt":"2026-05-01T07:38:46","slug":"studioparisien-console-luco","status":"publish","type":"product","link":"https:\/\/theinvisiblecollection.com\/fr\/produit\/studioparisien-console-luco\/","title":{"rendered":"Console Luco"},"content":{"rendered":"<p style=\"text-align: justify;\">La Console Luco est dessin\u00e9e par Studioparisien. &#8220;Luco&#8221; diminutif tr\u00e8s parisien du Jardin du Luxembourg est inspir\u00e9 des dessins des pelouses qui bordent le bassin principal.<\/p>\n","protected":false},"excerpt":{"rendered":"<p>Console en ch\u00eane teint\u00e9 noir avec vernis satin<br \/>\n\u00c9galement disponible en ch\u00eane clair et laque gloss<br \/>\n<a href=\"https:\/\/cdn.theinvisiblecollection.com\/wp-content\/uploads\/2021\/09\/TheInvisibleCollection_StudioParisien_LacquerSelection.pdf\" target=\"_blank\" rel=\"noopener\"><span style=\"text-decoration: underline;\">D\u00e9couvrez la s\u00e9lection de laque ici<\/span><\/a><br \/>\nDimensions, couleurs et bois sur mesure sur demande<\/p>\n<p>L 100 x l 35 x H 85 cm<br \/>\nChoisissez votre longueur jusqu&#8217;\u00e0 140 cm<\/p>\n<p>Fabriqu\u00e9e \u00e0 la main en France<br \/>\nD\u00e9lais de fabrication : 4 &#8211; 8 semaines<\/p>\n<p class=\"p1\"><span style=\"text-decoration: underline;\"><span class=\"s1\"><a href=\"https:\/\/www.theinvisiblecollection.com\/fr\/demande-de-devis\/?product_id=153380\">Contactez-nous pour toute demande de devis ou de renseignements<\/a><\/span><\/span><\/p>\n","protected":false},"featured_media":153396,"template":"","meta":{"_acf_changed":false,"content-type":"","_themeisle_gutenberg_block_has_review":false},"product_brand":[],"product_cat":[7675,12503],"product_tag":[14926],"product_designer":[11987],"comfabric":[],"manufacturer":[16834],"reporting_designer":[37792],"samplecomfabric":[],"designer_clubroom":[],"class_list":{"0":"post-153380","1":"product","2":"type-product","3":"status-publish","4":"has-post-thumbnail","6":"product_cat-consoles-fr","7":"product_cat-tables-fr","8":"product_tag-hplstfav-fr","9":"pa_wood-chene-clair-fr","10":"pa_wood-chene-teinte-noir","11":"pa_wood-laque-brillante","12":"product_designer-studioparisien-fr","13":"manufacturer-acte-2-fr","14":"reporting_designer-studioparisien","16":"first","17":"instock","18":"featured","19":"taxable","20":"shipping-taxable","21":"purchasable","22":"product-type-variable"},"acf":[],"_links":{"self":[{"href":"https:\/\/theinvisiblecollection.com\/fr\/wp-json\/wp\/v2\/product\/153380","targetHints":{"allow":["GET"]}}],"collection":[{"href":"https:\/\/theinvisiblecollection.com\/fr\/wp-json\/wp\/v2\/product"}],"about":[{"href":"https:\/\/theinvisiblecollection.com\/fr\/wp-json\/wp\/v2\/types\/product"}],"wp:featuredmedia":[{"embeddable":true,"href":"https:\/\/theinvisiblecollection.com\/fr\/wp-json\/wp\/v2\/media\/153396"}],"wp:attachment":[{"href":"https:\/\/theinvisiblecollection.com\/fr\/wp-json\/wp\/v2\/media?parent=153380"}],"wp:term":[{"taxonomy":"product_brand","embeddable":true,"href":"https:\/\/theinvisiblecollection.com\/fr\/wp-json\/wp\/v2\/product_brand?post=153380"},{"taxonomy":"product_cat","embeddable":true,"href":"https:\/\/theinvisiblecollection.com\/fr\/wp-json\/wp\/v2\/product_cat?post=153380"},{"taxonomy":"product_tag","embeddable":true,"href":"https:\/\/theinvisiblecollection.com\/fr\/wp-json\/wp\/v2\/product_tag?post=153380"},{"taxonomy":"product_designer","embeddable":true,"href":"https:\/\/theinvisiblecollection.com\/fr\/wp-json\/wp\/v2\/product_designer?post=153380"},{"taxonomy":"comfabric","embeddable":true,"href":"https:\/\/theinvisiblecollection.com\/fr\/wp-json\/wp\/v2\/comfabric?post=153380"},{"taxonomy":"manufacturer","embeddable":true,"href":"https:\/\/theinvisiblecollection.com\/fr\/wp-json\/wp\/v2\/manufacturer?post=153380"},{"taxonomy":"reporting_designer","embeddable":true,"href":"https:\/\/theinvisiblecollection.com\/fr\/wp-json\/wp\/v2\/reporting_designer?post=153380"},{"taxonomy":"samplecomfabric","embeddable":true,"href":"https:\/\/theinvisiblecollection.com\/fr\/wp-json\/wp\/v2\/samplecomfabric?post=153380"},{"taxonomy":"clubroom_product_designer","embeddable":true,"href":"https:\/\/theinvisiblecollection.com\/fr\/wp-json\/wp\/v2\/designer_clubroom?post=153380"}],"curies":[{"name":"wp","href":"https:\/\/api.w.org\/{rel}","templated":true}]}}