{"id":153713,"date":"2022-07-12T15:48:58","date_gmt":"2022-07-12T14:48:58","guid":{"rendered":"https:\/\/theinvisiblecollection.com\/?post_type=product&#038;p=153713"},"modified":"2026-05-01T07:38:46","modified_gmt":"2026-05-01T07:38:46","slug":"marianna-fiorin-table-fiore","status":"publish","type":"product","link":"https:\/\/theinvisiblecollection.com\/fr\/produit\/marianna-fiorin-table-fiore\/","title":{"rendered":"Table Fiore"},"content":{"rendered":"<p style=\"text-align: justify;\"><span data-contrast=\"auto\">La table de salle \u00e0 manger Fiore de Marianna Fiorin a \u00e9t\u00e9 con\u00e7ue pour \u00eatre la pi\u00e8ce centrale d&#8217;un salon, pour l&#8217;un de ses projets de design d&#8217;int\u00e9rieur. A l\u2019image d\u2019une fleur qui s\u2019\u00e9panouirait au c\u0153ur d\u2019un espace. Le choix du marbre Arabescato ajoute de la profondeur et de l\u2019intensit\u00e9 contrastant avec la douceur de la composition.<\/span><span data-ccp-props=\"{&quot;201341983&quot;:0,&quot;335559740&quot;:259}\">\u00a0<\/span><\/p>\n<p style=\"text-align: justify;\"><span data-contrast=\"auto\">Cette pi\u00e8ce a \u00e9t\u00e9 r\u00e9alis\u00e9e en \u00e9troite collaboration avec des sp\u00e9cialistes du marbre qui ont pu intervenir tout au long du processus, de l&#8217;esquisse initiale \u00e0 la r\u00e9alisation. Si la beaut\u00e9 est \u00e9ph\u00e9m\u00e8re, elle peut \u00eatre \u00e9ternelle \u00e0 travers la pierre.\u00a0 <\/span><span data-ccp-props=\"{&quot;201341983&quot;:0,&quot;335559740&quot;:259}\">\u00a0<\/span><\/p>\n<p style=\"text-align: justify;\"><span data-contrast=\"auto\">Cette table est une variation de la premi\u00e8re pi\u00e8ce con\u00e7ue par Fiorin, la table basse Fiore. Les proportions sont identiques, la seule diff\u00e9rence \u00e9tant la hauteur de la table.<\/span><span data-ccp-props=\"{&quot;201341983&quot;:0,&quot;335559740&quot;:259}\">\u00a0<\/span><\/p>\n","protected":false},"excerpt":{"rendered":"<p>Table aux bords arrondis photographi\u00e9e ici en marbre Arabescato Corchia<br \/>\nBase constitu\u00e9e de quatre pi\u00e8ces formant un X<br \/>\nDisponible \u00e9galement en marbre Calacatta Oro Classic et en marbre Cipollino Fantastico noir<br \/>\n<a href=\"https:\/\/theinvisiblecollection.com\/wp-content\/uploads\/2022\/07\/TheInvisibleCollection_Marianna-Fiorin_Marble-Selection.jpg\" target=\"_blank\" rel=\"noopener\"><span style=\"text-decoration: underline;\">D\u00e9couvrez la s\u00e9lection de marbre ici<\/span><\/a><br \/>\nDimensions et mat\u00e9riaux sur-mesure sur demande<\/p>\n<p>L 127 x l 163 x H 75 cm<\/p>\n<p>Fabriqu\u00e9e \u00e0 la main en Italie<br \/>\nD\u00e9lais de production : 5 semaines<\/p>\n<p class=\"p1\"><span style=\"text-decoration: underline;\"><a href=\"https:\/\/www.theinvisiblecollection.com\/quote\/?product_id=153713\" target=\"_blank\" rel=\"noopener\"><span class=\"s1\">Contactez-nous pour toute demande de devis ou de renseignements<\/span><\/a><\/span><\/p><\/p>\n","protected":false},"featured_media":395778,"template":"","meta":{"_acf_changed":false,"content-type":"","_themeisle_gutenberg_block_has_review":false},"product_brand":[],"product_cat":[8977,12503],"product_tag":[31474,31477],"product_designer":[18723],"comfabric":[],"manufacturer":[18396],"reporting_designer":[37294],"samplecomfabric":[],"designer_clubroom":[],"class_list":{"0":"post-153713","1":"product","2":"type-product","3":"status-publish","4":"has-post-thumbnail","6":"product_cat-tables-salle-a-manger","7":"product_cat-tables-fr","8":"product_tag-co-white-fr","9":"product_tag-st-curvy-fr","10":"product_designer-marianna-fiorin-fr","11":"manufacturer-marianna-fiorin-italy-fr","12":"reporting_designer-marianna-fiorin","14":"first","15":"instock","16":"taxable","17":"shipping-taxable","18":"purchasable","19":"product-type-variable"},"acf":[],"_links":{"self":[{"href":"https:\/\/theinvisiblecollection.com\/fr\/wp-json\/wp\/v2\/product\/153713","targetHints":{"allow":["GET"]}}],"collection":[{"href":"https:\/\/theinvisiblecollection.com\/fr\/wp-json\/wp\/v2\/product"}],"about":[{"href":"https:\/\/theinvisiblecollection.com\/fr\/wp-json\/wp\/v2\/types\/product"}],"wp:featuredmedia":[{"embeddable":true,"href":"https:\/\/theinvisiblecollection.com\/fr\/wp-json\/wp\/v2\/media\/395778"}],"wp:attachment":[{"href":"https:\/\/theinvisiblecollection.com\/fr\/wp-json\/wp\/v2\/media?parent=153713"}],"wp:term":[{"taxonomy":"product_brand","embeddable":true,"href":"https:\/\/theinvisiblecollection.com\/fr\/wp-json\/wp\/v2\/product_brand?post=153713"},{"taxonomy":"product_cat","embeddable":true,"href":"https:\/\/theinvisiblecollection.com\/fr\/wp-json\/wp\/v2\/product_cat?post=153713"},{"taxonomy":"product_tag","embeddable":true,"href":"https:\/\/theinvisiblecollection.com\/fr\/wp-json\/wp\/v2\/product_tag?post=153713"},{"taxonomy":"product_designer","embeddable":true,"href":"https:\/\/theinvisiblecollection.com\/fr\/wp-json\/wp\/v2\/product_designer?post=153713"},{"taxonomy":"comfabric","embeddable":true,"href":"https:\/\/theinvisiblecollection.com\/fr\/wp-json\/wp\/v2\/comfabric?post=153713"},{"taxonomy":"manufacturer","embeddable":true,"href":"https:\/\/theinvisiblecollection.com\/fr\/wp-json\/wp\/v2\/manufacturer?post=153713"},{"taxonomy":"reporting_designer","embeddable":true,"href":"https:\/\/theinvisiblecollection.com\/fr\/wp-json\/wp\/v2\/reporting_designer?post=153713"},{"taxonomy":"samplecomfabric","embeddable":true,"href":"https:\/\/theinvisiblecollection.com\/fr\/wp-json\/wp\/v2\/samplecomfabric?post=153713"},{"taxonomy":"clubroom_product_designer","embeddable":true,"href":"https:\/\/theinvisiblecollection.com\/fr\/wp-json\/wp\/v2\/designer_clubroom?post=153713"}],"curies":[{"name":"wp","href":"https:\/\/api.w.org\/{rel}","templated":true}]}}