{"id":153728,"date":"2022-07-12T16:08:03","date_gmt":"2022-07-12T15:08:03","guid":{"rendered":"https:\/\/theinvisiblecollection.com\/?post_type=product&#038;p=153728"},"modified":"2026-05-01T07:38:46","modified_gmt":"2026-05-01T07:38:46","slug":"marianna-fiorin-table-basse-petali","status":"publish","type":"product","link":"https:\/\/theinvisiblecollection.com\/fr\/produit\/marianna-fiorin-table-basse-petali\/","title":{"rendered":"Table Basse Petali"},"content":{"rendered":"<p style=\"text-align: justify;\"><span class=\"TextRun SCXW97391518 BCX0\" lang=\"FR-FR\" xml:lang=\"FR-FR\" data-contrast=\"auto\"><span class=\"NormalTextRun SCXW97391518 BCX0\">La table basse <\/span><span class=\"NormalTextRun SpellingErrorV2Themed SCXW97391518 BCX0\">Petali<\/span><span class=\"NormalTextRun SCXW97391518 BCX0\"> de Marianna <\/span><span class=\"NormalTextRun SpellingErrorV2Themed SCXW97391518 BCX0\">Fiorin<\/span><span class=\"NormalTextRun SCXW97391518 BCX0\"> est un assemblage de d\u00e9licats p\u00e9tales de marbre formant une fleur parfaitement \u00e9quilibr\u00e9e. Malgr\u00e9 le poids du mat\u00e9riau, la pi\u00e8ce semble l\u00e9g\u00e8re et \u00e9th\u00e9r\u00e9e, \u00e9voquant les p\u00e9tales d\u00e9licats, sans doute les \u00e9l\u00e9ments les plus l\u00e9gers de la nature.<\/span><\/span><span class=\"EOP SCXW97391518 BCX0\" data-ccp-props=\"{&quot;201341983&quot;:0,&quot;335559740&quot;:259}\">\u00a0<\/span><\/p>\n","protected":false},"excerpt":{"rendered":"<p>Table basse compos\u00e9e de quatre p\u00e9tales de marbre, deux pour le plateau et deux pour les pieds, reli\u00e9s dans un d\u00e9licat jeu d&#8217;\u00e9quilibre.<br \/>\nPhotographi\u00e9e ici en marbre Calacatta Oro<br \/>\nDisponible \u00e9galement en marbre Arabescato Corchia et en marbre Cipollino Fantastico noir<br \/>\n<a href=\"https:\/\/theinvisiblecollection.com\/wp-content\/uploads\/2022\/07\/TheInvisibleCollection_Marianna-Fiorin_Marble-Selection.jpg\" target=\"_blank\" rel=\"noopener\"><span style=\"text-decoration: underline;\">D\u00e9couvrez la s\u00e9lection de marbre ici<\/span><\/a><br \/>\nDimensions et mat\u00e9riaux sur-mesure sur demande<\/p>\n<p>L 119 x l 170 x H 40,6 cm<\/p>\n<p>Fabriqu\u00e9e \u00e0 la main en Italie<br \/>\nD\u00e9lais de production : 5 semaines<\/p>\n<p class=\"p1\"><span style=\"text-decoration: underline;\"><a href=\"https:\/\/www.theinvisiblecollection.com\/quote\/?product_id=153728\" target=\"_blank\" rel=\"noopener\"><span class=\"s1\">Contactez-nous pour toute demande de devis ou de renseignements<\/span><\/a><\/span><\/p>\n","protected":false},"featured_media":395745,"template":"","meta":{"_acf_changed":false,"content-type":"","_themeisle_gutenberg_block_has_review":false},"product_brand":[],"product_cat":[7509,12503],"product_tag":[31474,31477],"product_designer":[18723],"comfabric":[],"manufacturer":[18396],"reporting_designer":[37294],"samplecomfabric":[],"designer_clubroom":[],"class_list":{"0":"post-153728","1":"product","2":"type-product","3":"status-publish","4":"has-post-thumbnail","6":"product_cat-tables-basses-dappoint","7":"product_cat-tables-fr","8":"product_tag-co-white-fr","9":"product_tag-st-curvy-fr","10":"product_designer-marianna-fiorin-fr","11":"manufacturer-marianna-fiorin-italy-fr","12":"reporting_designer-marianna-fiorin","14":"first","15":"instock","16":"taxable","17":"shipping-taxable","18":"purchasable","19":"product-type-variable"},"acf":[],"_links":{"self":[{"href":"https:\/\/theinvisiblecollection.com\/fr\/wp-json\/wp\/v2\/product\/153728","targetHints":{"allow":["GET"]}}],"collection":[{"href":"https:\/\/theinvisiblecollection.com\/fr\/wp-json\/wp\/v2\/product"}],"about":[{"href":"https:\/\/theinvisiblecollection.com\/fr\/wp-json\/wp\/v2\/types\/product"}],"wp:featuredmedia":[{"embeddable":true,"href":"https:\/\/theinvisiblecollection.com\/fr\/wp-json\/wp\/v2\/media\/395745"}],"wp:attachment":[{"href":"https:\/\/theinvisiblecollection.com\/fr\/wp-json\/wp\/v2\/media?parent=153728"}],"wp:term":[{"taxonomy":"product_brand","embeddable":true,"href":"https:\/\/theinvisiblecollection.com\/fr\/wp-json\/wp\/v2\/product_brand?post=153728"},{"taxonomy":"product_cat","embeddable":true,"href":"https:\/\/theinvisiblecollection.com\/fr\/wp-json\/wp\/v2\/product_cat?post=153728"},{"taxonomy":"product_tag","embeddable":true,"href":"https:\/\/theinvisiblecollection.com\/fr\/wp-json\/wp\/v2\/product_tag?post=153728"},{"taxonomy":"product_designer","embeddable":true,"href":"https:\/\/theinvisiblecollection.com\/fr\/wp-json\/wp\/v2\/product_designer?post=153728"},{"taxonomy":"comfabric","embeddable":true,"href":"https:\/\/theinvisiblecollection.com\/fr\/wp-json\/wp\/v2\/comfabric?post=153728"},{"taxonomy":"manufacturer","embeddable":true,"href":"https:\/\/theinvisiblecollection.com\/fr\/wp-json\/wp\/v2\/manufacturer?post=153728"},{"taxonomy":"reporting_designer","embeddable":true,"href":"https:\/\/theinvisiblecollection.com\/fr\/wp-json\/wp\/v2\/reporting_designer?post=153728"},{"taxonomy":"samplecomfabric","embeddable":true,"href":"https:\/\/theinvisiblecollection.com\/fr\/wp-json\/wp\/v2\/samplecomfabric?post=153728"},{"taxonomy":"clubroom_product_designer","embeddable":true,"href":"https:\/\/theinvisiblecollection.com\/fr\/wp-json\/wp\/v2\/designer_clubroom?post=153728"}],"curies":[{"name":"wp","href":"https:\/\/api.w.org\/{rel}","templated":true}]}}