{"id":153928,"date":"2020-11-23T19:32:59","date_gmt":"2020-11-23T18:32:59","guid":{"rendered":"https:\/\/theinvisiblecollection.com\/?post_type=product&#038;p=153928"},"modified":"2026-05-01T07:38:46","modified_gmt":"2026-05-01T07:38:46","slug":"nada-debs-table-dappoint-c-transparente","status":"publish","type":"product","link":"https:\/\/theinvisiblecollection.com\/fr\/produit\/nada-debs-table-dappoint-c-transparente\/","title":{"rendered":"Table D&#8217;Appoint C Transparente"},"content":{"rendered":"<p style=\"text-align: justify;\">La table d&#8217;appoint C de Nada Debs se place facilement autour d&#8217;un canap\u00e9 ou un fauteuil. Form\u00e9e d&#8217;une seule pi\u00e8ce d&#8217;acrylique, la table C transparente utilise la technique de marqueterie traditionnelle pour incruster de la nacre, du laiton ou de l&#8217;acier inoxydable dans une r\u00e9sine transparente.<\/p>\n","protected":false},"excerpt":{"rendered":"<p>Table d&#8217;appoint en r\u00e9sine transparente<br \/>\nMotif avec technique de marqueterie traditionnelle en nacre, laiton ou acier inoxydable<\/p>\n<p>L 25 x l 39 x H 53 cm<\/p>\n<p><p>Fabriqu\u00e9e \u00e0 la main au Liban<br \/>D\u00e9lais de production : 10 &#8211; 12 semaines<\/p>\n<p><span style=\"text-decoration: underline\" data-mce-style=\"text-decoration: underline;\"><a href=\"https:\/\/www.theinvisiblecollection.com\/fr\/demande-de-devis\/?product_id=153928\" target=\"_blank\" rel=\"noopener\" data-mce-href=\"https:\/\/www.theinvisiblecollection.com\/fr\/demande-de-devis\/?product_id=153928\">Contactez-nous pour toute demande de devis ou de renseignement<\/a><\/span><\/p><\/p>\n","protected":false},"featured_media":5340746,"template":"","meta":{"_acf_changed":false,"content-type":"","_themeisle_gutenberg_block_has_review":false},"product_brand":[],"product_cat":[12332,12503,12514],"product_tag":[9086,9673,35326,6345,8954,9059],"product_designer":[8872],"comfabric":[],"manufacturer":[25164],"reporting_designer":[37873],"samplecomfabric":[],"designer_clubroom":[],"class_list":{"0":"post-153928","1":"product","2":"type-product","3":"status-publish","4":"has-post-thumbnail","6":"product_cat-tables-dappoint","7":"product_cat-tables-fr","8":"product_cat-tables-de-chevet","9":"product_tag-acier","10":"product_tag-nada-debs-fr-fr","11":"product_tag-st-scandinavian-fr","12":"product_tag-liban-fr","13":"product_tag-laiton-fr-2","14":"product_tag-gueridon-fr-2","15":"product_designer-nada-debs-fr","16":"manufacturer-capit-logistics-lebanon-fr","17":"reporting_designer-nada-debs","19":"first","20":"instock","21":"taxable","22":"shipping-taxable","23":"purchasable","24":"product-type-variable"},"acf":[],"_links":{"self":[{"href":"https:\/\/theinvisiblecollection.com\/fr\/wp-json\/wp\/v2\/product\/153928","targetHints":{"allow":["GET"]}}],"collection":[{"href":"https:\/\/theinvisiblecollection.com\/fr\/wp-json\/wp\/v2\/product"}],"about":[{"href":"https:\/\/theinvisiblecollection.com\/fr\/wp-json\/wp\/v2\/types\/product"}],"wp:featuredmedia":[{"embeddable":true,"href":"https:\/\/theinvisiblecollection.com\/fr\/wp-json\/wp\/v2\/media\/5340746"}],"wp:attachment":[{"href":"https:\/\/theinvisiblecollection.com\/fr\/wp-json\/wp\/v2\/media?parent=153928"}],"wp:term":[{"taxonomy":"product_brand","embeddable":true,"href":"https:\/\/theinvisiblecollection.com\/fr\/wp-json\/wp\/v2\/product_brand?post=153928"},{"taxonomy":"product_cat","embeddable":true,"href":"https:\/\/theinvisiblecollection.com\/fr\/wp-json\/wp\/v2\/product_cat?post=153928"},{"taxonomy":"product_tag","embeddable":true,"href":"https:\/\/theinvisiblecollection.com\/fr\/wp-json\/wp\/v2\/product_tag?post=153928"},{"taxonomy":"product_designer","embeddable":true,"href":"https:\/\/theinvisiblecollection.com\/fr\/wp-json\/wp\/v2\/product_designer?post=153928"},{"taxonomy":"comfabric","embeddable":true,"href":"https:\/\/theinvisiblecollection.com\/fr\/wp-json\/wp\/v2\/comfabric?post=153928"},{"taxonomy":"manufacturer","embeddable":true,"href":"https:\/\/theinvisiblecollection.com\/fr\/wp-json\/wp\/v2\/manufacturer?post=153928"},{"taxonomy":"reporting_designer","embeddable":true,"href":"https:\/\/theinvisiblecollection.com\/fr\/wp-json\/wp\/v2\/reporting_designer?post=153928"},{"taxonomy":"samplecomfabric","embeddable":true,"href":"https:\/\/theinvisiblecollection.com\/fr\/wp-json\/wp\/v2\/samplecomfabric?post=153928"},{"taxonomy":"clubroom_product_designer","embeddable":true,"href":"https:\/\/theinvisiblecollection.com\/fr\/wp-json\/wp\/v2\/designer_clubroom?post=153928"}],"curies":[{"name":"wp","href":"https:\/\/api.w.org\/{rel}","templated":true}]}}