{"id":154341,"date":"2023-07-07T10:53:55","date_gmt":"2023-07-07T09:53:55","guid":{"rendered":"https:\/\/theinvisiblecollection.com\/?post_type=product&#038;p=154341"},"modified":"2026-05-01T07:38:46","modified_gmt":"2026-05-01T07:38:46","slug":"lars-nilsson-lampe-emeraude","status":"publish","type":"product","link":"https:\/\/theinvisiblecollection.com\/fr\/produit\/lars-nilsson-lampe-emeraude\/","title":{"rendered":"Lampe \u00c9meraude"},"content":{"rendered":"<p style=\"text-align: justify;\"><span class=\"NormalTextRun SpellingErrorV2Themed SCXW38650701 BCX0\">L&#8217;\u00e9clairage<\/span><span class=\"NormalTextRun SCXW38650701 BCX0\"> sculptural de Lars Nilsson c\u00e9l\u00e8bre la nature. <\/span><span class=\"NormalTextRun SpellingErrorV2Themed SCXW38650701 BCX0\">Ces<\/span> <span class=\"NormalTextRun SpellingErrorV2Themed SCXW38650701 BCX0\">pi\u00e8ces<\/span> <span class=\"NormalTextRun SpellingErrorV2Themed SCXW38650701 BCX0\">sculpturales<\/span> <span class=\"NormalTextRun SpellingErrorV2Themed SCXW38650701 BCX0\">sont<\/span> <span class=\"NormalTextRun SpellingErrorV2Themed SCXW38650701 BCX0\">inspir\u00e9es<\/span><span class=\"NormalTextRun SCXW38650701 BCX0\"> des <\/span><span class=\"NormalTextRun SpellingErrorV2Themed SCXW38650701 BCX0\">arbres<\/span> <span class=\"NormalTextRun SpellingErrorV2Themed SCXW38650701 BCX0\">topiaires<\/span><span class=\"NormalTextRun SCXW38650701 BCX0\"> de Hildasholm <\/span><span class=\"NormalTextRun SpellingErrorV2Themed SCXW38650701 BCX0\">en<\/span> <span class=\"NormalTextRun SpellingErrorV2Themed SCXW38650701 BCX0\">Dal\u00e9carlie<\/span><span class=\"NormalTextRun SCXW38650701 BCX0\"> et de <\/span><span class=\"NormalTextRun SpellingErrorV2Themed SCXW38650701 BCX0\">l&#8217;horizon<\/span><span class=\"NormalTextRun SCXW38650701 BCX0\"> au-dessus des lacs, les <\/span><span class=\"NormalTextRun SpellingErrorV2Themed SCXW38650701 BCX0\">combinaisons<\/span><span class=\"NormalTextRun SCXW38650701 BCX0\"> de couleurs de la lumi\u00e8re. Lars Nilsson <\/span><span class=\"NormalTextRun SpellingErrorV2Themed SCXW38650701 BCX0\">souhaitait<\/span> <span class=\"NormalTextRun SpellingErrorV2Themed SCXW38650701 BCX0\">cr\u00e9er<\/span> <span class=\"NormalTextRun SpellingErrorV2Themed SCXW38650701 BCX0\">une<\/span><span class=\"NormalTextRun SCXW38650701 BCX0\"> collection <\/span><span class=\"NormalTextRun SpellingErrorV2Themed SCXW38650701 BCX0\">d&#8217;objets<\/span><span class=\"NormalTextRun SCXW38650701 BCX0\"> pour la <\/span><span class=\"NormalTextRun SpellingErrorV2Themed SCXW38650701 BCX0\">maison<\/span><span class=\"NormalTextRun SCXW38650701 BCX0\">, proposant un motif <\/span><span class=\"NormalTextRun SpellingErrorV2Themed SCXW38650701 BCX0\">graphique<\/span> <span class=\"NormalTextRun SpellingErrorV2Themed SCXW38650701 BCX0\">\u00e9voquant<\/span> <span class=\"NormalTextRun SpellingErrorV2Themed SCXW38650701 BCX0\">une<\/span> <span class=\"NormalTextRun SpellingErrorV2Themed SCXW38650701 BCX0\">rayure<\/span><span class=\"NormalTextRun SCXW38650701 BCX0\"> qui <\/span><span class=\"NormalTextRun SpellingErrorV2Themed SCXW38650701 BCX0\">n\u2019en<\/span> <span class=\"NormalTextRun SpellingErrorV2Themed SCXW38650701 BCX0\">est<\/span><span class=\"NormalTextRun SCXW38650701 BCX0\"> pas <\/span><span class=\"NormalTextRun SpellingErrorV2Themed SCXW38650701 BCX0\">une<\/span><span class=\"NormalTextRun SCXW38650701 BCX0\">\u2026 Les <\/span><span class=\"NormalTextRun SpellingErrorV2Themed SCXW38650701 BCX0\">pi\u00e8ces<\/span> <span class=\"NormalTextRun SpellingErrorV2Themed SCXW38650701 BCX0\">propos\u00e9es<\/span> <span class=\"NormalTextRun SpellingErrorV2Themed SCXW38650701 BCX0\">associent<\/span><span class=\"NormalTextRun SCXW38650701 BCX0\"> des textures et des <\/span><span class=\"NormalTextRun SpellingErrorV2Themed SCXW38650701 BCX0\">mat\u00e9riaux<\/span> <span class=\"NormalTextRun SpellingErrorV2Themed SCXW38650701 BCX0\">\u00e9clectiques<\/span> <span class=\"NormalTextRun SpellingErrorV2Themed SCXW38650701 BCX0\">comme<\/span><span class=\"NormalTextRun SCXW38650701 BCX0\"> la <\/span><span class=\"NormalTextRun SpellingErrorV2Themed SCXW38650701 BCX0\">c\u00e9ramique<\/span><span class=\"NormalTextRun SCXW38650701 BCX0\">, le bronze, le <\/span><span class=\"NormalTextRun SpellingErrorV2Themed SCXW38650701 BCX0\">bois<\/span><span class=\"NormalTextRun SCXW38650701 BCX0\"> de <\/span><span class=\"NormalTextRun SpellingErrorV2Themed SCXW38650701 BCX0\">ch\u00eane<\/span><span class=\"NormalTextRun SCXW38650701 BCX0\"> et la laine <\/span><span class=\"NormalTextRun SpellingErrorV2Themed SCXW38650701 BCX0\">feutr\u00e9e<\/span><span class=\"NormalTextRun SCXW38650701 BCX0\">. Lors de son s\u00e9jour d&#8217;un an \u00e0 Dalarna &#8211; de 2019 \u00e0 2020 &#8211; Lars a <\/span><span class=\"NormalTextRun SpellingErrorV2Themed SCXW38650701 BCX0\">con\u00e7u<\/span><span class=\"NormalTextRun SCXW38650701 BCX0\"> et <\/span><span class=\"NormalTextRun SpellingErrorV2Themed SCXW38650701 BCX0\">fabriqu\u00e9<\/span> <span class=\"NormalTextRun SpellingErrorV2Themed SCXW38650701 BCX0\">ces<\/span> <span class=\"NormalTextRun SpellingErrorV2Themed SCXW38650701 BCX0\">pi\u00e8ces<\/span><span class=\"NormalTextRun SCXW38650701 BCX0\"> \u00e0 la main avec <\/span><span class=\"NormalTextRun SpellingErrorV2Themed SCXW38650701 BCX0\">l&#8217;aide<\/span><span class=\"NormalTextRun SCXW38650701 BCX0\"> des artisans de <\/span><span class=\"NormalTextRun SpellingErrorV2Themed SCXW38650701 BCX0\">l&#8217;atelier<\/span><span class=\"NormalTextRun SCXW38650701 BCX0\"> de <\/span><span class=\"NormalTextRun SpellingErrorV2Themed SCXW38650701 BCX0\">c\u00e9ramique<\/span><span class=\"NormalTextRun SCXW38650701 BCX0\"> local et de la <\/span><span class=\"NormalTextRun SpellingErrorV2Themed SCXW38650701 BCX0\">fonderie<\/span><span class=\"NormalTextRun SCXW38650701 BCX0\"> de bronze. Il a ensuite <\/span><span class=\"NormalTextRun SpellingErrorV2Themed SCXW38650701 BCX0\">ajout\u00e9<\/span><span class=\"NormalTextRun SCXW38650701 BCX0\"> des <\/span><span class=\"NormalTextRun SpellingErrorV2Themed SCXW38650701 BCX0\">\u00e9l\u00e9ments<\/span> <span class=\"NormalTextRun SpellingErrorV2Themed SCXW38650701 BCX0\">en<\/span> <span class=\"NormalTextRun SpellingErrorV2Themed SCXW38650701 BCX0\">ch\u00eane<\/span><span class=\"NormalTextRun SCXW38650701 BCX0\"> massif <\/span><span class=\"NormalTextRun SpellingErrorV2Themed SCXW38650701 BCX0\">sculpt\u00e9s<\/span><span class=\"NormalTextRun SCXW38650701 BCX0\"> \u00e0 la main et un <\/span><span class=\"NormalTextRun SpellingErrorV2Themed SCXW38650701 BCX0\">tissu<\/span> <span class=\"NormalTextRun SpellingErrorV2Themed SCXW38650701 BCX0\">en<\/span><span class=\"NormalTextRun SCXW38650701 BCX0\"> laine <\/span><span class=\"NormalTextRun SpellingErrorV2Themed SCXW38650701 BCX0\">feutr\u00e9e<\/span> <span class=\"NormalTextRun SpellingErrorV2Themed SCXW38650701 BCX0\">cousu<\/span><span class=\"NormalTextRun SCXW38650701 BCX0\">, <\/span><span class=\"NormalTextRun SpellingErrorV2Themed SCXW38650701 BCX0\">fabriqu\u00e9<\/span><span class=\"NormalTextRun SCXW38650701 BCX0\"> \u00e0 <\/span><span class=\"NormalTextRun SpellingErrorV2Themed SCXW38650701 BCX0\">partir<\/span><span class=\"NormalTextRun SCXW38650701 BCX0\"> des moutons qui <\/span><span class=\"NormalTextRun SpellingErrorV2Themed SCXW38650701 BCX0\">paissent<\/span> <span class=\"NormalTextRun SpellingErrorV2Themed SCXW38650701 BCX0\">autour<\/span><span class=\"NormalTextRun SCXW38650701 BCX0\"> du lac Siljan. Le <\/span><span class=\"NormalTextRun SpellingErrorV2Themed SCXW38650701 BCX0\">r\u00e9sultat<\/span><span class=\"NormalTextRun SCXW38650701 BCX0\">\u00a0? Une ode <\/span><span class=\"NormalTextRun SpellingErrorV2Themed SCXW38650701 BCX0\">merveilleuse<\/span><span class=\"NormalTextRun SCXW38650701 BCX0\"> \u00e0 <\/span><span class=\"NormalTextRun SpellingErrorV2Themed SCXW38650701 BCX0\">l&#8217;horizon<\/span> <span class=\"NormalTextRun SpellingErrorV2Themed SCXW38650701 BCX0\">toujours<\/span> <span class=\"NormalTextRun SpellingErrorV2Themed SCXW38650701 BCX0\">changeant<\/span><span class=\"NormalTextRun SCXW38650701 BCX0\">.<\/span><\/p>\n","protected":false},"excerpt":{"rendered":"<p>Pi\u00e8ce unique<br \/>\nLampe de table en bronze, c\u00e9ramique et laine feutr\u00e9e<\/p>\n<p>H 57 cm<br \/>\nHauteur d&#8217;abat-jour conseill\u00e9e : 30 cm<\/p>\n<p>Fabriqu\u00e9e \u00e0 la main en Su\u00e8de<br \/>\nPi\u00e8ce unique<br \/>\n<span style=\"text-decoration: underline;\"><a href=\"https:\/\/www.theinvisiblecollection.com\/quote\/?product_id=154341\" target=\"_blank\" rel=\"noopener\"><span class=\"s1\">Contactez-nous pour toute demande de devis ou de renseignements<\/span><\/a><\/span><\/p>\n","protected":false},"featured_media":154345,"template":"","meta":{"_acf_changed":false,"content-type":"","_themeisle_gutenberg_block_has_review":false},"product_brand":[],"product_cat":[8974,12507,13076],"product_tag":[14925,31476,35206],"product_designer":[17811],"comfabric":[],"manufacturer":[17809],"reporting_designer":[37624],"samplecomfabric":[],"designer_clubroom":[],"class_list":{"0":"post-154341","1":"product","2":"type-product","3":"status-publish","4":"has-post-thumbnail","6":"product_cat-lampes-de-table","7":"product_cat-luminaires","8":"product_cat-bureau-a-la-maison","9":"product_tag-hpfav-fr","10":"product_tag-st-collectible-fr","11":"product_tag-exclusive-fr","12":"pa_lampshade-avec-abat-jour","13":"pa_lampshade-sans-abat-jour","14":"product_designer-lars-nilsson-fr","15":"manufacturer-lars-nilsson-fr","16":"reporting_designer-lars-nilsson","18":"first","19":"instock","20":"taxable","21":"shipping-taxable","22":"purchasable","23":"product-type-variable"},"acf":[],"_links":{"self":[{"href":"https:\/\/theinvisiblecollection.com\/fr\/wp-json\/wp\/v2\/product\/154341","targetHints":{"allow":["GET"]}}],"collection":[{"href":"https:\/\/theinvisiblecollection.com\/fr\/wp-json\/wp\/v2\/product"}],"about":[{"href":"https:\/\/theinvisiblecollection.com\/fr\/wp-json\/wp\/v2\/types\/product"}],"wp:featuredmedia":[{"embeddable":true,"href":"https:\/\/theinvisiblecollection.com\/fr\/wp-json\/wp\/v2\/media\/154345"}],"wp:attachment":[{"href":"https:\/\/theinvisiblecollection.com\/fr\/wp-json\/wp\/v2\/media?parent=154341"}],"wp:term":[{"taxonomy":"product_brand","embeddable":true,"href":"https:\/\/theinvisiblecollection.com\/fr\/wp-json\/wp\/v2\/product_brand?post=154341"},{"taxonomy":"product_cat","embeddable":true,"href":"https:\/\/theinvisiblecollection.com\/fr\/wp-json\/wp\/v2\/product_cat?post=154341"},{"taxonomy":"product_tag","embeddable":true,"href":"https:\/\/theinvisiblecollection.com\/fr\/wp-json\/wp\/v2\/product_tag?post=154341"},{"taxonomy":"product_designer","embeddable":true,"href":"https:\/\/theinvisiblecollection.com\/fr\/wp-json\/wp\/v2\/product_designer?post=154341"},{"taxonomy":"comfabric","embeddable":true,"href":"https:\/\/theinvisiblecollection.com\/fr\/wp-json\/wp\/v2\/comfabric?post=154341"},{"taxonomy":"manufacturer","embeddable":true,"href":"https:\/\/theinvisiblecollection.com\/fr\/wp-json\/wp\/v2\/manufacturer?post=154341"},{"taxonomy":"reporting_designer","embeddable":true,"href":"https:\/\/theinvisiblecollection.com\/fr\/wp-json\/wp\/v2\/reporting_designer?post=154341"},{"taxonomy":"samplecomfabric","embeddable":true,"href":"https:\/\/theinvisiblecollection.com\/fr\/wp-json\/wp\/v2\/samplecomfabric?post=154341"},{"taxonomy":"clubroom_product_designer","embeddable":true,"href":"https:\/\/theinvisiblecollection.com\/fr\/wp-json\/wp\/v2\/designer_clubroom?post=154341"}],"curies":[{"name":"wp","href":"https:\/\/api.w.org\/{rel}","templated":true}]}}