{"id":154437,"date":"2022-07-18T17:34:35","date_gmt":"2022-07-18T16:34:35","guid":{"rendered":"https:\/\/theinvisiblecollection.com\/?post_type=product&#038;p=154437"},"modified":"2026-05-05T11:00:41","modified_gmt":"2026-05-05T11:00:41","slug":"anut-cairo-assiette-dotty-daisy","status":"publish","type":"product","link":"https:\/\/theinvisiblecollection.com\/fr\/produit\/anut-cairo-assiette-dotty-daisy\/","title":{"rendered":"Assiette Dotty Daisy"},"content":{"rendered":"<p class=\"p1\" style=\"text-align: justify;\">Chaque pi\u00e8ce de poterie est fabriqu\u00e9e \u00e0 la main par de talentueux artisans locaux dans l\u2019Oasis de Fayoum. Ce village, o\u00f9 l\u2019atelier des artisans jouxte leur maison et o\u00f9 les familles se r\u00e9unissent le week-end pour s\u2019essayer au tour de potier ou peindre des images inspir\u00e9es par la nature de l\u2019oasis, est un endroit magique et inspirant.<\/p>\n","protected":false},"excerpt":{"rendered":"<p>Assiette en fa\u00efence \u00e9maill\u00e9e, peinte \u00e0 la main<br \/>\nChaque pi\u00e8ce est unique en raison de sa nature artisanale, les formes et les teintes varient l\u00e9g\u00e8rement<\/p>\n<p class=\"p1\">\u00d8 25 &#8211; 27 cm<\/p>\n<p>Fabriqu\u00e9e \u00e0 la main en Egypte<br \/>\n15 pieces available immediately<\/p>\n<p><span style=\"text-decoration: underline;\"><span class=\"s1\"><a href=\"https:\/\/www.theinvisiblecollection.com\/fr\/demande-de-devis\/?product_id=134066\" target=\"_blank\" rel=\"noopener\">Contactez-nous pour toute demande de devis ou de renseignements<\/a><\/span><\/span><\/p>\n","protected":false},"featured_media":1208029,"template":"","meta":{"_acf_changed":false,"content-type":"","_themeisle_gutenberg_block_has_review":false},"product_brand":[],"product_cat":[7517,12535,16319],"product_tag":[7435,22790],"product_designer":[33947],"comfabric":[],"manufacturer":[33990],"reporting_designer":[37858],"samplecomfabric":[],"designer_clubroom":[],"class_list":{"0":"post-154437","1":"product","2":"type-product","3":"status-publish","4":"has-post-thumbnail","6":"product_cat-deco-fr","7":"product_cat-arts-de-la-table","8":"product_cat-cartes-cadeaux","9":"product_tag-new-in-fr","10":"product_tag-disponible-immediatement","11":"product_designer-anut-cairo-fr","12":"manufacturer-anut-cairo-fr","13":"reporting_designer-anut-cairo","14":"exhibitions-paris-fr","15":"exhibitions-londres-fr","17":"first","18":"instock","19":"taxable","20":"shipping-taxable","21":"purchasable","22":"product-type-simple"},"acf":[],"_links":{"self":[{"href":"https:\/\/theinvisiblecollection.com\/fr\/wp-json\/wp\/v2\/product\/154437","targetHints":{"allow":["GET"]}}],"collection":[{"href":"https:\/\/theinvisiblecollection.com\/fr\/wp-json\/wp\/v2\/product"}],"about":[{"href":"https:\/\/theinvisiblecollection.com\/fr\/wp-json\/wp\/v2\/types\/product"}],"wp:featuredmedia":[{"embeddable":true,"href":"https:\/\/theinvisiblecollection.com\/fr\/wp-json\/wp\/v2\/media\/1208029"}],"wp:attachment":[{"href":"https:\/\/theinvisiblecollection.com\/fr\/wp-json\/wp\/v2\/media?parent=154437"}],"wp:term":[{"taxonomy":"product_brand","embeddable":true,"href":"https:\/\/theinvisiblecollection.com\/fr\/wp-json\/wp\/v2\/product_brand?post=154437"},{"taxonomy":"product_cat","embeddable":true,"href":"https:\/\/theinvisiblecollection.com\/fr\/wp-json\/wp\/v2\/product_cat?post=154437"},{"taxonomy":"product_tag","embeddable":true,"href":"https:\/\/theinvisiblecollection.com\/fr\/wp-json\/wp\/v2\/product_tag?post=154437"},{"taxonomy":"product_designer","embeddable":true,"href":"https:\/\/theinvisiblecollection.com\/fr\/wp-json\/wp\/v2\/product_designer?post=154437"},{"taxonomy":"comfabric","embeddable":true,"href":"https:\/\/theinvisiblecollection.com\/fr\/wp-json\/wp\/v2\/comfabric?post=154437"},{"taxonomy":"manufacturer","embeddable":true,"href":"https:\/\/theinvisiblecollection.com\/fr\/wp-json\/wp\/v2\/manufacturer?post=154437"},{"taxonomy":"reporting_designer","embeddable":true,"href":"https:\/\/theinvisiblecollection.com\/fr\/wp-json\/wp\/v2\/reporting_designer?post=154437"},{"taxonomy":"samplecomfabric","embeddable":true,"href":"https:\/\/theinvisiblecollection.com\/fr\/wp-json\/wp\/v2\/samplecomfabric?post=154437"},{"taxonomy":"clubroom_product_designer","embeddable":true,"href":"https:\/\/theinvisiblecollection.com\/fr\/wp-json\/wp\/v2\/designer_clubroom?post=154437"}],"curies":[{"name":"wp","href":"https:\/\/api.w.org\/{rel}","templated":true}]}}