{"id":154443,"date":"2022-07-18T17:46:36","date_gmt":"2022-07-18T16:46:36","guid":{"rendered":"https:\/\/theinvisiblecollection.com\/?post_type=product&#038;p=154443"},"modified":"2026-05-05T11:00:33","modified_gmt":"2026-05-05T11:00:33","slug":"anut-cairo-assiette-a-dessert-clover-hexagon","status":"publish","type":"product","link":"https:\/\/theinvisiblecollection.com\/fr\/produit\/anut-cairo-assiette-a-dessert-clover-hexagon\/","title":{"rendered":"Assiette \u00e0 Dessert Clover Hexagon"},"content":{"rendered":"","protected":false},"excerpt":{"rendered":"<p>Assiette en fa\u00efence \u00e9maill\u00e9e, peinte \u00e0 la main<br \/>\nChaque pi\u00e8ce est unique en raison de sa nature artisanale, les formes et les teintes varient l\u00e9g\u00e8rement<\/p>\n<p class=\"p1\">\u00d8 20 cm<\/p>\n<p>Fabriqu\u00e9e \u00e0 la main en Egypte<br \/>\n6 pi\u00e8ces disponibles imm\u00e9diatement<\/p>\n<p><span style=\"text-decoration: underline;\"><span class=\"s1\"><a href=\"https:\/\/www.theinvisiblecollection.com\/fr\/demande-de-devis\/?product_id=134090\" target=\"_blank\" rel=\"noopener\">Contactez-nous pour toute demande de devis ou de renseignements<\/a><\/span><\/span><\/p>\n","protected":false},"featured_media":1207882,"template":"","meta":{"_acf_changed":false,"content-type":"","_themeisle_gutenberg_block_has_review":false},"product_brand":[],"product_cat":[7517,12535,16319],"product_tag":[7435],"product_designer":[33947],"comfabric":[],"manufacturer":[33990],"reporting_designer":[37858],"samplecomfabric":[],"designer_clubroom":[],"class_list":{"0":"post-154443","1":"product","2":"type-product","3":"status-publish","4":"has-post-thumbnail","6":"product_cat-deco-fr","7":"product_cat-arts-de-la-table","8":"product_cat-cartes-cadeaux","9":"product_tag-new-in-fr","10":"product_designer-anut-cairo-fr","11":"manufacturer-anut-cairo-fr","12":"reporting_designer-anut-cairo","14":"first","15":"instock","16":"taxable","17":"shipping-taxable","18":"purchasable","19":"product-type-simple"},"acf":[],"_links":{"self":[{"href":"https:\/\/theinvisiblecollection.com\/fr\/wp-json\/wp\/v2\/product\/154443","targetHints":{"allow":["GET"]}}],"collection":[{"href":"https:\/\/theinvisiblecollection.com\/fr\/wp-json\/wp\/v2\/product"}],"about":[{"href":"https:\/\/theinvisiblecollection.com\/fr\/wp-json\/wp\/v2\/types\/product"}],"wp:featuredmedia":[{"embeddable":true,"href":"https:\/\/theinvisiblecollection.com\/fr\/wp-json\/wp\/v2\/media\/1207882"}],"wp:attachment":[{"href":"https:\/\/theinvisiblecollection.com\/fr\/wp-json\/wp\/v2\/media?parent=154443"}],"wp:term":[{"taxonomy":"product_brand","embeddable":true,"href":"https:\/\/theinvisiblecollection.com\/fr\/wp-json\/wp\/v2\/product_brand?post=154443"},{"taxonomy":"product_cat","embeddable":true,"href":"https:\/\/theinvisiblecollection.com\/fr\/wp-json\/wp\/v2\/product_cat?post=154443"},{"taxonomy":"product_tag","embeddable":true,"href":"https:\/\/theinvisiblecollection.com\/fr\/wp-json\/wp\/v2\/product_tag?post=154443"},{"taxonomy":"product_designer","embeddable":true,"href":"https:\/\/theinvisiblecollection.com\/fr\/wp-json\/wp\/v2\/product_designer?post=154443"},{"taxonomy":"comfabric","embeddable":true,"href":"https:\/\/theinvisiblecollection.com\/fr\/wp-json\/wp\/v2\/comfabric?post=154443"},{"taxonomy":"manufacturer","embeddable":true,"href":"https:\/\/theinvisiblecollection.com\/fr\/wp-json\/wp\/v2\/manufacturer?post=154443"},{"taxonomy":"reporting_designer","embeddable":true,"href":"https:\/\/theinvisiblecollection.com\/fr\/wp-json\/wp\/v2\/reporting_designer?post=154443"},{"taxonomy":"samplecomfabric","embeddable":true,"href":"https:\/\/theinvisiblecollection.com\/fr\/wp-json\/wp\/v2\/samplecomfabric?post=154443"},{"taxonomy":"clubroom_product_designer","embeddable":true,"href":"https:\/\/theinvisiblecollection.com\/fr\/wp-json\/wp\/v2\/designer_clubroom?post=154443"}],"curies":[{"name":"wp","href":"https:\/\/api.w.org\/{rel}","templated":true}]}}