{"id":1546193,"date":"2022-01-09T16:04:29","date_gmt":"2022-01-09T15:04:29","guid":{"rendered":"https:\/\/theinvisiblecollection.com\/?post_type=product&#038;p=1546193"},"modified":"2026-05-01T07:38:22","modified_gmt":"2026-05-01T07:38:22","slug":"lampe-cubique-1925","status":"publish","type":"product","link":"https:\/\/theinvisiblecollection.com\/fr\/produit\/lampe-cubique-1925\/","title":{"rendered":"Lampe Cubique 1925"},"content":{"rendered":"","protected":false},"excerpt":{"rendered":"<p>Co-con\u00e7ue avec Adolphe Chanaux<br \/>\nJean-Michel Frank r\u00e9\u00e9dit\u00e9e par Ecart International<br \/>\nLampe en m\u00e9tal patin\u00e9 et abat-jour en alb\u00e2tre<\/p>\n<p>L 10 x l 10\u00a0 x H 12 cm<\/p>\n<p>Indisponible aux Etats-Unis<br \/>\nFabriqu\u00e9e \u00e0 la main en France<br \/>\nD\u00e9lais de production : 8 semaines<\/p>\n<p><span style=\"text-decoration: underline;\"><a href=\"https:\/\/www.theinvisiblecollection.com\/request-a-quote\/?product_id=5740424\" target=\"_blank\" rel=\"noopener\">Contactez-nous pour toute demande de devis ou de renseignements<\/a><\/span><\/p>\n","protected":false},"featured_media":5839054,"template":"","meta":{"_acf_changed":false,"content-type":"","_themeisle_gutenberg_block_has_review":false},"product_brand":[],"product_cat":[8974,12507],"product_tag":[11235,35206],"product_designer":[10154,10638],"comfabric":[29238],"manufacturer":[16874],"reporting_designer":[37611],"samplecomfabric":[29926],"designer_clubroom":[],"class_list":{"0":"post-1546193","1":"product","2":"type-product","3":"status-publish","4":"has-post-thumbnail","6":"product_cat-lampes-de-table","7":"product_cat-luminaires","8":"product_tag-reedition-fr-fr","9":"product_tag-exclusive-fr","10":"product_designer-jean-michel-frank-fr","11":"product_designer-ecart-international-fr","12":"comfabric-ecart-international-atelier-fr","13":"manufacturer-ecart-international-argentat","14":"reporting_designer-ecart-international","15":"samplecomfabric-ecart-international-atelier-fr","17":"first","18":"instock","19":"taxable","20":"shipping-taxable","21":"purchasable","22":"product-type-simple"},"acf":[],"_links":{"self":[{"href":"https:\/\/theinvisiblecollection.com\/fr\/wp-json\/wp\/v2\/product\/1546193","targetHints":{"allow":["GET"]}}],"collection":[{"href":"https:\/\/theinvisiblecollection.com\/fr\/wp-json\/wp\/v2\/product"}],"about":[{"href":"https:\/\/theinvisiblecollection.com\/fr\/wp-json\/wp\/v2\/types\/product"}],"wp:featuredmedia":[{"embeddable":true,"href":"https:\/\/theinvisiblecollection.com\/fr\/wp-json\/wp\/v2\/media\/5839054"}],"wp:attachment":[{"href":"https:\/\/theinvisiblecollection.com\/fr\/wp-json\/wp\/v2\/media?parent=1546193"}],"wp:term":[{"taxonomy":"product_brand","embeddable":true,"href":"https:\/\/theinvisiblecollection.com\/fr\/wp-json\/wp\/v2\/product_brand?post=1546193"},{"taxonomy":"product_cat","embeddable":true,"href":"https:\/\/theinvisiblecollection.com\/fr\/wp-json\/wp\/v2\/product_cat?post=1546193"},{"taxonomy":"product_tag","embeddable":true,"href":"https:\/\/theinvisiblecollection.com\/fr\/wp-json\/wp\/v2\/product_tag?post=1546193"},{"taxonomy":"product_designer","embeddable":true,"href":"https:\/\/theinvisiblecollection.com\/fr\/wp-json\/wp\/v2\/product_designer?post=1546193"},{"taxonomy":"comfabric","embeddable":true,"href":"https:\/\/theinvisiblecollection.com\/fr\/wp-json\/wp\/v2\/comfabric?post=1546193"},{"taxonomy":"manufacturer","embeddable":true,"href":"https:\/\/theinvisiblecollection.com\/fr\/wp-json\/wp\/v2\/manufacturer?post=1546193"},{"taxonomy":"reporting_designer","embeddable":true,"href":"https:\/\/theinvisiblecollection.com\/fr\/wp-json\/wp\/v2\/reporting_designer?post=1546193"},{"taxonomy":"samplecomfabric","embeddable":true,"href":"https:\/\/theinvisiblecollection.com\/fr\/wp-json\/wp\/v2\/samplecomfabric?post=1546193"},{"taxonomy":"clubroom_product_designer","embeddable":true,"href":"https:\/\/theinvisiblecollection.com\/fr\/wp-json\/wp\/v2\/designer_clubroom?post=1546193"}],"curies":[{"name":"wp","href":"https:\/\/api.w.org\/{rel}","templated":true}]}}