{"id":1546552,"date":"2023-01-09T17:30:18","date_gmt":"2023-01-09T16:30:18","guid":{"rendered":"https:\/\/theinvisiblecollection.com\/?post_type=product&#038;p=1546552"},"modified":"2026-05-01T07:38:22","modified_gmt":"2026-05-01T07:38:22","slug":"pinto-fauteuil-pilati","status":"publish","type":"product","link":"https:\/\/theinvisiblecollection.com\/fr\/produit\/pinto-fauteuil-pilati\/","title":{"rendered":"Fauteuil Pilati"},"content":{"rendered":"<p style=\"text-align: justify;\"><span class=\"TextRun SCXW159321857 BCX0\" lang=\"EN-GB\" xml:lang=\"EN-GB\" data-contrast=\"auto\"><span class=\"NormalTextRun SCXW159321857 BCX0\">Le Fauteuil Pilati de Pinto fait partie de la collection Pilati. Dans le cadre de Pinto Edition, le co-<\/span><span class=\"NormalTextRun SpellingErrorV2Themed SCXW159321857 BCX0\">directeur<\/span> <span class=\"NormalTextRun SpellingErrorV2Themed SCXW159321857 BCX0\">artistique<\/span><span class=\"NormalTextRun SCXW159321857 BCX0\"> Fahad Hariri <\/span><span class=\"NormalTextRun SpellingErrorV2Themed SCXW159321857 BCX0\">vient<\/span><span class=\"NormalTextRun SCXW159321857 BCX0\"> de lancer <\/span><span class=\"NormalTextRun SpellingErrorV2Themed SCXW159321857 BCX0\">une<\/span><span class=\"NormalTextRun SCXW159321857 BCX0\"> collection capsule avec Stefano Pilati, le <\/span><span class=\"NormalTextRun SpellingErrorV2Themed SCXW159321857 BCX0\">styliste<\/span> <span class=\"NormalTextRun SpellingErrorV2Themed SCXW159321857 BCX0\">italien<\/span><span class=\"NormalTextRun SCXW159321857 BCX0\">, pour <\/span><span class=\"NormalTextRun SpellingErrorV2Themed SCXW159321857 BCX0\">\u00e9noncer<\/span><span class=\"NormalTextRun SCXW159321857 BCX0\"> un nouveau <\/span><span class=\"NormalTextRun SpellingErrorV2Themed SCXW159321857 BCX0\">manifeste<\/span> <span class=\"NormalTextRun SpellingErrorV2Themed SCXW159321857 BCX0\">autour<\/span><span class=\"NormalTextRun SCXW159321857 BCX0\"> de <\/span><span class=\"NormalTextRun SpellingErrorV2Themed SCXW159321857 BCX0\">l&#8217;esprit<\/span> <span class=\"NormalTextRun SpellingErrorV2Themed SCXW159321857 BCX0\">moderne<\/span><span class=\"NormalTextRun SCXW159321857 BCX0\"> et <\/span><span class=\"NormalTextRun SpellingErrorV2Themed SCXW159321857 BCX0\">romantique<\/span><span class=\"NormalTextRun SCXW159321857 BCX0\">. La collection capsule <\/span><span class=\"NormalTextRun ContextualSpellingAndGrammarErrorV2Themed SCXW159321857 BCX0\">propose<\/span><span class=\"NormalTextRun SCXW159321857 BCX0\"> tout <\/span><span class=\"NormalTextRun SpellingErrorV2Themed SCXW159321857 BCX0\">d\u2019abord<\/span><span class=\"NormalTextRun SCXW159321857 BCX0\"> un canap\u00e9 <\/span><span class=\"NormalTextRun SpellingErrorV2Themed SCXW159321857 BCX0\">surdimensionn\u00e9<\/span> <span class=\"NormalTextRun SpellingErrorV2Themed SCXW159321857 BCX0\">dont<\/span><span class=\"NormalTextRun SCXW159321857 BCX0\"> la <\/span><span class=\"NormalTextRun SpellingErrorV2Themed SCXW159321857 BCX0\">forme<\/span><span class=\"NormalTextRun SCXW159321857 BCX0\"> a <\/span><span class=\"NormalTextRun SpellingErrorV2Themed SCXW159321857 BCX0\">\u00e9t\u00e9<\/span> <span class=\"NormalTextRun SpellingErrorV2Themed SCXW159321857 BCX0\">sp\u00e9cialement<\/span> <span class=\"NormalTextRun SpellingErrorV2Themed SCXW159321857 BCX0\">con\u00e7ue<\/span><span class=\"NormalTextRun SCXW159321857 BCX0\"> pour <\/span><span class=\"NormalTextRun SpellingErrorV2Themed SCXW159321857 BCX0\">associer<\/span> <span class=\"NormalTextRun SpellingErrorV2Themed SCXW159321857 BCX0\">une<\/span> <span class=\"NormalTextRun SpellingErrorV2Themed SCXW159321857 BCX0\">simplicit\u00e9<\/span> <span class=\"NormalTextRun SpellingErrorV2Themed SCXW159321857 BCX0\">apparente<\/span><span class=\"NormalTextRun SCXW159321857 BCX0\"> au <\/span><span class=\"NormalTextRun SpellingErrorV2Themed SCXW159321857 BCX0\">drap\u00e9<\/span><span class=\"NormalTextRun SCXW159321857 BCX0\"> de <\/span><span class=\"NormalTextRun SpellingErrorV2Themed SCXW159321857 BCX0\">paille<\/span><span class=\"NormalTextRun SCXW159321857 BCX0\"> de <\/span><span class=\"NormalTextRun SpellingErrorV2Themed SCXW159321857 BCX0\">l&#8217;enveloppe<\/span> <span class=\"NormalTextRun SpellingErrorV2Themed SCXW159321857 BCX0\">ext\u00e9rieure<\/span><span class=\"NormalTextRun SCXW159321857 BCX0\">. Ce sublime canap\u00e9 <\/span><span class=\"NormalTextRun SpellingErrorV2Themed SCXW159321857 BCX0\">r\u00e9pond<\/span><span class=\"NormalTextRun SCXW159321857 BCX0\"> aux plus <\/span><span class=\"NormalTextRun SpellingErrorV2Themed SCXW159321857 BCX0\">hauts<\/span><span class=\"NormalTextRun SCXW159321857 BCX0\"> standards de <\/span><span class=\"NormalTextRun SpellingErrorV2Themed SCXW159321857 BCX0\">qualit\u00e9<\/span><span class=\"NormalTextRun SCXW159321857 BCX0\"> et de <\/span><span class=\"NormalTextRun SpellingErrorV2Themed SCXW159321857 BCX0\">confort<\/span><span class=\"NormalTextRun SCXW159321857 BCX0\"> de la <\/span><span class=\"NormalTextRun SpellingErrorV2Themed SCXW159321857 BCX0\">tapisserie<\/span><span class=\"NormalTextRun SCXW159321857 BCX0\"> fran\u00e7aise <\/span><span class=\"NormalTextRun SpellingErrorV2Themed SCXW159321857 BCX0\">traditionnelle<\/span><span class=\"NormalTextRun SCXW159321857 BCX0\">. Pour <\/span><span class=\"NormalTextRun SpellingErrorV2Themed SCXW159321857 BCX0\">leur<\/span> <span class=\"NormalTextRun SpellingErrorV2Themed SCXW159321857 BCX0\">deuxi\u00e8me<\/span> <span class=\"NormalTextRun SpellingErrorV2Themed SCXW159321857 BCX0\">cr\u00e9ation<\/span><span class=\"NormalTextRun SCXW159321857 BCX0\">, Pilati et Hariri <\/span><span class=\"NormalTextRun SpellingErrorV2Themed SCXW159321857 BCX0\">ont<\/span> <span class=\"NormalTextRun SpellingErrorV2Themed SCXW159321857 BCX0\">imagin\u00e9<\/span><span class=\"NormalTextRun SCXW159321857 BCX0\"> un tapis <\/span><span class=\"NormalTextRun SpellingErrorV2Themed SCXW159321857 BCX0\">d\u00e9pos\u00e9<\/span><span class=\"NormalTextRun SCXW159321857 BCX0\"> sur un fauteuil. Se <\/span><span class=\"NormalTextRun SpellingErrorV2Themed SCXW159321857 BCX0\">jouant<\/span><span class=\"NormalTextRun SCXW159321857 BCX0\"> des dimensions, Hariri a ensuite <\/span><span class=\"NormalTextRun SpellingErrorV2Themed SCXW159321857 BCX0\">travaill\u00e9<\/span><span class=\"NormalTextRun SCXW159321857 BCX0\"> sur le <\/span><span class=\"NormalTextRun SpellingErrorV2Themed SCXW159321857 BCX0\">contraste<\/span><span class=\"NormalTextRun SCXW159321857 BCX0\"> entre <\/span><span class=\"NormalTextRun SpellingErrorV2Themed SCXW159321857 BCX0\">l\u2019id\u00e9e<\/span><span class=\"NormalTextRun SCXW159321857 BCX0\"> des <\/span><span class=\"NormalTextRun SpellingErrorV2Themed SCXW159321857 BCX0\">mat\u00e9riaux<\/span><span class=\"NormalTextRun SCXW159321857 BCX0\"> simples et <\/span><span class=\"NormalTextRun SpellingErrorV2Themed SCXW159321857 BCX0\">leur<\/span> <span class=\"NormalTextRun SpellingErrorV2Themed SCXW159321857 BCX0\">r\u00e9interpr\u00e9tation<\/span><span class=\"NormalTextRun SCXW159321857 BCX0\"> \u00e0 travers le bronze, <\/span><span class=\"NormalTextRun SpellingErrorV2Themed SCXW159321857 BCX0\">mat\u00e9riau<\/span> <span class=\"NormalTextRun SpellingErrorV2Themed SCXW159321857 BCX0\">inalt\u00e9rable<\/span><span class=\"NormalTextRun SCXW159321857 BCX0\">. Le fauteuil sculpture <\/span><span class=\"NormalTextRun SpellingErrorV2Themed SCXW159321857 BCX0\">en<\/span><span class=\"NormalTextRun SCXW159321857 BCX0\"> bronze sera <\/span><span class=\"NormalTextRun SpellingErrorV2Themed SCXW159321857 BCX0\">produit<\/span> <span class=\"NormalTextRun SpellingErrorV2Themed SCXW159321857 BCX0\">en<\/span> <span class=\"NormalTextRun SpellingErrorV2Themed SCXW159321857 BCX0\">\u00e9dition<\/span> <span class=\"NormalTextRun SpellingErrorV2Themed SCXW159321857 BCX0\">limit\u00e9e<\/span><span class=\"NormalTextRun SCXW159321857 BCX0\"> \u00e0 <\/span><span class=\"NormalTextRun SpellingErrorV2Themed SCXW159321857 BCX0\">huit<\/span> <span class=\"NormalTextRun SpellingErrorV2Themed SCXW159321857 BCX0\">exemplaires<\/span><span class=\"NormalTextRun SCXW159321857 BCX0\">.<\/span><\/span><span class=\"EOP SCXW159321857 BCX0\" data-ccp-props=\"{&quot;201341983&quot;:0,&quot;335559740&quot;:259}\">\u00a0<\/span><\/p>\n","protected":false},"excerpt":{"rendered":"<p>Pinto x Pilati<br \/>\n\u00c9dition limit\u00e9e de 8 pi\u00e8ces<br \/>\nFauteuil en bronze naturel<br \/>\nSculpt\u00e9 gr\u00e2ce \u00e0 la technique de la cire perdue<\/p>\n<p>L 108 x P 85 x H 80 cm<br \/>\nHauteur d&#8217;assise : 47 cm<\/p>\n<p>Fabriqu\u00e9 \u00e0 la main en France<br \/>\nD\u00e9lais de fabrication : 12 semaines<\/p>\n<p><span style=\"text-decoration: underline;\"><a href=\"https:\/\/www.theinvisiblecollection.com\/fr\/demande-de-devis\/?product_id=1546552\" target=\"_blank\" rel=\"noopener\">Contactez-nous pour toute demande de devis ou de renseignements<\/a><\/span><\/p>\n","protected":false},"featured_media":1546621,"template":"","meta":{"_acf_changed":false,"content-type":"","_themeisle_gutenberg_block_has_review":false},"product_brand":[],"product_cat":[8945,12499],"product_tag":[31476,31477,33319],"product_designer":[12292],"comfabric":[28998],"manufacturer":[37047],"reporting_designer":[37187],"samplecomfabric":[30938],"designer_clubroom":[],"class_list":{"0":"post-1546552","1":"product","2":"type-product","3":"status-publish","4":"has-post-thumbnail","6":"product_cat-fauteuils","7":"product_cat-assises","8":"product_tag-st-collectible-fr","9":"product_tag-st-curvy-fr","10":"product_tag-edition-limitee","11":"product_designer-pinto-fr","12":"comfabric-pinto-fr","13":"manufacturer-pinto-esi-louvres-fr","14":"reporting_designer-pinto","15":"samplecomfabric-pinto-fr","17":"first","18":"instock","19":"taxable","20":"shipping-taxable","21":"purchasable","22":"product-type-simple"},"acf":[],"_links":{"self":[{"href":"https:\/\/theinvisiblecollection.com\/fr\/wp-json\/wp\/v2\/product\/1546552","targetHints":{"allow":["GET"]}}],"collection":[{"href":"https:\/\/theinvisiblecollection.com\/fr\/wp-json\/wp\/v2\/product"}],"about":[{"href":"https:\/\/theinvisiblecollection.com\/fr\/wp-json\/wp\/v2\/types\/product"}],"wp:featuredmedia":[{"embeddable":true,"href":"https:\/\/theinvisiblecollection.com\/fr\/wp-json\/wp\/v2\/media\/1546621"}],"wp:attachment":[{"href":"https:\/\/theinvisiblecollection.com\/fr\/wp-json\/wp\/v2\/media?parent=1546552"}],"wp:term":[{"taxonomy":"product_brand","embeddable":true,"href":"https:\/\/theinvisiblecollection.com\/fr\/wp-json\/wp\/v2\/product_brand?post=1546552"},{"taxonomy":"product_cat","embeddable":true,"href":"https:\/\/theinvisiblecollection.com\/fr\/wp-json\/wp\/v2\/product_cat?post=1546552"},{"taxonomy":"product_tag","embeddable":true,"href":"https:\/\/theinvisiblecollection.com\/fr\/wp-json\/wp\/v2\/product_tag?post=1546552"},{"taxonomy":"product_designer","embeddable":true,"href":"https:\/\/theinvisiblecollection.com\/fr\/wp-json\/wp\/v2\/product_designer?post=1546552"},{"taxonomy":"comfabric","embeddable":true,"href":"https:\/\/theinvisiblecollection.com\/fr\/wp-json\/wp\/v2\/comfabric?post=1546552"},{"taxonomy":"manufacturer","embeddable":true,"href":"https:\/\/theinvisiblecollection.com\/fr\/wp-json\/wp\/v2\/manufacturer?post=1546552"},{"taxonomy":"reporting_designer","embeddable":true,"href":"https:\/\/theinvisiblecollection.com\/fr\/wp-json\/wp\/v2\/reporting_designer?post=1546552"},{"taxonomy":"samplecomfabric","embeddable":true,"href":"https:\/\/theinvisiblecollection.com\/fr\/wp-json\/wp\/v2\/samplecomfabric?post=1546552"},{"taxonomy":"clubroom_product_designer","embeddable":true,"href":"https:\/\/theinvisiblecollection.com\/fr\/wp-json\/wp\/v2\/designer_clubroom?post=1546552"}],"curies":[{"name":"wp","href":"https:\/\/api.w.org\/{rel}","templated":true}]}}