{"id":155306,"date":"2022-05-25T14:34:24","date_gmt":"2022-05-25T13:34:24","guid":{"rendered":"https:\/\/theinvisiblecollection.com\/?post_type=product&#038;p=155306"},"modified":"2026-05-01T07:38:44","modified_gmt":"2026-05-01T07:38:44","slug":"francesco-balzano-gueridon-antica-resine","status":"publish","type":"product","link":"https:\/\/theinvisiblecollection.com\/fr\/produit\/francesco-balzano-gueridon-antica-resine\/","title":{"rendered":"Gu\u00e9ridon Antica R\u00e9sine"},"content":{"rendered":"<p style=\"text-align: justify;\"><span class=\"TextRun SCXW161673465 BCX0\" lang=\"FR-FR\" xml:lang=\"FR-FR\" data-contrast=\"auto\"><span class=\"NormalTextRun SCXW161673465 BCX0\">Gu\u00e9ridon Antica R\u00e9sine de la collection <\/span><span class=\"NormalTextRun SpellingErrorV2Themed SCXW161673465 BCX0\">Antica<\/span><span class=\"NormalTextRun SCXW161673465 BCX0\">, par Francesco <\/span><span class=\"NormalTextRun SpellingErrorV2Themed SCXW161673465 BCX0\">Balzano<\/span><span class=\"NormalTextRun SCXW161673465 BCX0\">, rend <\/span><span class=\"NormalTextRun SCXW161673465 BCX0\">hommage<\/span><span class=\"NormalTextRun SCXW161673465 BCX0\"> \u00e0 la <\/span><span class=\"NormalTextRun SCXW161673465 BCX0\">grammaire<\/span><span class=\"NormalTextRun SCXW161673465 BCX0\"> antique des <\/span><span class=\"NormalTextRun SCXW161673465 BCX0\">colonnes<\/span> <span class=\"NormalTextRun SCXW161673465 BCX0\">romaines<\/span><span class=\"NormalTextRun SCXW161673465 BCX0\">.<\/span><\/span><span class=\"LineBreakBlob BlobObject DragDrop SCXW161673465 BCX0\"><span class=\"SCXW161673465 BCX0\">\u00a0<\/span><br class=\"SCXW161673465 BCX0\" \/><\/span><span class=\"TextRun SCXW161673465 BCX0\" lang=\"FR-FR\" xml:lang=\"FR-FR\" data-contrast=\"auto\"><span class=\"NormalTextRun SCXW161673465 BCX0\">Celles<\/span><span class=\"NormalTextRun SCXW161673465 BCX0\"> que <\/span><span class=\"NormalTextRun SCXW161673465 BCX0\">l\u2019on<\/span> <span class=\"NormalTextRun SCXW161673465 BCX0\">trouve<\/span><span class=\"NormalTextRun SCXW161673465 BCX0\"> au Panth\u00e9on <\/span><span class=\"NormalTextRun SCXW161673465 BCX0\">ou<\/span><span class=\"NormalTextRun SCXW161673465 BCX0\"> \u00e0 Saint-Pierre \u00e0 Rome, <\/span><span class=\"NormalTextRun SCXW161673465 BCX0\">embl\u00e8mes<\/span><span class=\"NormalTextRun SCXW161673465 BCX0\"> de <\/span><span class=\"NormalTextRun SCXW161673465 BCX0\">cette<\/span> <span class=\"NormalTextRun SCXW161673465 BCX0\">ville<\/span> <span class=\"NormalTextRun SCXW161673465 BCX0\">o\u00f9<\/span><span class=\"NormalTextRun SCXW161673465 BCX0\"> enfant, Francesco a pass\u00e9 <\/span><span class=\"NormalTextRun SCXW161673465 BCX0\">ses<\/span><span class=\"NormalTextRun SCXW161673465 BCX0\"> vacances.<\/span><\/span><span class=\"LineBreakBlob BlobObject DragDrop SCXW161673465 BCX0\"><span class=\"SCXW161673465 BCX0\">\u00a0<\/span><br class=\"SCXW161673465 BCX0\" \/><\/span><span class=\"TextRun SCXW161673465 BCX0\" lang=\"FR-FR\" xml:lang=\"FR-FR\" data-contrast=\"auto\"><span class=\"NormalTextRun SCXW161673465 BCX0\">Francesco <\/span><span class=\"NormalTextRun SpellingErrorV2Themed SCXW161673465 BCX0\">Balzano<\/span><span class=\"NormalTextRun SCXW161673465 BCX0\"> a <\/span><span class=\"NormalTextRun SCXW161673465 BCX0\">choisi<\/span><span class=\"NormalTextRun SCXW161673465 BCX0\"> le <\/span><span class=\"NormalTextRun SCXW161673465 BCX0\">bois<\/span> <span class=\"NormalTextRun SCXW161673465 BCX0\">en<\/span> <span class=\"NormalTextRun SCXW161673465 BCX0\">r\u00e9sine<\/span><span class=\"NormalTextRun SCXW161673465 BCX0\"> pour <\/span><span class=\"NormalTextRun SCXW161673465 BCX0\">cette<\/span><span class=\"NormalTextRun SCXW161673465 BCX0\"> collection de 5 <\/span><span class=\"NormalTextRun SCXW161673465 BCX0\">pi\u00e8ces<\/span><span class=\"NormalTextRun SCXW161673465 BCX0\"> \u2013 <\/span><span class=\"NormalTextRun SCXW161673465 BCX0\">dont<\/span> <span class=\"NormalTextRun SCXW161673465 BCX0\">une<\/span><span class=\"NormalTextRun SCXW161673465 BCX0\"> tr\u00e8s belle table et <\/span><span class=\"NormalTextRun SCXW161673465 BCX0\">une<\/span><span class=\"NormalTextRun SCXW161673465 BCX0\"> console \u2013 <\/span><span class=\"NormalTextRun SCXW161673465 BCX0\">disponible sur The Invisible Collection, <\/span><span class=\"NormalTextRun SCXW161673465 BCX0\">en<\/span> <span class=\"NormalTextRun SCXW161673465 BCX0\">hommage<\/span><span class=\"NormalTextRun SCXW161673465 BCX0\"> \u00e0 la sophistication de la Villa <\/span><span class=\"NormalTextRun SpellingErrorV2Themed SCXW161673465 BCX0\">Necchi<\/span><span class=\"NormalTextRun SCXW161673465 BCX0\"> \u00e0 Milan.<\/span><\/span><span class=\"EOP SCXW161673465 BCX0\" data-ccp-props=\"{&quot;201341983&quot;:0,&quot;335559740&quot;:259}\">\u00a0<\/span><\/p>\n","protected":false},"excerpt":{"rendered":"<p>Gu\u00e9ridon en r\u00e9sine sabl\u00e9e mate<br \/>\n\u00c9galement disponible en <span style=\"text-decoration: underline;\"><a href=\"https:\/\/theinvisiblecollection.com\/fr\/produit\/gueridon-antica-ii\/\" target=\"_blank\" rel=\"noopener\">eucalyptus satin\u00e9<\/a><\/span><br \/>\nDimensions et couleurs sur-mesure sur demande<\/p>\n<p>L 97.9 x l 45 x H 45 cm<\/p>\n<p>Fabriqu\u00e9 \u00e0 la main au Pays-Bas<\/p>\n<div>D\u00e9lais de fabrication : 10 \u2013 12 semaines<\/div>\n<div>\n<p><span style=\"text-decoration: underline;\"><a href=\"https:\/\/www.theinvisiblecollection.com\/fr\/contact-produit\/?product_id=155306\" target=\"_blank\" rel=\"noopener\">Contactez-nous pour toute demande de devis ou de renseignements<\/a><\/span><\/p>\n<\/div>\n","protected":false},"featured_media":155308,"template":"","meta":{"_acf_changed":false,"content-type":"","_themeisle_gutenberg_block_has_review":false},"product_brand":[],"product_cat":[12332,12503],"product_tag":[14925,31474,31477],"product_designer":[9965],"comfabric":[],"manufacturer":[16882],"reporting_designer":[37822],"samplecomfabric":[],"designer_clubroom":[],"class_list":{"0":"post-155306","1":"product","2":"type-product","3":"status-publish","4":"has-post-thumbnail","6":"product_cat-tables-dappoint","7":"product_cat-tables-fr","8":"product_tag-hpfav-fr","9":"product_tag-co-white-fr","10":"product_tag-st-curvy-fr","11":"product_designer-francesco-balzano-fr","12":"manufacturer-s-t-r-s-fr","13":"reporting_designer-francesco-balzano","15":"first","16":"instock","17":"taxable","18":"shipping-taxable","19":"purchasable","20":"product-type-simple"},"acf":[],"_links":{"self":[{"href":"https:\/\/theinvisiblecollection.com\/fr\/wp-json\/wp\/v2\/product\/155306","targetHints":{"allow":["GET"]}}],"collection":[{"href":"https:\/\/theinvisiblecollection.com\/fr\/wp-json\/wp\/v2\/product"}],"about":[{"href":"https:\/\/theinvisiblecollection.com\/fr\/wp-json\/wp\/v2\/types\/product"}],"wp:featuredmedia":[{"embeddable":true,"href":"https:\/\/theinvisiblecollection.com\/fr\/wp-json\/wp\/v2\/media\/155308"}],"wp:attachment":[{"href":"https:\/\/theinvisiblecollection.com\/fr\/wp-json\/wp\/v2\/media?parent=155306"}],"wp:term":[{"taxonomy":"product_brand","embeddable":true,"href":"https:\/\/theinvisiblecollection.com\/fr\/wp-json\/wp\/v2\/product_brand?post=155306"},{"taxonomy":"product_cat","embeddable":true,"href":"https:\/\/theinvisiblecollection.com\/fr\/wp-json\/wp\/v2\/product_cat?post=155306"},{"taxonomy":"product_tag","embeddable":true,"href":"https:\/\/theinvisiblecollection.com\/fr\/wp-json\/wp\/v2\/product_tag?post=155306"},{"taxonomy":"product_designer","embeddable":true,"href":"https:\/\/theinvisiblecollection.com\/fr\/wp-json\/wp\/v2\/product_designer?post=155306"},{"taxonomy":"comfabric","embeddable":true,"href":"https:\/\/theinvisiblecollection.com\/fr\/wp-json\/wp\/v2\/comfabric?post=155306"},{"taxonomy":"manufacturer","embeddable":true,"href":"https:\/\/theinvisiblecollection.com\/fr\/wp-json\/wp\/v2\/manufacturer?post=155306"},{"taxonomy":"reporting_designer","embeddable":true,"href":"https:\/\/theinvisiblecollection.com\/fr\/wp-json\/wp\/v2\/reporting_designer?post=155306"},{"taxonomy":"samplecomfabric","embeddable":true,"href":"https:\/\/theinvisiblecollection.com\/fr\/wp-json\/wp\/v2\/samplecomfabric?post=155306"},{"taxonomy":"clubroom_product_designer","embeddable":true,"href":"https:\/\/theinvisiblecollection.com\/fr\/wp-json\/wp\/v2\/designer_clubroom?post=155306"}],"curies":[{"name":"wp","href":"https:\/\/api.w.org\/{rel}","templated":true}]}}