{"id":156731,"date":"2022-08-03T15:54:27","date_gmt":"2022-08-03T14:54:27","guid":{"rendered":"https:\/\/theinvisiblecollection.com\/?post_type=product&#038;p=156731"},"modified":"2026-05-01T07:38:44","modified_gmt":"2026-05-01T07:38:44","slug":"aline-asmar-d-amman-lanterne-mulan-tree","status":"publish","type":"product","link":"https:\/\/theinvisiblecollection.com\/fr\/produit\/aline-asmar-d-amman-lanterne-mulan-tree\/","title":{"rendered":"Lanterne Smoking Mulan Tree"},"content":{"rendered":"<p class=\"p1\" style=\"text-align: justify;\"><span lang=\"FR\">Lanterne Smoking Mulan Tree <\/span>par Aline Asmar d\u2019Amman, fait partie de la collection de luminaires contemporains \u2018Smoking\u2019\u00a0une collection de luminaires contemporains d\u00e9clin\u00e9s dans un ab\u00e9c\u00e9daire de lignes tendues, griff\u00e9es, pliss\u00e9es, patin\u00e9es, empruntant certains attributs du tailleur l\u00e9gendaire pour les revisiter en textures architecturales, mises en lumi\u00e8re.<\/p>\n<p class=\"p1\" style=\"text-align: justify;\">L\u2019acier et le laiton bross\u00e9s, stri\u00e9s et par\u00e9s de noirs mats et profonds, surlign\u00e9s d\u2019or, coiff\u00e9s de soie blanche cartonn\u00e9e font r\u00e9f\u00e9rence \u00e0 une silhouette appr\u00eat\u00e9e et impeccable, inspir\u00e9e par les d\u00e9tails et par l\u2019allure du smoking.<\/p>\n<p class=\"p1\" style=\"text-align: justify;\">L\u2019alb\u00e2tre, l\u2019onyx rose, le marbre marquina et le bois z\u00e9brano font apparition sur les luminaires, pris entre le m\u00e9tal et les coiffes de tissu, comme des greffes de pierres pr\u00e9cieuses \u00e0 l\u2019\u00e9chelle de l\u2019objet.<\/p>\n<p class=\"p1\" style=\"text-align: justify;\">Avec son dessin \u00e9lanc\u00e9 et arrondi, les textures sur-mesure aux proportions soign\u00e9es, l\u2019insert en clip des pierres finement cisel\u00e9es et adoucies, la grande famille de luminaires \u2018Smoking\u2019 se joue des codes de la couture et parent l\u2019espace d\u2019une pr\u00e9sence radicale et inspir\u00e9e, proche du bijou d\u2019espace.<\/p>\n<p>Cr\u00e9dit photos : Joanne Pai<\/p>\n","protected":false},"excerpt":{"rendered":"<p>Lanterne d&#8217;ext\u00e9rieur\/int\u00e9rieur en bois de teck, avec 3 lumi\u00e8res suspendues en laiton satin\u00e9 thermolaqu\u00e9 noir et or<br \/>\nAbat-jour en verre opalescent blanc inclus<br \/>\nConvient pour une utilisation europ\u00e9enne<\/p>\n<p>L 55 x l 60 x H 205.3 cm<\/p>\n<p>Fabriqu\u00e9e \u00e0 la main en France<br \/>\nD\u00e9lais de fabrication : 8 \u2013 12 semaines<\/p>\n<p class=\"p1\"><span style=\"text-decoration: underline;\"><span class=\"s1\"><a href=\"https:\/\/www.theinvisiblecollection.com\/fr\/demande-de-devis\/?product_id=156731\" target=\"_blank\" rel=\"noopener\">Contactez-nous pour toute demande de devis ou de renseignements<\/a><\/span><\/span><\/p>\n","protected":false},"featured_media":156739,"template":"","meta":{"_acf_changed":false,"content-type":"","_themeisle_gutenberg_block_has_review":false},"product_brand":[],"product_cat":[8966,10549,12507],"product_tag":[7435,10140],"product_designer":[18388],"comfabric":[],"manufacturer":[18386],"reporting_designer":[37634],"samplecomfabric":[],"designer_clubroom":[],"class_list":{"0":"post-156731","1":"product","2":"type-product","3":"status-publish","4":"has-post-thumbnail","6":"product_cat-lampes-sur-pied","7":"product_cat-mobilier-dexterieur","8":"product_cat-luminaires","9":"product_tag-new-in-fr","10":"product_tag-mobilier-exterieur-fr","11":"product_designer-aline-asmar-damman-fr","12":"manufacturer-maison-lucien-gau-fr","13":"reporting_designer-aline-asmar-damman","15":"first","16":"instock","17":"taxable","18":"shipping-taxable","19":"purchasable","20":"product-type-simple"},"acf":[],"_links":{"self":[{"href":"https:\/\/theinvisiblecollection.com\/fr\/wp-json\/wp\/v2\/product\/156731","targetHints":{"allow":["GET"]}}],"collection":[{"href":"https:\/\/theinvisiblecollection.com\/fr\/wp-json\/wp\/v2\/product"}],"about":[{"href":"https:\/\/theinvisiblecollection.com\/fr\/wp-json\/wp\/v2\/types\/product"}],"wp:featuredmedia":[{"embeddable":true,"href":"https:\/\/theinvisiblecollection.com\/fr\/wp-json\/wp\/v2\/media\/156739"}],"wp:attachment":[{"href":"https:\/\/theinvisiblecollection.com\/fr\/wp-json\/wp\/v2\/media?parent=156731"}],"wp:term":[{"taxonomy":"product_brand","embeddable":true,"href":"https:\/\/theinvisiblecollection.com\/fr\/wp-json\/wp\/v2\/product_brand?post=156731"},{"taxonomy":"product_cat","embeddable":true,"href":"https:\/\/theinvisiblecollection.com\/fr\/wp-json\/wp\/v2\/product_cat?post=156731"},{"taxonomy":"product_tag","embeddable":true,"href":"https:\/\/theinvisiblecollection.com\/fr\/wp-json\/wp\/v2\/product_tag?post=156731"},{"taxonomy":"product_designer","embeddable":true,"href":"https:\/\/theinvisiblecollection.com\/fr\/wp-json\/wp\/v2\/product_designer?post=156731"},{"taxonomy":"comfabric","embeddable":true,"href":"https:\/\/theinvisiblecollection.com\/fr\/wp-json\/wp\/v2\/comfabric?post=156731"},{"taxonomy":"manufacturer","embeddable":true,"href":"https:\/\/theinvisiblecollection.com\/fr\/wp-json\/wp\/v2\/manufacturer?post=156731"},{"taxonomy":"reporting_designer","embeddable":true,"href":"https:\/\/theinvisiblecollection.com\/fr\/wp-json\/wp\/v2\/reporting_designer?post=156731"},{"taxonomy":"samplecomfabric","embeddable":true,"href":"https:\/\/theinvisiblecollection.com\/fr\/wp-json\/wp\/v2\/samplecomfabric?post=156731"},{"taxonomy":"clubroom_product_designer","embeddable":true,"href":"https:\/\/theinvisiblecollection.com\/fr\/wp-json\/wp\/v2\/designer_clubroom?post=156731"}],"curies":[{"name":"wp","href":"https:\/\/api.w.org\/{rel}","templated":true}]}}