{"id":157007,"date":"2022-09-06T15:03:03","date_gmt":"2022-09-06T14:03:03","guid":{"rendered":"https:\/\/theinvisiblecollection.com\/?post_type=product&#038;p=157007"},"modified":"2026-05-01T07:38:44","modified_gmt":"2026-05-01T07:38:44","slug":"aline-asmar-d-amman-canape-georgia","status":"publish","type":"product","link":"https:\/\/theinvisiblecollection.com\/fr\/produit\/aline-asmar-d-amman-canape-georgia\/","title":{"rendered":"Canap\u00e9 Georgia"},"content":{"rendered":"<p style=\"text-align: justify;\"><span lang=\"FR\">Canap<\/span><span lang=\"FR\">\u00e9<\/span><span lang=\"FR\"> Georgia par Aline Asmar d\u2019Amman est un h<\/span>ommage \u00e0 la f\u00e9minit\u00e9 hautement sensuelle et aux courbes \u00e9vocatrices des peintures abstraites de la peintre am\u00e9ricaine Georgia O\u2019Keeffe, le salon de conversation Georgia compos\u00e9 de fauteuils \u00e0 deux, trois ou multiples p\u00e9tales tress\u00e9s, invite \u00e0 une appropriation lascive de l\u2019espace en invoquant un esprit \u2018Hollywood glamour\u2019 contemporain.<\/p>\n<p style=\"text-align: justify;\">A l\u2019allure g\u00e9n\u00e9reusement voluptueuse des divans et des fauteuils ronds, s\u2019associe une construction structurelle rigoureusement calcul\u00e9e pour un confort sensoriel au moelleux ferme, gonfl\u00e9, enveloppant, presque gourmand.<\/p>\n<p style=\"text-align: justify;\">Les p\u00e9tales tout en ellipses minutieusement imbriqu\u00e9es permettent la r\u00e9alisation d\u2019un dessin sans compromis et conf\u00e8rent \u00e0 l\u2019ensemble une d\u00e9licatesse ouat\u00e9e rigoureuse, une promesse de langueur et de confort, une invitation \u00e0 la lecture dans un cocon, ou un salon de conversation \u00e0 deux, en face \u00e0 face, la rondeur comme allure et gravit\u00e9 centrale.<\/p>\n<p style=\"text-align: justify;\">Jouant sur la possibilit\u00e9 de sc\u00e9narios multiples avec les bases rotatives des assises, les compositions sont tour \u00e0 tour d\u00e9li\u00e9es ou rassembl\u00e9es par une ligne de tresse et de torsade infinie. Un air de man\u00e8ge ludique s\u2019empare des divans et des assises en mouvement.<\/p>\n<p style=\"text-align: justify;\">Le salon de conversation Georgia est fabriqu\u00e9 par la Maison Charles Jouffre en France, avec le plus haut degr\u00e9 d\u2019artisanat et d\u2019attention port\u00e9e aux d\u00e9tails de la tapisserie fran\u00e7aise.<\/p>\n<p style=\"text-align: justify;\">Les formes complexes des g\u00e9om\u00e9tries rondes et elliptiques tridimensionnelles sont port\u00e9es par une carcasse en strates sur-mesure, accueillant diff\u00e9rentes densit\u00e9s de mousses et fusionnant avec le tissu en mohair extra doux. Un jeu de confort sensoriel annonc\u00e9 par un \u00e9moi visuel.<\/p>\n<p class=\"p1\" style=\"text-align: justify;\">Cr\u00e9dit photos : Jean-Pierre Vaillancourt- Stephan Julliard<\/p>\n","protected":false},"excerpt":{"rendered":"<p>Canap\u00e9 pivotant photographi\u00e9 ici en rose 100 % velours Mohair<br \/>\nDisponible \u00e9galement en quatre couleurs : rose clair, gris clair, sable ou beige clair<br \/>\n<span style=\"text-decoration: underline;\"><a href=\"https:\/\/theinvisiblecollection.com\/wp-content\/uploads\/2022\/09\/TheInvisibleCollection_Aline_Asmar_D_Ammar_Georgia_Fabric_selection5.pdf\" target=\"_blank\" rel=\"noopener\">D\u00e9couvrez la s\u00e9lection de tissus 100% Velours Mohair ici<\/a><\/span><\/p>\n<p>L 143 x l 151 x H 77 cm<br \/>\nHauteur d\u2019assise : 42 cm<\/p>\n<p>Fabriqu\u00e9 \u00e0 la main en France<br \/>\nD\u00e9lais de fabrication : 26 &#8211; 30 semaines<\/p>\n<p class=\"p1\"><span style=\"text-decoration: underline;\"><span class=\"s1\"><a href=\"https:\/\/www.theinvisiblecollection.com\/fr\/demande-de-devis\/?product_id=157007\" target=\"_blank\" rel=\"noopener\">Contactez-nous pour toute demande de devis ou de renseignements<\/a><\/span><\/span><\/p><\/p>\n","protected":false},"featured_media":156970,"template":"","meta":{"_acf_changed":false,"content-type":"","_themeisle_gutenberg_block_has_review":false},"product_brand":[],"product_cat":[8976,12499],"product_tag":[7435,31476,31477],"product_designer":[18388],"comfabric":[],"manufacturer":[16822],"reporting_designer":[37634],"samplecomfabric":[],"designer_clubroom":[],"class_list":{"0":"post-157007","1":"product","2":"type-product","3":"status-publish","4":"has-post-thumbnail","6":"product_cat-canapes","7":"product_cat-assises","8":"product_tag-new-in-fr","9":"product_tag-st-collectible-fr","10":"product_tag-st-curvy-fr","11":"product_designer-aline-asmar-damman-fr","12":"manufacturer-atelier-jouffre-lyon-fr","13":"reporting_designer-aline-asmar-damman","15":"first","16":"instock","17":"taxable","18":"shipping-taxable","19":"purchasable","20":"product-type-variable"},"acf":[],"_links":{"self":[{"href":"https:\/\/theinvisiblecollection.com\/fr\/wp-json\/wp\/v2\/product\/157007","targetHints":{"allow":["GET"]}}],"collection":[{"href":"https:\/\/theinvisiblecollection.com\/fr\/wp-json\/wp\/v2\/product"}],"about":[{"href":"https:\/\/theinvisiblecollection.com\/fr\/wp-json\/wp\/v2\/types\/product"}],"wp:featuredmedia":[{"embeddable":true,"href":"https:\/\/theinvisiblecollection.com\/fr\/wp-json\/wp\/v2\/media\/156970"}],"wp:attachment":[{"href":"https:\/\/theinvisiblecollection.com\/fr\/wp-json\/wp\/v2\/media?parent=157007"}],"wp:term":[{"taxonomy":"product_brand","embeddable":true,"href":"https:\/\/theinvisiblecollection.com\/fr\/wp-json\/wp\/v2\/product_brand?post=157007"},{"taxonomy":"product_cat","embeddable":true,"href":"https:\/\/theinvisiblecollection.com\/fr\/wp-json\/wp\/v2\/product_cat?post=157007"},{"taxonomy":"product_tag","embeddable":true,"href":"https:\/\/theinvisiblecollection.com\/fr\/wp-json\/wp\/v2\/product_tag?post=157007"},{"taxonomy":"product_designer","embeddable":true,"href":"https:\/\/theinvisiblecollection.com\/fr\/wp-json\/wp\/v2\/product_designer?post=157007"},{"taxonomy":"comfabric","embeddable":true,"href":"https:\/\/theinvisiblecollection.com\/fr\/wp-json\/wp\/v2\/comfabric?post=157007"},{"taxonomy":"manufacturer","embeddable":true,"href":"https:\/\/theinvisiblecollection.com\/fr\/wp-json\/wp\/v2\/manufacturer?post=157007"},{"taxonomy":"reporting_designer","embeddable":true,"href":"https:\/\/theinvisiblecollection.com\/fr\/wp-json\/wp\/v2\/reporting_designer?post=157007"},{"taxonomy":"samplecomfabric","embeddable":true,"href":"https:\/\/theinvisiblecollection.com\/fr\/wp-json\/wp\/v2\/samplecomfabric?post=157007"},{"taxonomy":"clubroom_product_designer","embeddable":true,"href":"https:\/\/theinvisiblecollection.com\/fr\/wp-json\/wp\/v2\/designer_clubroom?post=157007"}],"curies":[{"name":"wp","href":"https:\/\/api.w.org\/{rel}","templated":true}]}}